{"id":173,"date":"2020-09-09T10:28:26","date_gmt":"2020-09-09T08:28:26","guid":{"rendered":"https:\/\/kfp.pl\/o-firmie\/?page_id=173"},"modified":"2021-03-08T09:15:50","modified_gmt":"2021-03-08T08:15:50","slug":"pawel-marcinko","status":"publish","type":"page","link":"https:\/\/kfp.pl\/o-firmie\/pawel-marcinko\/","title":{"rendered":"Pawe\u0142 Marcinko"},"content":{"rendered":"\t\t<div data-elementor-type=\"wp-page\" data-elementor-id=\"173\" class=\"elementor elementor-173\" data-elementor-settings=\"[]\">\n\t\t\t\t\t\t\t<div class=\"elementor-section-wrap\">\n\t\t\t\t\t\t\t<section class=\"elementor-section elementor-top-section elementor-element elementor-element-40dfc04 elementor-section-boxed elementor-section-height-default elementor-section-height-default\" data-id=\"40dfc04\" data-element_type=\"section\">\n\t\t\t\t\t\t<div class=\"elementor-container elementor-column-gap-default\">\n\t\t\t\t\t<div class=\"elementor-column elementor-col-100 elementor-top-column elementor-element elementor-element-968b34d\" data-id=\"968b34d\" data-element_type=\"column\">\n\t\t\t<div class=\"elementor-widget-wrap elementor-element-populated\">\n\t\t\t\t\t\t\t\t<div class=\"elementor-element elementor-element-429aa52 elementor-widget elementor-widget-heading\" data-id=\"429aa52\" data-element_type=\"widget\" data-widget_type=\"heading.default\">\n\t\t\t\t<div class=\"elementor-widget-container\">\n\t\t\t<h2 class=\"elementor-heading-title elementor-size-default\">Pawe\u0142 Marcinko<\/h2>\t\t<\/div>\n\t\t\t\t<\/div>\n\t\t\t\t<div class=\"elementor-element elementor-element-37a489c elementor-widget-divider--view-line_text elementor-widget-divider--element-align-center elementor-widget elementor-widget-divider\" data-id=\"37a489c\" data-element_type=\"widget\" data-widget_type=\"divider.default\">\n\t\t\t\t<div class=\"elementor-widget-container\">\n\t\t\t\t\t<div class=\"elementor-divider\">\n\t\t\t<span class=\"elementor-divider-separator\">\n\t\t\t\t\t\t\t<span class=\"elementor-divider__text elementor-divider__element\">Fotoedytor, fotoreporter<\/span>\n\t\t\t\t\t\t<\/span>\n\t\t<\/div>\n\t\t\t\t<\/div>\n\t\t\t\t<\/div>\n\t\t\t\t\t<\/div>\n\t\t<\/div>\n\t\t\t\t\t\t\t<\/div>\n\t\t<\/section>\n\t\t\t\t<section class=\"elementor-section elementor-top-section elementor-element elementor-element-183e50d elementor-section-boxed elementor-section-height-default elementor-section-height-default\" data-id=\"183e50d\" data-element_type=\"section\">\n\t\t\t\t\t\t<div class=\"elementor-container elementor-column-gap-default\">\n\t\t\t\t\t<div class=\"elementor-column elementor-col-33 elementor-top-column elementor-element elementor-element-cac945c\" data-id=\"cac945c\" data-element_type=\"column\">\n\t\t\t<div class=\"elementor-widget-wrap elementor-element-populated\">\n\t\t\t\t\t\t\t\t<div class=\"elementor-element elementor-element-7bc69e0 elementor-widget elementor-widget-image\" data-id=\"7bc69e0\" data-element_type=\"widget\" data-widget_type=\"image.default\">\n\t\t\t\t<div class=\"elementor-widget-container\">\n\t\t\t\t\t\t\t\t\t\t\t\t\t\t\t<img width=\"1000\" height=\"1000\" src=\"https:\/\/kfp.pl\/o-firmie\/wp-content\/uploads\/2021\/02\/pawel-marcinko-KFP-1.jpg\" class=\"attachment-large size-large\" alt=\"\" loading=\"lazy\" srcset=\"https:\/\/kfp.pl\/o-firmie\/wp-content\/uploads\/2021\/02\/pawel-marcinko-KFP-1.jpg 1000w, https:\/\/kfp.pl\/o-firmie\/wp-content\/uploads\/2021\/02\/pawel-marcinko-KFP-1-300x300.jpg 300w, https:\/\/kfp.pl\/o-firmie\/wp-content\/uploads\/2021\/02\/pawel-marcinko-KFP-1-150x150.jpg 150w, https:\/\/kfp.pl\/o-firmie\/wp-content\/uploads\/2021\/02\/pawel-marcinko-KFP-1-768x768.jpg 768w, https:\/\/kfp.pl\/o-firmie\/wp-content\/uploads\/2021\/02\/pawel-marcinko-KFP-1-600x600.jpg 600w, https:\/\/kfp.pl\/o-firmie\/wp-content\/uploads\/2021\/02\/pawel-marcinko-KFP-1-100x100.jpg 100w\" sizes=\"(max-width: 1000px) 100vw, 1000px\" \/>\t\t\t\t\t\t\t\t\t\t\t\t\t\t\t<\/div>\n\t\t\t\t<\/div>\n\t\t\t\t\t<\/div>\n\t\t<\/div>\n\t\t\t\t<div class=\"elementor-column elementor-col-66 elementor-top-column elementor-element elementor-element-4aaccf3\" data-id=\"4aaccf3\" data-element_type=\"column\">\n\t\t\t<div class=\"elementor-widget-wrap elementor-element-populated\">\n\t\t\t\t\t\t\t\t<div class=\"elementor-element elementor-element-6f58ddd elementor-widget elementor-widget-text-editor\" data-id=\"6f58ddd\" data-element_type=\"widget\" data-widget_type=\"text-editor.default\">\n\t\t\t\t<div class=\"elementor-widget-container\">\n\t\t\t\t\t\t\t\t<div>Szary odcie\u0144 w\u0142os\u00f3w to zmy\u0142ka. Pawe\u0142 jest jednym z najm\u0142odszych i najbardziej wydajnych ogniw w zespole KFP. Kreatywny, zawsze u\u015bmiechni\u0119ty i gotowy do pomocy.&nbsp;Potrafi poradzi\u0107 sobie w ka\u017cdej sytuacji kryzysowej, zachowuj\u0105c spok\u00f3j ducha.&nbsp;<span style=\"font-size: 15px; color: var( --e-global-color-text ); font-family: var( --e-global-typography-text-font-family );\">Absolwent&nbsp;Wydzia\u0142u Historycznego&nbsp;Uniwersytetu Gda\u0144skiego. Zawodowo z fotografi\u0105 zwi\u0105zany od samego pocz\u0105tku. Zaczyna\u0142 jako archiwista,&nbsp;sprawuj\u0105c opiek\u0119 nad&nbsp;zasobami fotograficznymi w&nbsp;\u201eDzienniku Ba\u0142tyckim\u201d.&nbsp;Jako fotoedytor najwi\u0119kszej gazety codziennej na Pomorzu&nbsp;przygotowywa\u0142 i wybiera\u0142 zdj\u0119cia do druku. Od 2005 roku zwi\u0105zany z agencj\u0105 Kosycarz Foto Press. Teoretycznie&nbsp;nadal&nbsp;jest fotoedytorem,&nbsp;a w praktyce&nbsp;cz\u0142owiekiem od wszystkiego. Zajmuje si\u0119 zdj\u0119ciami\u2026 i\u2026&nbsp;a tak\u017ce\u2026&nbsp;Ta strona r\u00f3wnie\u017c jest jego dzie\u0142em.&nbsp;Fan \u201eGwiezdnych Wojen\u201d,&nbsp;fotografii&nbsp;i sportu, ale nie tego&nbsp;z komputerowych i telewizyjnych ekran\u00f3w.&nbsp;Biega z psem,&nbsp;biega z tysi\u0105cami mi\u0142o\u015bnik\u00f3w najwi\u0119kszy masowych imprez na Pomorzu,&nbsp;do pracy&nbsp;przez&nbsp;ca\u0142y rok doje\u017cd\u017ca rowerem. W swoim czasie jeden z czo\u0142owych zawodnik\u00f3w dogtrekkingu w Polsce P\u00f3\u0142nocnej.<\/span><\/div>\t\t\t\t\t\t<\/div>\n\t\t\t\t<\/div>\n\t\t\t\t\t<\/div>\n\t\t<\/div>\n\t\t\t\t\t\t\t<\/div>\n\t\t<\/section>\n\t\t\t\t<section class=\"elementor-section elementor-top-section elementor-element elementor-element-e336003 elementor-section-boxed elementor-section-height-default elementor-section-height-default\" data-id=\"e336003\" data-element_type=\"section\">\n\t\t\t\t\t\t<div class=\"elementor-container elementor-column-gap-default\">\n\t\t\t\t\t<div class=\"elementor-column elementor-col-100 elementor-top-column elementor-element elementor-element-68b6e8f\" data-id=\"68b6e8f\" data-element_type=\"column\">\n\t\t\t<div class=\"elementor-widget-wrap elementor-element-populated\">\n\t\t\t\t\t\t\t\t<div class=\"elementor-element elementor-element-18de357 elementor-widget-divider--view-line elementor-widget elementor-widget-divider\" data-id=\"18de357\" data-element_type=\"widget\" data-widget_type=\"divider.default\">\n\t\t\t\t<div class=\"elementor-widget-container\">\n\t\t\t\t\t<div class=\"elementor-divider\">\n\t\t\t<span class=\"elementor-divider-separator\">\n\t\t\t\t\t\t<\/span>\n\t\t<\/div>\n\t\t\t\t<\/div>\n\t\t\t\t<\/div>\n\t\t\t\t\t<\/div>\n\t\t<\/div>\n\t\t\t\t\t\t\t<\/div>\n\t\t<\/section>\n\t\t\t\t<section class=\"elementor-section elementor-top-section elementor-element elementor-element-a1daeec elementor-section-boxed elementor-section-height-default elementor-section-height-default\" data-id=\"a1daeec\" data-element_type=\"section\">\n\t\t\t\t\t\t<div class=\"elementor-container elementor-column-gap-default\">\n\t\t\t\t\t<div class=\"elementor-column elementor-col-100 elementor-top-column elementor-element elementor-element-8461c75\" data-id=\"8461c75\" data-element_type=\"column\">\n\t\t\t<div class=\"elementor-widget-wrap elementor-element-populated\">\n\t\t\t\t\t\t\t\t<div class=\"elementor-element elementor-element-c2c1f9c elementor-widget elementor-widget-heading\" data-id=\"c2c1f9c\" data-element_type=\"widget\" data-widget_type=\"heading.default\">\n\t\t\t\t<div class=\"elementor-widget-container\">\n\t\t\t<h2 class=\"elementor-heading-title elementor-size-default\">Nasz zesp\u00f3\u0142<\/h2>\t\t<\/div>\n\t\t\t\t<\/div>\n\t\t\t\t\t<\/div>\n\t\t<\/div>\n\t\t\t\t\t\t\t<\/div>\n\t\t<\/section>\n\t\t\t\t<section class=\"elementor-section elementor-top-section elementor-element elementor-element-252ccd52 elementor-section-boxed elementor-section-height-default elementor-section-height-default\" data-id=\"252ccd52\" data-element_type=\"section\">\n\t\t\t\t\t\t<div class=\"elementor-container elementor-column-gap-default\">\n\t\t\t\t\t<div class=\"elementor-column elementor-col-25 elementor-top-column elementor-element elementor-element-63166a8c\" data-id=\"63166a8c\" data-element_type=\"column\">\n\t\t\t<div class=\"elementor-widget-wrap elementor-element-populated\">\n\t\t\t\t\t\t\t\t<div class=\"elementor-element elementor-element-e095d2c elementor-author-box--layout-image-above elementor-author-box--align-center elementor-widget elementor-widget-global elementor-global-1197 elementor-widget-author-box\" data-id=\"e095d2c\" data-element_type=\"widget\" data-widget_type=\"author-box.default\">\n\t\t\t\t<div class=\"elementor-widget-container\">\n\t\t\t\t\t<div class=\"elementor-author-box\">\n\t\t\t\t\t\t\t<a href=\"https:\/\/kfp.pl\/o-firmie\/hanna-kosycarz\/\" class=\"elementor-author-box__avatar\">\n\t\t\t\t\t<img src=\"https:\/\/kfp.pl\/o-firmie\/wp-content\/uploads\/2021\/03\/Hanna-Kosycarz-KFP-300x300.jpg\" alt=\"Hanna Kosycarz\">\n\t\t\t\t<\/a>\n\t\t\t\n\t\t\t<div class=\"elementor-author-box__text\">\n\t\t\t\t\t\t\t\t\t<a href=\"https:\/\/kfp.pl\/o-firmie\/hanna-kosycarz\/\">\n\t\t\t\t\t\t<h4 class=\"elementor-author-box__name\">Hanna Kosycarz<\/h4>\t\t\t\t\t<\/a>\n\t\t\t\t\n\t\t\t\t\t\t\t\t\t<div class=\"elementor-author-box__bio\">\n\t\t\t\t\t\t<p>redaktor i w\u0142a\u015bcicielka agencji<\/p>\n\t\t\t\t\t<\/div>\n\t\t\t\t\n\t\t\t\t\t\t\t<\/div>\n\t\t<\/div>\n\t\t\t\t<\/div>\n\t\t\t\t<\/div>\n\t\t\t\t<div class=\"elementor-element elementor-element-309e94c0 elementor-author-box--layout-image-above elementor-author-box--align-center elementor-widget elementor-widget-global elementor-global-1218 elementor-widget-author-box\" data-id=\"309e94c0\" data-element_type=\"widget\" data-widget_type=\"author-box.default\">\n\t\t\t\t<div class=\"elementor-widget-container\">\n\t\t\t\t\t<div class=\"elementor-author-box\">\n\t\t\t\t\t\t\t<a href=\"https:\/\/kfp.pl\/o-firmie\/mateusz-ochocki\/\" class=\"elementor-author-box__avatar\">\n\t\t\t\t\t<img src=\"https:\/\/kfp.pl\/o-firmie\/wp-content\/uploads\/2021\/02\/mateusz-ochocki-KFP-1-300x300.jpg\" alt=\"Mateusz Ochocki\">\n\t\t\t\t<\/a>\n\t\t\t\n\t\t\t<div class=\"elementor-author-box__text\">\n\t\t\t\t\t\t\t\t\t<a href=\"https:\/\/kfp.pl\/o-firmie\/mateusz-ochocki\/\">\n\t\t\t\t\t\t<h4 class=\"elementor-author-box__name\">Mateusz Ochocki<\/h4>\t\t\t\t\t<\/a>\n\t\t\t\t\n\t\t\t\t\t\t\t\t\t<div class=\"elementor-author-box__bio\">\n\t\t\t\t\t\t<p>fotoreporter<\/p>\n\t\t\t\t\t<\/div>\n\t\t\t\t\n\t\t\t\t\t\t\t<\/div>\n\t\t<\/div>\n\t\t\t\t<\/div>\n\t\t\t\t<\/div>\n\t\t\t\t\t<\/div>\n\t\t<\/div>\n\t\t\t\t<div class=\"elementor-column elementor-col-25 elementor-top-column elementor-element elementor-element-163d707d\" data-id=\"163d707d\" data-element_type=\"column\">\n\t\t\t<div class=\"elementor-widget-wrap elementor-element-populated\">\n\t\t\t\t\t\t\t\t<div class=\"elementor-element elementor-element-7109b651 elementor-author-box--layout-image-above elementor-author-box--align-center elementor-widget elementor-widget-global elementor-global-1200 elementor-widget-author-box\" data-id=\"7109b651\" data-element_type=\"widget\" data-widget_type=\"author-box.default\">\n\t\t\t\t<div class=\"elementor-widget-container\">\n\t\t\t\t\t<div class=\"elementor-author-box\">\n\t\t\t\t\t\t\t<a href=\"https:\/\/kfp.pl\/o-firmie\/krzysztof-mystkowski\/\" class=\"elementor-author-box__avatar\">\n\t\t\t\t\t<img src=\"https:\/\/kfp.pl\/o-firmie\/wp-content\/uploads\/2021\/02\/Krzysztof-Mystkowski-KFP-1-300x300.jpg\" alt=\"Krzysztof Mystkowski\">\n\t\t\t\t<\/a>\n\t\t\t\n\t\t\t<div class=\"elementor-author-box__text\">\n\t\t\t\t\t\t\t\t\t<a href=\"https:\/\/kfp.pl\/o-firmie\/krzysztof-mystkowski\/\">\n\t\t\t\t\t\t<h4 class=\"elementor-author-box__name\">Krzysztof Mystkowski<\/h4>\t\t\t\t\t<\/a>\n\t\t\t\t\n\t\t\t\t\t\t\t\t\t<div class=\"elementor-author-box__bio\">\n\t\t\t\t\t\t<p>fotoreporter<\/p>\n\t\t\t\t\t<\/div>\n\t\t\t\t\n\t\t\t\t\t\t\t<\/div>\n\t\t<\/div>\n\t\t\t\t<\/div>\n\t\t\t\t<\/div>\n\t\t\t\t<div class=\"elementor-element elementor-element-d01378c elementor-author-box--layout-image-above elementor-author-box--align-center elementor-widget elementor-widget-global elementor-global-1215 elementor-widget-author-box\" data-id=\"d01378c\" data-element_type=\"widget\" data-widget_type=\"author-box.default\">\n\t\t\t\t<div class=\"elementor-widget-container\">\n\t\t\t\t\t<div class=\"elementor-author-box\">\n\t\t\t\t\t\t\t<a href=\"https:\/\/kfp.pl\/o-firmie\/dariusz-lazarski\/\" class=\"elementor-author-box__avatar\">\n\t\t\t\t\t<img src=\"https:\/\/kfp.pl\/o-firmie\/wp-content\/uploads\/2021\/03\/darek-lazarski-kfp-3-300x300.jpg\" alt=\"Dariusz \u0141azarski\">\n\t\t\t\t<\/a>\n\t\t\t\n\t\t\t<div class=\"elementor-author-box__text\">\n\t\t\t\t\t\t\t\t\t<a href=\"https:\/\/kfp.pl\/o-firmie\/dariusz-lazarski\/\">\n\t\t\t\t\t\t<h4 class=\"elementor-author-box__name\">Dariusz \u0141azarski<\/h4>\t\t\t\t\t<\/a>\n\t\t\t\t\n\t\t\t\t\t\t\t\t\t<div class=\"elementor-author-box__bio\">\n\t\t\t\t\t\t<p>redaktor<\/p>\n\t\t\t\t\t<\/div>\n\t\t\t\t\n\t\t\t\t\t\t\t<\/div>\n\t\t<\/div>\n\t\t\t\t<\/div>\n\t\t\t\t<\/div>\n\t\t\t\t\t<\/div>\n\t\t<\/div>\n\t\t\t\t<div class=\"elementor-column elementor-col-25 elementor-top-column elementor-element elementor-element-7677c638\" data-id=\"7677c638\" data-element_type=\"column\">\n\t\t\t<div class=\"elementor-widget-wrap elementor-element-populated\">\n\t\t\t\t\t\t\t\t<div class=\"elementor-element elementor-element-3737985a elementor-author-box--layout-image-above elementor-author-box--align-center elementor-widget elementor-widget-global elementor-global-1203 elementor-widget-author-box\" data-id=\"3737985a\" data-element_type=\"widget\" data-widget_type=\"author-box.default\">\n\t\t\t\t<div class=\"elementor-widget-container\">\n\t\t\t\t\t<div class=\"elementor-author-box\">\n\t\t\t\t\t\t\t<a href=\"https:\/\/kfp.pl\/o-firmie\/anna-rezulak\/\" class=\"elementor-author-box__avatar\">\n\t\t\t\t\t<img src=\"https:\/\/kfp.pl\/o-firmie\/wp-content\/uploads\/2021\/03\/Anna-Rezulak-KPF-2-300x300.jpg\" alt=\"Anna Rezulak\">\n\t\t\t\t<\/a>\n\t\t\t\n\t\t\t<div class=\"elementor-author-box__text\">\n\t\t\t\t\t\t\t\t\t<a href=\"https:\/\/kfp.pl\/o-firmie\/anna-rezulak\/\">\n\t\t\t\t\t\t<h4 class=\"elementor-author-box__name\">Anna Rezulak<\/h4>\t\t\t\t\t<\/a>\n\t\t\t\t\n\t\t\t\t\t\t\t\t\t<div class=\"elementor-author-box__bio\">\n\t\t\t\t\t\t<p>fotoreporterka<\/p>\n\t\t\t\t\t<\/div>\n\t\t\t\t\n\t\t\t\t\t\t\t<\/div>\n\t\t<\/div>\n\t\t\t\t<\/div>\n\t\t\t\t<\/div>\n\t\t\t\t<div class=\"elementor-element elementor-element-4fe0fd54 elementor-author-box--layout-image-above elementor-author-box--align-center elementor-widget elementor-widget-global elementor-global-1212 elementor-widget-author-box\" data-id=\"4fe0fd54\" data-element_type=\"widget\" data-widget_type=\"author-box.default\">\n\t\t\t\t<div class=\"elementor-widget-container\">\n\t\t\t\t\t<div class=\"elementor-author-box\">\n\t\t\t\t\t\t\t<a href=\"https:\/\/kfp.pl\/o-firmie\/daniel-sloboda\/\" class=\"elementor-author-box__avatar\">\n\t\t\t\t\t<img src=\"https:\/\/kfp.pl\/o-firmie\/wp-content\/uploads\/2021\/02\/Daniel-Sloboda-KFP-1-300x300.jpg\" alt=\"Daniel S\u0142oboda\">\n\t\t\t\t<\/a>\n\t\t\t\n\t\t\t<div class=\"elementor-author-box__text\">\n\t\t\t\t\t\t\t\t\t<a href=\"https:\/\/kfp.pl\/o-firmie\/daniel-sloboda\/\">\n\t\t\t\t\t\t<h4 class=\"elementor-author-box__name\">Daniel S\u0142oboda<\/h4>\t\t\t\t\t<\/a>\n\t\t\t\t\n\t\t\t\t\t\t\t\t\t<div class=\"elementor-author-box__bio\">\n\t\t\t\t\t\t<p>fotoedytor archiwista<\/p>\n\t\t\t\t\t<\/div>\n\t\t\t\t\n\t\t\t\t\t\t\t<\/div>\n\t\t<\/div>\n\t\t\t\t<\/div>\n\t\t\t\t<\/div>\n\t\t\t\t\t<\/div>\n\t\t<\/div>\n\t\t\t\t<div class=\"elementor-column elementor-col-25 elementor-top-column elementor-element elementor-element-509a32cc\" data-id=\"509a32cc\" data-element_type=\"column\">\n\t\t\t<div class=\"elementor-widget-wrap elementor-element-populated\">\n\t\t\t\t\t\t\t\t<div class=\"elementor-element elementor-element-22ee8040 elementor-author-box--layout-image-above elementor-author-box--align-center elementor-widget elementor-widget-global elementor-global-1206 elementor-widget-author-box\" data-id=\"22ee8040\" data-element_type=\"widget\" data-widget_type=\"author-box.default\">\n\t\t\t\t<div class=\"elementor-widget-container\">\n\t\t\t\t\t<div class=\"elementor-author-box\">\n\t\t\t\t\t\t\t<a href=\"https:\/\/kfp.pl\/o-firmie\/anna-bobrowska\/\" class=\"elementor-author-box__avatar\">\n\t\t\t\t\t<img src=\"https:\/\/kfp.pl\/o-firmie\/wp-content\/uploads\/2021\/02\/Anna-Bobrowska-KFP-1-300x300.jpg\" alt=\"Anna Bobrowska\">\n\t\t\t\t<\/a>\n\t\t\t\n\t\t\t<div class=\"elementor-author-box__text\">\n\t\t\t\t\t\t\t\t\t<a href=\"https:\/\/kfp.pl\/o-firmie\/anna-bobrowska\/\">\n\t\t\t\t\t\t<h4 class=\"elementor-author-box__name\">Anna Bobrowska<\/h4>\t\t\t\t\t<\/a>\n\t\t\t\t\n\t\t\t\t\t\t\t\t\t<div class=\"elementor-author-box__bio\">\n\t\t\t\t\t\t<p>fotoreporterka<\/p>\n\t\t\t\t\t<\/div>\n\t\t\t\t\n\t\t\t\t\t\t\t<\/div>\n\t\t<\/div>\n\t\t\t\t<\/div>\n\t\t\t\t<\/div>\n\t\t\t\t<div class=\"elementor-element elementor-element-1d0d97ea elementor-author-box--layout-image-above elementor-author-box--align-center elementor-widget elementor-widget-global elementor-global-1209 elementor-widget-author-box\" data-id=\"1d0d97ea\" data-element_type=\"widget\" data-widget_type=\"author-box.default\">\n\t\t\t\t<div class=\"elementor-widget-container\">\n\t\t\t\t\t<div class=\"elementor-author-box\">\n\t\t\t\t\t\t\t<a href=\"https:\/\/kfp.pl\/o-firmie\/pawel-marcinko\/\" class=\"elementor-author-box__avatar\">\n\t\t\t\t\t<img src=\"https:\/\/kfp.pl\/o-firmie\/wp-content\/uploads\/2021\/02\/pawel-marcinko-KFP-1-300x300.jpg\" alt=\"Pawe\u0142 Marcinko\">\n\t\t\t\t<\/a>\n\t\t\t\n\t\t\t<div class=\"elementor-author-box__text\">\n\t\t\t\t\t\t\t\t\t<a href=\"https:\/\/kfp.pl\/o-firmie\/pawel-marcinko\/\">\n\t\t\t\t\t\t<h4 class=\"elementor-author-box__name\">Pawe\u0142 Marcinko<\/h4>\t\t\t\t\t<\/a>\n\t\t\t\t\n\t\t\t\t\t\t\t\t\t<div class=\"elementor-author-box__bio\">\n\t\t\t\t\t\t<p>fotoedytor, fotoreporter<\/p>\n\t\t\t\t\t<\/div>\n\t\t\t\t\n\t\t\t\t\t\t\t<\/div>\n\t\t<\/div>\n\t\t\t\t<\/div>\n\t\t\t\t<\/div>\n\t\t\t\t\t<\/div>\n\t\t<\/div>\n\t\t\t\t\t\t\t<\/div>\n\t\t<\/section>\n\t\t\t\t\t\t<\/div>\n\t\t\t\t\t<\/div>\n\t\t","protected":false},"excerpt":{"rendered":"<p>Pawe\u0142 Marcinko Fotoedytor, fotoreporter Szary odcie\u0144 w\u0142os\u00f3w to zmy\u0142ka. Pawe\u0142 jest jednym z najm\u0142odszych i najbardziej wydajnych ogniw w zespole KFP. Kreatywny, zawsze u\u015bmiechni\u0119ty i gotowy do pomocy.&nbsp;Potrafi poradzi\u0107 sobie w ka\u017cdej sytuacji kryzysowej, zachowuj\u0105c spok\u00f3j ducha.&nbsp;Absolwent&nbsp;Wydzia\u0142u Historycznego&nbsp;Uniwersytetu Gda\u0144skiego. Zawodowo z fotografi\u0105 zwi\u0105zany od samego pocz\u0105tku. Zaczyna\u0142 jako archiwista,&nbsp;sprawuj\u0105c opiek\u0119 nad&nbsp;zasobami fotograficznymi w&nbsp;\u201eDzienniku Ba\u0142tyckim\u201d.&nbsp;Jako fotoedytor &hellip;<\/p>\n<p class=\"read-more\"> <a class=\"\" href=\"https:\/\/kfp.pl\/o-firmie\/pawel-marcinko\/\"> <span class=\"screen-reader-text\">Pawe\u0142 Marcinko<\/span> Read More \u00bb<\/a><\/p>\n","protected":false},"author":1,"featured_media":0,"parent":0,"menu_order":0,"comment_status":"closed","ping_status":"closed","template":"","meta":[],"uagb_featured_image_src":{"full":false,"thumbnail":false,"medium":false,"medium_large":false,"large":false,"1536x1536":false,"2048x2048":false,"woocommerce_thumbnail":false,"woocommerce_single":false,"woocommerce_gallery_thumbnail":false,"shop_catalog":false,"shop_single":false,"shop_thumbnail":false},"uagb_author_info":{"display_name":"portfolio.admin","author_link":"https:\/\/kfp.pl\/o-firmie\/author\/portfolio-admin\/"},"uagb_comment_info":0,"uagb_excerpt":"Pawe\u0142 Marcinko Fotoedytor, fotoreporter Szary odcie\u0144 w\u0142os\u00f3w to zmy\u0142ka. Pawe\u0142 jest jednym z najm\u0142odszych i najbardziej wydajnych ogniw w zespole KFP. Kreatywny, zawsze u\u015bmiechni\u0119ty i gotowy do pomocy.&nbsp;Potrafi poradzi\u0107 sobie w ka\u017cdej sytuacji kryzysowej, zachowuj\u0105c spok\u00f3j ducha.&nbsp;Absolwent&nbsp;Wydzia\u0142u Historycznego&nbsp;Uniwersytetu Gda\u0144skiego. Zawodowo z fotografi\u0105 zwi\u0105zany od samego pocz\u0105tku. Zaczyna\u0142 jako archiwista,&nbsp;sprawuj\u0105c opiek\u0119 nad&nbsp;zasobami fotograficznymi w&nbsp;\u201eDzienniku Ba\u0142tyckim\u201d.&nbsp;Jako fotoedytor&hellip;","_links":{"self":[{"href":"https:\/\/kfp.pl\/o-firmie\/wp-json\/wp\/v2\/pages\/173"}],"collection":[{"href":"https:\/\/kfp.pl\/o-firmie\/wp-json\/wp\/v2\/pages"}],"about":[{"href":"https:\/\/kfp.pl\/o-firmie\/wp-json\/wp\/v2\/types\/page"}],"author":[{"embeddable":true,"href":"https:\/\/kfp.pl\/o-firmie\/wp-json\/wp\/v2\/users\/1"}],"replies":[{"embeddable":true,"href":"https:\/\/kfp.pl\/o-firmie\/wp-json\/wp\/v2\/comments?post=173"}],"version-history":[{"count":13,"href":"https:\/\/kfp.pl\/o-firmie\/wp-json\/wp\/v2\/pages\/173\/revisions"}],"predecessor-version":[{"id":1293,"href":"https:\/\/kfp.pl\/o-firmie\/wp-json\/wp\/v2\/pages\/173\/revisions\/1293"}],"wp:attachment":[{"href":"https:\/\/kfp.pl\/o-firmie\/wp-json\/wp\/v2\/media?parent=173"}],"curies":[{"name":"wp","href":"https:\/\/api.w.org\/{rel}","templated":true}]}}