{"id":179,"date":"2020-09-09T10:52:50","date_gmt":"2020-09-09T08:52:50","guid":{"rendered":"https:\/\/kfp.pl\/o-firmie\/?page_id=179"},"modified":"2021-04-07T12:26:18","modified_gmt":"2021-04-07T10:26:18","slug":"dariusz-lazarski","status":"publish","type":"page","link":"https:\/\/kfp.pl\/o-firmie\/dariusz-lazarski\/","title":{"rendered":"Dariusz \u0141azarski"},"content":{"rendered":"\t\t<div data-elementor-type=\"wp-page\" data-elementor-id=\"179\" class=\"elementor elementor-179\" data-elementor-settings=\"[]\">\n\t\t\t\t\t\t\t<div class=\"elementor-section-wrap\">\n\t\t\t\t\t\t\t<section class=\"elementor-section elementor-top-section elementor-element elementor-element-40dfc04 elementor-section-boxed elementor-section-height-default elementor-section-height-default\" data-id=\"40dfc04\" data-element_type=\"section\">\n\t\t\t\t\t\t<div class=\"elementor-container elementor-column-gap-default\">\n\t\t\t\t\t<div class=\"elementor-column elementor-col-100 elementor-top-column elementor-element elementor-element-968b34d\" data-id=\"968b34d\" data-element_type=\"column\">\n\t\t\t<div class=\"elementor-widget-wrap elementor-element-populated\">\n\t\t\t\t\t\t\t\t<div class=\"elementor-element elementor-element-429aa52 elementor-widget elementor-widget-heading\" data-id=\"429aa52\" data-element_type=\"widget\" data-widget_type=\"heading.default\">\n\t\t\t\t<div class=\"elementor-widget-container\">\n\t\t\t<h2 class=\"elementor-heading-title elementor-size-default\">Dariusz \u0141azarski<\/h2>\t\t<\/div>\n\t\t\t\t<\/div>\n\t\t\t\t<div class=\"elementor-element elementor-element-37a489c elementor-widget-divider--view-line_text elementor-widget-divider--element-align-center elementor-widget elementor-widget-divider\" data-id=\"37a489c\" data-element_type=\"widget\" data-widget_type=\"divider.default\">\n\t\t\t\t<div class=\"elementor-widget-container\">\n\t\t\t\t\t<div class=\"elementor-divider\">\n\t\t\t<span class=\"elementor-divider-separator\">\n\t\t\t\t\t\t\t<span class=\"elementor-divider__text elementor-divider__element\">Redaktor<\/span>\n\t\t\t\t\t\t<\/span>\n\t\t<\/div>\n\t\t\t\t<\/div>\n\t\t\t\t<\/div>\n\t\t\t\t\t<\/div>\n\t\t<\/div>\n\t\t\t\t\t\t\t<\/div>\n\t\t<\/section>\n\t\t\t\t<section class=\"elementor-section elementor-top-section elementor-element elementor-element-183e50d elementor-section-boxed elementor-section-height-default elementor-section-height-default\" data-id=\"183e50d\" data-element_type=\"section\">\n\t\t\t\t\t\t<div class=\"elementor-container elementor-column-gap-default\">\n\t\t\t\t\t<div class=\"elementor-column elementor-col-33 elementor-top-column elementor-element elementor-element-cac945c\" data-id=\"cac945c\" data-element_type=\"column\">\n\t\t\t<div class=\"elementor-widget-wrap elementor-element-populated\">\n\t\t\t\t\t\t\t\t<div class=\"elementor-element elementor-element-7bc69e0 elementor-widget elementor-widget-image\" data-id=\"7bc69e0\" data-element_type=\"widget\" data-widget_type=\"image.default\">\n\t\t\t\t<div class=\"elementor-widget-container\">\n\t\t\t\t\t\t\t\t\t\t\t\t\t\t\t<img width=\"1000\" height=\"1000\" src=\"https:\/\/kfp.pl\/o-firmie\/wp-content\/uploads\/2021\/03\/darek-lazarski-kfp-3.jpg\" class=\"attachment-large size-large\" alt=\"\" loading=\"lazy\" srcset=\"https:\/\/kfp.pl\/o-firmie\/wp-content\/uploads\/2021\/03\/darek-lazarski-kfp-3.jpg 1000w, https:\/\/kfp.pl\/o-firmie\/wp-content\/uploads\/2021\/03\/darek-lazarski-kfp-3-300x300.jpg 300w, https:\/\/kfp.pl\/o-firmie\/wp-content\/uploads\/2021\/03\/darek-lazarski-kfp-3-150x150.jpg 150w, https:\/\/kfp.pl\/o-firmie\/wp-content\/uploads\/2021\/03\/darek-lazarski-kfp-3-768x768.jpg 768w, https:\/\/kfp.pl\/o-firmie\/wp-content\/uploads\/2021\/03\/darek-lazarski-kfp-3-600x600.jpg 600w, https:\/\/kfp.pl\/o-firmie\/wp-content\/uploads\/2021\/03\/darek-lazarski-kfp-3-100x100.jpg 100w\" sizes=\"(max-width: 1000px) 100vw, 1000px\" \/>\t\t\t\t\t\t\t\t\t\t\t\t\t\t\t<\/div>\n\t\t\t\t<\/div>\n\t\t\t\t\t<\/div>\n\t\t<\/div>\n\t\t\t\t<div class=\"elementor-column elementor-col-66 elementor-top-column elementor-element elementor-element-4aaccf3\" data-id=\"4aaccf3\" data-element_type=\"column\">\n\t\t\t<div class=\"elementor-widget-wrap elementor-element-populated\">\n\t\t\t\t\t\t\t\t<div class=\"elementor-element elementor-element-6f58ddd elementor-widget elementor-widget-text-editor\" data-id=\"6f58ddd\" data-element_type=\"widget\" data-widget_type=\"text-editor.default\">\n\t\t\t\t<div class=\"elementor-widget-container\">\n\t\t\t\t\t\t\t\t<p>W zawodzie od 1 lipca 1989 roku. Dyplom, dwa tygodnie wakacji w g\u00f3rach i drugie pi\u0119tro Domu Prasy \u2013 dzia\u0142 na pocz\u0105tek miejski, ale u samego Marsza\u0142ka. Franka Marsza\u0142ka. Stara, dobra szko\u0142a \u201eG\u0142osu Wybrze\u017ca\u201d od niespe\u0142na miesi\u0105ca mierzy\u0142a si\u0119 z formatem nowej Polski, kiedy przed sta\u017cyst\u0105 dziennikarzem otworzy\u0142y si\u0119 drzwi \u017c\u00f3\u0142tego wartburga. \u201ePanie&#8230; Ten, no&#8230; \u0141azarski. Tak?\u201d \u2013 \u201eMistrz\u201d Zbigniew Kosycarz, lataj\u0105cy fotoreporter i kierowca w jednej osobie, ju\u017c w pierwszych s\u0142owach da\u0142 do zrozumienia, \u017ce to b\u0119dzie wyboista droga. Pojechali po kocich \u0142bach Oruni, rutyniarz z aplikantem, na pierwszy wsp\u00f3lny reporta\u017c. W kolejnym roku redakcyjnym koleg\u0105 \u201etych pan\u00f3w\u201d zosta\u0142 pocz\u0105tkuj\u0105cy fotoreporter Maciej Kosycarz. Wsp\u00f3\u0142praca Darka z \u201eMistrzem\u201d i Ma\u0107kiem przez kilka lat uk\u0142ada\u0142a si\u0119 \u2013 najpierw w czarno-bia\u0142ych barwach, a potem ju\u017c kolorowo \u2013 od czo\u0142\u00f3wki pierwszej kolumny\u201eG\u0142osu Wybrze\u017ca\u201d (by\u0142 wtedy redaktorem prowadz\u0105cym gor\u0105c\u0105 cz\u0119\u015b\u0107 gazety i sekretarzem redakcji), a\u017c po podwa\u0142 ostatniej strony (szef dzia\u0142u sportowego). W \u201eG\u0142osie\u201d pracowa\u0142 do 2005 roku. Gazeta pad\u0142a jednak jako pierwsza. Potem by\u0142a kilkuletnia wsp\u00f3\u0142praca z serwisami Grupy Wydawniczej Polskapresse, a od 2012 roku ponownie z Ma\u0107kiem Kosycarzem, na \u0142onie jego agencji KFP. Z tego po\u0142\u0105czenia si\u0142 zrodzi\u0142o si\u0119 kilka ksi\u0105\u017cek i album\u00f3w. Na redakcyjnej p\u00f3\u0142ce doliczyli\u015bmy si\u0119 dwudziestu czterech pozycji. Z jednej, tematycznie do\u015b\u0107 dalekiej od pozosta\u0142ych, wci\u0105\u017c unosi si\u0119 para. Darek napisa\u0142 (a Maciek wymy\u015bli\u0142) ksi\u0105\u017ck\u0119 opowiadaj\u0105c\u0105 o powojennej historii ciep\u0142ownictwa, wed\u0142ug OPEC Gdynia i kilku zaprzyja\u017anionych firm z innych region\u00f3w najlepsz\u0105 w tej bran\u017cy. Od lat kolekcjonuje emocje z fotograficznych przyg\u00f3d, z zamiarem&#8230; Redaktor i pasjonat fotografii. Turysta klasyk: znad morza ucieka w g\u00f3ry.<\/p>\t\t\t\t\t\t<\/div>\n\t\t\t\t<\/div>\n\t\t\t\t\t<\/div>\n\t\t<\/div>\n\t\t\t\t\t\t\t<\/div>\n\t\t<\/section>\n\t\t\t\t<section class=\"elementor-section elementor-top-section elementor-element elementor-element-e336003 elementor-section-boxed elementor-section-height-default elementor-section-height-default\" data-id=\"e336003\" data-element_type=\"section\">\n\t\t\t\t\t\t<div class=\"elementor-container elementor-column-gap-default\">\n\t\t\t\t\t<div class=\"elementor-column elementor-col-100 elementor-top-column elementor-element elementor-element-68b6e8f\" data-id=\"68b6e8f\" data-element_type=\"column\">\n\t\t\t<div class=\"elementor-widget-wrap elementor-element-populated\">\n\t\t\t\t\t\t\t\t<div class=\"elementor-element elementor-element-18de357 elementor-widget-divider--view-line elementor-widget elementor-widget-divider\" data-id=\"18de357\" data-element_type=\"widget\" data-widget_type=\"divider.default\">\n\t\t\t\t<div class=\"elementor-widget-container\">\n\t\t\t\t\t<div class=\"elementor-divider\">\n\t\t\t<span class=\"elementor-divider-separator\">\n\t\t\t\t\t\t<\/span>\n\t\t<\/div>\n\t\t\t\t<\/div>\n\t\t\t\t<\/div>\n\t\t\t\t\t<\/div>\n\t\t<\/div>\n\t\t\t\t\t\t\t<\/div>\n\t\t<\/section>\n\t\t\t\t<section class=\"elementor-section elementor-top-section elementor-element elementor-element-a1daeec elementor-section-boxed elementor-section-height-default elementor-section-height-default\" data-id=\"a1daeec\" data-element_type=\"section\">\n\t\t\t\t\t\t<div class=\"elementor-container elementor-column-gap-default\">\n\t\t\t\t\t<div class=\"elementor-column elementor-col-100 elementor-top-column elementor-element elementor-element-8461c75\" data-id=\"8461c75\" data-element_type=\"column\">\n\t\t\t<div class=\"elementor-widget-wrap elementor-element-populated\">\n\t\t\t\t\t\t\t\t<div class=\"elementor-element elementor-element-c2c1f9c elementor-widget elementor-widget-heading\" data-id=\"c2c1f9c\" data-element_type=\"widget\" data-widget_type=\"heading.default\">\n\t\t\t\t<div class=\"elementor-widget-container\">\n\t\t\t<h2 class=\"elementor-heading-title elementor-size-default\">Nasz zesp\u00f3\u0142<\/h2>\t\t<\/div>\n\t\t\t\t<\/div>\n\t\t\t\t\t<\/div>\n\t\t<\/div>\n\t\t\t\t\t\t\t<\/div>\n\t\t<\/section>\n\t\t\t\t<section class=\"elementor-section elementor-top-section elementor-element elementor-element-5fec52bd elementor-section-boxed elementor-section-height-default elementor-section-height-default\" data-id=\"5fec52bd\" data-element_type=\"section\">\n\t\t\t\t\t\t<div class=\"elementor-container elementor-column-gap-default\">\n\t\t\t\t\t<div class=\"elementor-column elementor-col-25 elementor-top-column elementor-element elementor-element-e88cc70\" data-id=\"e88cc70\" data-element_type=\"column\">\n\t\t\t<div class=\"elementor-widget-wrap elementor-element-populated\">\n\t\t\t\t\t\t\t\t<div class=\"elementor-element elementor-element-7a01be6f elementor-author-box--layout-image-above elementor-author-box--align-center elementor-widget elementor-widget-global elementor-global-1197 elementor-widget-author-box\" data-id=\"7a01be6f\" data-element_type=\"widget\" data-widget_type=\"author-box.default\">\n\t\t\t\t<div class=\"elementor-widget-container\">\n\t\t\t\t\t<div class=\"elementor-author-box\">\n\t\t\t\t\t\t\t<a href=\"https:\/\/kfp.pl\/o-firmie\/hanna-kosycarz\/\" class=\"elementor-author-box__avatar\">\n\t\t\t\t\t<img src=\"https:\/\/kfp.pl\/o-firmie\/wp-content\/uploads\/2021\/03\/Hanna-Kosycarz-KFP-300x300.jpg\" alt=\"Hanna Kosycarz\">\n\t\t\t\t<\/a>\n\t\t\t\n\t\t\t<div class=\"elementor-author-box__text\">\n\t\t\t\t\t\t\t\t\t<a href=\"https:\/\/kfp.pl\/o-firmie\/hanna-kosycarz\/\">\n\t\t\t\t\t\t<h4 class=\"elementor-author-box__name\">Hanna Kosycarz<\/h4>\t\t\t\t\t<\/a>\n\t\t\t\t\n\t\t\t\t\t\t\t\t\t<div class=\"elementor-author-box__bio\">\n\t\t\t\t\t\t<p>redaktor i w\u0142a\u015bcicielka agencji<\/p>\n\t\t\t\t\t<\/div>\n\t\t\t\t\n\t\t\t\t\t\t\t<\/div>\n\t\t<\/div>\n\t\t\t\t<\/div>\n\t\t\t\t<\/div>\n\t\t\t\t<div class=\"elementor-element elementor-element-3b0ab51c elementor-author-box--layout-image-above elementor-author-box--align-center elementor-widget elementor-widget-global elementor-global-1218 elementor-widget-author-box\" data-id=\"3b0ab51c\" data-element_type=\"widget\" data-widget_type=\"author-box.default\">\n\t\t\t\t<div class=\"elementor-widget-container\">\n\t\t\t\t\t<div class=\"elementor-author-box\">\n\t\t\t\t\t\t\t<a href=\"https:\/\/kfp.pl\/o-firmie\/mateusz-ochocki\/\" class=\"elementor-author-box__avatar\">\n\t\t\t\t\t<img src=\"https:\/\/kfp.pl\/o-firmie\/wp-content\/uploads\/2021\/02\/mateusz-ochocki-KFP-1-300x300.jpg\" alt=\"Mateusz Ochocki\">\n\t\t\t\t<\/a>\n\t\t\t\n\t\t\t<div class=\"elementor-author-box__text\">\n\t\t\t\t\t\t\t\t\t<a href=\"https:\/\/kfp.pl\/o-firmie\/mateusz-ochocki\/\">\n\t\t\t\t\t\t<h4 class=\"elementor-author-box__name\">Mateusz Ochocki<\/h4>\t\t\t\t\t<\/a>\n\t\t\t\t\n\t\t\t\t\t\t\t\t\t<div class=\"elementor-author-box__bio\">\n\t\t\t\t\t\t<p>fotoreporter<\/p>\n\t\t\t\t\t<\/div>\n\t\t\t\t\n\t\t\t\t\t\t\t<\/div>\n\t\t<\/div>\n\t\t\t\t<\/div>\n\t\t\t\t<\/div>\n\t\t\t\t\t<\/div>\n\t\t<\/div>\n\t\t\t\t<div class=\"elementor-column elementor-col-25 elementor-top-column elementor-element elementor-element-425603a0\" data-id=\"425603a0\" data-element_type=\"column\">\n\t\t\t<div class=\"elementor-widget-wrap elementor-element-populated\">\n\t\t\t\t\t\t\t\t<div class=\"elementor-element elementor-element-9a7f2bc elementor-author-box--layout-image-above elementor-author-box--align-center elementor-widget elementor-widget-global elementor-global-1200 elementor-widget-author-box\" data-id=\"9a7f2bc\" data-element_type=\"widget\" data-widget_type=\"author-box.default\">\n\t\t\t\t<div class=\"elementor-widget-container\">\n\t\t\t\t\t<div class=\"elementor-author-box\">\n\t\t\t\t\t\t\t<a href=\"https:\/\/kfp.pl\/o-firmie\/krzysztof-mystkowski\/\" class=\"elementor-author-box__avatar\">\n\t\t\t\t\t<img src=\"https:\/\/kfp.pl\/o-firmie\/wp-content\/uploads\/2021\/02\/Krzysztof-Mystkowski-KFP-1-300x300.jpg\" alt=\"Krzysztof Mystkowski\">\n\t\t\t\t<\/a>\n\t\t\t\n\t\t\t<div class=\"elementor-author-box__text\">\n\t\t\t\t\t\t\t\t\t<a href=\"https:\/\/kfp.pl\/o-firmie\/krzysztof-mystkowski\/\">\n\t\t\t\t\t\t<h4 class=\"elementor-author-box__name\">Krzysztof Mystkowski<\/h4>\t\t\t\t\t<\/a>\n\t\t\t\t\n\t\t\t\t\t\t\t\t\t<div class=\"elementor-author-box__bio\">\n\t\t\t\t\t\t<p>fotoreporter<\/p>\n\t\t\t\t\t<\/div>\n\t\t\t\t\n\t\t\t\t\t\t\t<\/div>\n\t\t<\/div>\n\t\t\t\t<\/div>\n\t\t\t\t<\/div>\n\t\t\t\t<div class=\"elementor-element elementor-element-1bd6013 elementor-author-box--layout-image-above elementor-author-box--align-center elementor-widget elementor-widget-global elementor-global-1215 elementor-widget-author-box\" data-id=\"1bd6013\" data-element_type=\"widget\" data-widget_type=\"author-box.default\">\n\t\t\t\t<div class=\"elementor-widget-container\">\n\t\t\t\t\t<div class=\"elementor-author-box\">\n\t\t\t\t\t\t\t<a href=\"https:\/\/kfp.pl\/o-firmie\/dariusz-lazarski\/\" class=\"elementor-author-box__avatar\">\n\t\t\t\t\t<img src=\"https:\/\/kfp.pl\/o-firmie\/wp-content\/uploads\/2021\/03\/darek-lazarski-kfp-3-300x300.jpg\" alt=\"Dariusz \u0141azarski\">\n\t\t\t\t<\/a>\n\t\t\t\n\t\t\t<div class=\"elementor-author-box__text\">\n\t\t\t\t\t\t\t\t\t<a href=\"https:\/\/kfp.pl\/o-firmie\/dariusz-lazarski\/\">\n\t\t\t\t\t\t<h4 class=\"elementor-author-box__name\">Dariusz \u0141azarski<\/h4>\t\t\t\t\t<\/a>\n\t\t\t\t\n\t\t\t\t\t\t\t\t\t<div class=\"elementor-author-box__bio\">\n\t\t\t\t\t\t<p>redaktor<\/p>\n\t\t\t\t\t<\/div>\n\t\t\t\t\n\t\t\t\t\t\t\t<\/div>\n\t\t<\/div>\n\t\t\t\t<\/div>\n\t\t\t\t<\/div>\n\t\t\t\t\t<\/div>\n\t\t<\/div>\n\t\t\t\t<div class=\"elementor-column elementor-col-25 elementor-top-column elementor-element elementor-element-35255a5d\" data-id=\"35255a5d\" data-element_type=\"column\">\n\t\t\t<div class=\"elementor-widget-wrap elementor-element-populated\">\n\t\t\t\t\t\t\t\t<div class=\"elementor-element elementor-element-59cc423a elementor-author-box--layout-image-above elementor-author-box--align-center elementor-widget elementor-widget-global elementor-global-1203 elementor-widget-author-box\" data-id=\"59cc423a\" data-element_type=\"widget\" data-widget_type=\"author-box.default\">\n\t\t\t\t<div class=\"elementor-widget-container\">\n\t\t\t\t\t<div class=\"elementor-author-box\">\n\t\t\t\t\t\t\t<a href=\"https:\/\/kfp.pl\/o-firmie\/anna-rezulak\/\" class=\"elementor-author-box__avatar\">\n\t\t\t\t\t<img src=\"https:\/\/kfp.pl\/o-firmie\/wp-content\/uploads\/2021\/03\/Anna-Rezulak-KPF-2-300x300.jpg\" alt=\"Anna Rezulak\">\n\t\t\t\t<\/a>\n\t\t\t\n\t\t\t<div class=\"elementor-author-box__text\">\n\t\t\t\t\t\t\t\t\t<a href=\"https:\/\/kfp.pl\/o-firmie\/anna-rezulak\/\">\n\t\t\t\t\t\t<h4 class=\"elementor-author-box__name\">Anna Rezulak<\/h4>\t\t\t\t\t<\/a>\n\t\t\t\t\n\t\t\t\t\t\t\t\t\t<div class=\"elementor-author-box__bio\">\n\t\t\t\t\t\t<p>fotoreporterka<\/p>\n\t\t\t\t\t<\/div>\n\t\t\t\t\n\t\t\t\t\t\t\t<\/div>\n\t\t<\/div>\n\t\t\t\t<\/div>\n\t\t\t\t<\/div>\n\t\t\t\t<div class=\"elementor-element elementor-element-6ccd9a52 elementor-author-box--layout-image-above elementor-author-box--align-center elementor-widget elementor-widget-global elementor-global-1212 elementor-widget-author-box\" data-id=\"6ccd9a52\" data-element_type=\"widget\" data-widget_type=\"author-box.default\">\n\t\t\t\t<div class=\"elementor-widget-container\">\n\t\t\t\t\t<div class=\"elementor-author-box\">\n\t\t\t\t\t\t\t<a href=\"https:\/\/kfp.pl\/o-firmie\/daniel-sloboda\/\" class=\"elementor-author-box__avatar\">\n\t\t\t\t\t<img src=\"https:\/\/kfp.pl\/o-firmie\/wp-content\/uploads\/2021\/02\/Daniel-Sloboda-KFP-1-300x300.jpg\" alt=\"Daniel S\u0142oboda\">\n\t\t\t\t<\/a>\n\t\t\t\n\t\t\t<div class=\"elementor-author-box__text\">\n\t\t\t\t\t\t\t\t\t<a href=\"https:\/\/kfp.pl\/o-firmie\/daniel-sloboda\/\">\n\t\t\t\t\t\t<h4 class=\"elementor-author-box__name\">Daniel S\u0142oboda<\/h4>\t\t\t\t\t<\/a>\n\t\t\t\t\n\t\t\t\t\t\t\t\t\t<div class=\"elementor-author-box__bio\">\n\t\t\t\t\t\t<p>fotoedytor archiwista<\/p>\n\t\t\t\t\t<\/div>\n\t\t\t\t\n\t\t\t\t\t\t\t<\/div>\n\t\t<\/div>\n\t\t\t\t<\/div>\n\t\t\t\t<\/div>\n\t\t\t\t\t<\/div>\n\t\t<\/div>\n\t\t\t\t<div class=\"elementor-column elementor-col-25 elementor-top-column elementor-element elementor-element-1957bbca\" data-id=\"1957bbca\" data-element_type=\"column\">\n\t\t\t<div class=\"elementor-widget-wrap elementor-element-populated\">\n\t\t\t\t\t\t\t\t<div class=\"elementor-element elementor-element-a38914b elementor-author-box--layout-image-above elementor-author-box--align-center elementor-widget elementor-widget-global elementor-global-1206 elementor-widget-author-box\" data-id=\"a38914b\" data-element_type=\"widget\" data-widget_type=\"author-box.default\">\n\t\t\t\t<div class=\"elementor-widget-container\">\n\t\t\t\t\t<div class=\"elementor-author-box\">\n\t\t\t\t\t\t\t<a href=\"https:\/\/kfp.pl\/o-firmie\/anna-bobrowska\/\" class=\"elementor-author-box__avatar\">\n\t\t\t\t\t<img src=\"https:\/\/kfp.pl\/o-firmie\/wp-content\/uploads\/2021\/02\/Anna-Bobrowska-KFP-1-300x300.jpg\" alt=\"Anna Bobrowska\">\n\t\t\t\t<\/a>\n\t\t\t\n\t\t\t<div class=\"elementor-author-box__text\">\n\t\t\t\t\t\t\t\t\t<a href=\"https:\/\/kfp.pl\/o-firmie\/anna-bobrowska\/\">\n\t\t\t\t\t\t<h4 class=\"elementor-author-box__name\">Anna Bobrowska<\/h4>\t\t\t\t\t<\/a>\n\t\t\t\t\n\t\t\t\t\t\t\t\t\t<div class=\"elementor-author-box__bio\">\n\t\t\t\t\t\t<p>fotoreporterka<\/p>\n\t\t\t\t\t<\/div>\n\t\t\t\t\n\t\t\t\t\t\t\t<\/div>\n\t\t<\/div>\n\t\t\t\t<\/div>\n\t\t\t\t<\/div>\n\t\t\t\t<div class=\"elementor-element elementor-element-141d67 elementor-author-box--layout-image-above elementor-author-box--align-center elementor-widget elementor-widget-global elementor-global-1209 elementor-widget-author-box\" data-id=\"141d67\" data-element_type=\"widget\" data-widget_type=\"author-box.default\">\n\t\t\t\t<div class=\"elementor-widget-container\">\n\t\t\t\t\t<div class=\"elementor-author-box\">\n\t\t\t\t\t\t\t<a href=\"https:\/\/kfp.pl\/o-firmie\/pawel-marcinko\/\" class=\"elementor-author-box__avatar\">\n\t\t\t\t\t<img src=\"https:\/\/kfp.pl\/o-firmie\/wp-content\/uploads\/2021\/02\/pawel-marcinko-KFP-1-300x300.jpg\" alt=\"Pawe\u0142 Marcinko\">\n\t\t\t\t<\/a>\n\t\t\t\n\t\t\t<div class=\"elementor-author-box__text\">\n\t\t\t\t\t\t\t\t\t<a href=\"https:\/\/kfp.pl\/o-firmie\/pawel-marcinko\/\">\n\t\t\t\t\t\t<h4 class=\"elementor-author-box__name\">Pawe\u0142 Marcinko<\/h4>\t\t\t\t\t<\/a>\n\t\t\t\t\n\t\t\t\t\t\t\t\t\t<div class=\"elementor-author-box__bio\">\n\t\t\t\t\t\t<p>fotoedytor, fotoreporter<\/p>\n\t\t\t\t\t<\/div>\n\t\t\t\t\n\t\t\t\t\t\t\t<\/div>\n\t\t<\/div>\n\t\t\t\t<\/div>\n\t\t\t\t<\/div>\n\t\t\t\t\t<\/div>\n\t\t<\/div>\n\t\t\t\t\t\t\t<\/div>\n\t\t<\/section>\n\t\t\t\t\t\t<\/div>\n\t\t\t\t\t<\/div>\n\t\t","protected":false},"excerpt":{"rendered":"<p>Dariusz \u0141azarski Redaktor W zawodzie od 1 lipca 1989 roku. Dyplom, dwa tygodnie wakacji w g\u00f3rach i drugie pi\u0119tro Domu Prasy \u2013 dzia\u0142 na pocz\u0105tek miejski, ale u samego Marsza\u0142ka. Franka Marsza\u0142ka. Stara, dobra szko\u0142a \u201eG\u0142osu Wybrze\u017ca\u201d od niespe\u0142na miesi\u0105ca mierzy\u0142a si\u0119 z formatem nowej Polski, kiedy przed sta\u017cyst\u0105 dziennikarzem otworzy\u0142y si\u0119 drzwi \u017c\u00f3\u0142tego wartburga. &hellip;<\/p>\n<p class=\"read-more\"> <a class=\"\" href=\"https:\/\/kfp.pl\/o-firmie\/dariusz-lazarski\/\"> <span class=\"screen-reader-text\">Dariusz \u0141azarski<\/span> Read More \u00bb<\/a><\/p>\n","protected":false},"author":1,"featured_media":0,"parent":0,"menu_order":0,"comment_status":"closed","ping_status":"closed","template":"","meta":[],"uagb_featured_image_src":{"full":false,"thumbnail":false,"medium":false,"medium_large":false,"large":false,"1536x1536":false,"2048x2048":false,"woocommerce_thumbnail":false,"woocommerce_single":false,"woocommerce_gallery_thumbnail":false,"shop_catalog":false,"shop_single":false,"shop_thumbnail":false},"uagb_author_info":{"display_name":"portfolio.admin","author_link":"https:\/\/kfp.pl\/o-firmie\/author\/portfolio-admin\/"},"uagb_comment_info":0,"uagb_excerpt":"Dariusz \u0141azarski Redaktor W zawodzie od 1 lipca 1989 roku. Dyplom, dwa tygodnie wakacji w g\u00f3rach i drugie pi\u0119tro Domu Prasy \u2013 dzia\u0142 na pocz\u0105tek miejski, ale u samego Marsza\u0142ka. Franka Marsza\u0142ka. Stara, dobra szko\u0142a \u201eG\u0142osu Wybrze\u017ca\u201d od niespe\u0142na miesi\u0105ca mierzy\u0142a si\u0119 z formatem nowej Polski, kiedy przed sta\u017cyst\u0105 dziennikarzem otworzy\u0142y si\u0119 drzwi \u017c\u00f3\u0142tego wartburga.&hellip;","_links":{"self":[{"href":"https:\/\/kfp.pl\/o-firmie\/wp-json\/wp\/v2\/pages\/179"}],"collection":[{"href":"https:\/\/kfp.pl\/o-firmie\/wp-json\/wp\/v2\/pages"}],"about":[{"href":"https:\/\/kfp.pl\/o-firmie\/wp-json\/wp\/v2\/types\/page"}],"author":[{"embeddable":true,"href":"https:\/\/kfp.pl\/o-firmie\/wp-json\/wp\/v2\/users\/1"}],"replies":[{"embeddable":true,"href":"https:\/\/kfp.pl\/o-firmie\/wp-json\/wp\/v2\/comments?post=179"}],"version-history":[{"count":15,"href":"https:\/\/kfp.pl\/o-firmie\/wp-json\/wp\/v2\/pages\/179\/revisions"}],"predecessor-version":[{"id":2017,"href":"https:\/\/kfp.pl\/o-firmie\/wp-json\/wp\/v2\/pages\/179\/revisions\/2017"}],"wp:attachment":[{"href":"https:\/\/kfp.pl\/o-firmie\/wp-json\/wp\/v2\/media?parent=179"}],"curies":[{"name":"wp","href":"https:\/\/api.w.org\/{rel}","templated":true}]}}