{"id":184,"date":"2020-09-09T11:35:39","date_gmt":"2020-09-09T09:35:39","guid":{"rendered":"https:\/\/kfp.pl\/o-firmie\/?page_id=184"},"modified":"2021-03-17T11:08:16","modified_gmt":"2021-03-17T10:08:16","slug":"hanna-kosycarz","status":"publish","type":"page","link":"https:\/\/kfp.pl\/o-firmie\/hanna-kosycarz\/","title":{"rendered":"Hanna Kosycarz"},"content":{"rendered":"\t\t<div data-elementor-type=\"wp-page\" data-elementor-id=\"184\" class=\"elementor elementor-184\" data-elementor-settings=\"[]\">\n\t\t\t\t\t\t\t<div class=\"elementor-section-wrap\">\n\t\t\t\t\t\t\t<section class=\"elementor-section elementor-top-section elementor-element elementor-element-40dfc04 elementor-section-boxed elementor-section-height-default elementor-section-height-default\" data-id=\"40dfc04\" data-element_type=\"section\">\n\t\t\t\t\t\t<div class=\"elementor-container elementor-column-gap-default\">\n\t\t\t\t\t<div class=\"elementor-column elementor-col-100 elementor-top-column elementor-element elementor-element-968b34d\" data-id=\"968b34d\" data-element_type=\"column\">\n\t\t\t<div class=\"elementor-widget-wrap elementor-element-populated\">\n\t\t\t\t\t\t\t\t<div class=\"elementor-element elementor-element-429aa52 elementor-widget elementor-widget-heading\" data-id=\"429aa52\" data-element_type=\"widget\" data-widget_type=\"heading.default\">\n\t\t\t\t<div class=\"elementor-widget-container\">\n\t\t\t<h2 class=\"elementor-heading-title elementor-size-default\">Hanna Kosycarz<\/h2>\t\t<\/div>\n\t\t\t\t<\/div>\n\t\t\t\t<div class=\"elementor-element elementor-element-37a489c elementor-widget-divider--view-line_text elementor-widget-divider--element-align-center elementor-widget elementor-widget-divider\" data-id=\"37a489c\" data-element_type=\"widget\" data-widget_type=\"divider.default\">\n\t\t\t\t<div class=\"elementor-widget-container\">\n\t\t\t\t\t<div class=\"elementor-divider\">\n\t\t\t<span class=\"elementor-divider-separator\">\n\t\t\t\t\t\t\t<span class=\"elementor-divider__text elementor-divider__element\">Redaktor, w\u0142a\u015bciciel agencji <\/span>\n\t\t\t\t\t\t<\/span>\n\t\t<\/div>\n\t\t\t\t<\/div>\n\t\t\t\t<\/div>\n\t\t\t\t\t<\/div>\n\t\t<\/div>\n\t\t\t\t\t\t\t<\/div>\n\t\t<\/section>\n\t\t\t\t<section class=\"elementor-section elementor-top-section elementor-element elementor-element-183e50d elementor-section-boxed elementor-section-height-default elementor-section-height-default\" data-id=\"183e50d\" data-element_type=\"section\">\n\t\t\t\t\t\t<div class=\"elementor-container elementor-column-gap-default\">\n\t\t\t\t\t<div class=\"elementor-column elementor-col-33 elementor-top-column elementor-element elementor-element-cac945c\" data-id=\"cac945c\" data-element_type=\"column\">\n\t\t\t<div class=\"elementor-widget-wrap elementor-element-populated\">\n\t\t\t\t\t\t\t\t<div class=\"elementor-element elementor-element-7bc69e0 elementor-widget elementor-widget-image\" data-id=\"7bc69e0\" data-element_type=\"widget\" data-widget_type=\"image.default\">\n\t\t\t\t<div class=\"elementor-widget-container\">\n\t\t\t\t\t\t\t\t\t\t\t\t\t\t\t<img width=\"600\" height=\"600\" src=\"https:\/\/kfp.pl\/o-firmie\/wp-content\/uploads\/2021\/03\/Hanna-Kosycarz-KFP.jpg\" class=\"attachment-large size-large\" alt=\"\" loading=\"lazy\" srcset=\"https:\/\/kfp.pl\/o-firmie\/wp-content\/uploads\/2021\/03\/Hanna-Kosycarz-KFP.jpg 600w, https:\/\/kfp.pl\/o-firmie\/wp-content\/uploads\/2021\/03\/Hanna-Kosycarz-KFP-300x300.jpg 300w, https:\/\/kfp.pl\/o-firmie\/wp-content\/uploads\/2021\/03\/Hanna-Kosycarz-KFP-150x150.jpg 150w, https:\/\/kfp.pl\/o-firmie\/wp-content\/uploads\/2021\/03\/Hanna-Kosycarz-KFP-100x100.jpg 100w\" sizes=\"(max-width: 600px) 100vw, 600px\" \/>\t\t\t\t\t\t\t\t\t\t\t\t\t\t\t<\/div>\n\t\t\t\t<\/div>\n\t\t\t\t\t<\/div>\n\t\t<\/div>\n\t\t\t\t<div class=\"elementor-column elementor-col-66 elementor-top-column elementor-element elementor-element-4aaccf3\" data-id=\"4aaccf3\" data-element_type=\"column\">\n\t\t\t<div class=\"elementor-widget-wrap elementor-element-populated\">\n\t\t\t\t\t\t\t\t<div class=\"elementor-element elementor-element-6f58ddd elementor-widget elementor-widget-text-editor\" data-id=\"6f58ddd\" data-element_type=\"widget\" data-widget_type=\"text-editor.default\">\n\t\t\t\t<div class=\"elementor-widget-container\">\n\t\t\t\t\t\t\t\t<p>Kaszubka kochaj\u0105ca Gda\u0144sk i gda\u0144szczanka kochaj\u0105ca Kaszuby. Uko\u0144czy\u0142a studia prawnicze na Uniwersytecie Gda\u0144skim.&nbsp; <span style=\"font-size: 15px; color: var( --e-global-color-text ); font-family: var( --e-global-typography-text-font-family ), Sans-serif;\">W przesz\u0142o\u015bci zajmowa\u0142a si\u0119 dziennikarstwem, by\u0142a zwi\u0105zana m.in. z Echem Pruszcza, kt\u00f3rego by\u0142a redaktor naczeln\u0105. W 1996 roku wraz z m\u0119\u017cem Maciejem za\u0142o\u017cy\u0142a agencj\u0119 fotograficzn\u0105 Kosycarz Foto Press (KFP), gdzie spe\u0142nia si\u0119 w roli zarz\u0105dcy, edytora, organizatora&#8230; Woln\u0105 chwil\u0119 przeznacza na ksi\u0105\u017cki, rower, podr\u00f3\u017ce i wypiekanie przepysznego sernika s\u0142ynnego w\u015br\u00f3d znajomych bli\u017cszych i dalszych.<\/span><\/p>\t\t\t\t\t\t<\/div>\n\t\t\t\t<\/div>\n\t\t\t\t\t<\/div>\n\t\t<\/div>\n\t\t\t\t\t\t\t<\/div>\n\t\t<\/section>\n\t\t\t\t<section class=\"elementor-section elementor-top-section elementor-element elementor-element-e336003 elementor-section-boxed elementor-section-height-default elementor-section-height-default\" data-id=\"e336003\" data-element_type=\"section\">\n\t\t\t\t\t\t<div class=\"elementor-container elementor-column-gap-default\">\n\t\t\t\t\t<div class=\"elementor-column elementor-col-100 elementor-top-column elementor-element elementor-element-68b6e8f\" data-id=\"68b6e8f\" data-element_type=\"column\">\n\t\t\t<div class=\"elementor-widget-wrap elementor-element-populated\">\n\t\t\t\t\t\t\t\t<div class=\"elementor-element elementor-element-18de357 elementor-widget-divider--view-line elementor-widget elementor-widget-divider\" data-id=\"18de357\" data-element_type=\"widget\" data-widget_type=\"divider.default\">\n\t\t\t\t<div class=\"elementor-widget-container\">\n\t\t\t\t\t<div class=\"elementor-divider\">\n\t\t\t<span class=\"elementor-divider-separator\">\n\t\t\t\t\t\t<\/span>\n\t\t<\/div>\n\t\t\t\t<\/div>\n\t\t\t\t<\/div>\n\t\t\t\t\t<\/div>\n\t\t<\/div>\n\t\t\t\t\t\t\t<\/div>\n\t\t<\/section>\n\t\t\t\t<section class=\"elementor-section elementor-top-section elementor-element elementor-element-a1daeec elementor-section-boxed elementor-section-height-default elementor-section-height-default\" data-id=\"a1daeec\" data-element_type=\"section\">\n\t\t\t\t\t\t<div class=\"elementor-container elementor-column-gap-default\">\n\t\t\t\t\t<div class=\"elementor-column elementor-col-100 elementor-top-column elementor-element elementor-element-8461c75\" data-id=\"8461c75\" data-element_type=\"column\">\n\t\t\t<div class=\"elementor-widget-wrap elementor-element-populated\">\n\t\t\t\t\t\t\t\t<div class=\"elementor-element elementor-element-c2c1f9c elementor-widget elementor-widget-heading\" data-id=\"c2c1f9c\" data-element_type=\"widget\" data-widget_type=\"heading.default\">\n\t\t\t\t<div class=\"elementor-widget-container\">\n\t\t\t<h2 class=\"elementor-heading-title elementor-size-default\">Nasz zesp\u00f3\u0142<\/h2>\t\t<\/div>\n\t\t\t\t<\/div>\n\t\t\t\t\t<\/div>\n\t\t<\/div>\n\t\t\t\t\t\t\t<\/div>\n\t\t<\/section>\n\t\t\t\t<section class=\"elementor-section elementor-top-section elementor-element elementor-element-4d829e3a elementor-section-boxed elementor-section-height-default elementor-section-height-default\" data-id=\"4d829e3a\" data-element_type=\"section\">\n\t\t\t\t\t\t<div class=\"elementor-container elementor-column-gap-default\">\n\t\t\t\t\t<div class=\"elementor-column elementor-col-25 elementor-top-column elementor-element elementor-element-742e4122\" data-id=\"742e4122\" data-element_type=\"column\">\n\t\t\t<div class=\"elementor-widget-wrap elementor-element-populated\">\n\t\t\t\t\t\t\t\t<div class=\"elementor-element elementor-element-62e13ade elementor-author-box--layout-image-above elementor-author-box--align-center elementor-widget elementor-widget-global elementor-global-1197 elementor-widget-author-box\" data-id=\"62e13ade\" data-element_type=\"widget\" data-widget_type=\"author-box.default\">\n\t\t\t\t<div class=\"elementor-widget-container\">\n\t\t\t\t\t<div class=\"elementor-author-box\">\n\t\t\t\t\t\t\t<a href=\"https:\/\/kfp.pl\/o-firmie\/hanna-kosycarz\/\" class=\"elementor-author-box__avatar\">\n\t\t\t\t\t<img src=\"https:\/\/kfp.pl\/o-firmie\/wp-content\/uploads\/2021\/03\/Hanna-Kosycarz-KFP-300x300.jpg\" alt=\"Hanna Kosycarz\">\n\t\t\t\t<\/a>\n\t\t\t\n\t\t\t<div class=\"elementor-author-box__text\">\n\t\t\t\t\t\t\t\t\t<a href=\"https:\/\/kfp.pl\/o-firmie\/hanna-kosycarz\/\">\n\t\t\t\t\t\t<h4 class=\"elementor-author-box__name\">Hanna Kosycarz<\/h4>\t\t\t\t\t<\/a>\n\t\t\t\t\n\t\t\t\t\t\t\t\t\t<div class=\"elementor-author-box__bio\">\n\t\t\t\t\t\t<p>redaktor i w\u0142a\u015bcicielka agencji<\/p>\n\t\t\t\t\t<\/div>\n\t\t\t\t\n\t\t\t\t\t\t\t<\/div>\n\t\t<\/div>\n\t\t\t\t<\/div>\n\t\t\t\t<\/div>\n\t\t\t\t<div class=\"elementor-element elementor-element-72ea5856 elementor-author-box--layout-image-above elementor-author-box--align-center elementor-widget elementor-widget-global elementor-global-1218 elementor-widget-author-box\" data-id=\"72ea5856\" data-element_type=\"widget\" data-widget_type=\"author-box.default\">\n\t\t\t\t<div class=\"elementor-widget-container\">\n\t\t\t\t\t<div class=\"elementor-author-box\">\n\t\t\t\t\t\t\t<a href=\"https:\/\/kfp.pl\/o-firmie\/mateusz-ochocki\/\" class=\"elementor-author-box__avatar\">\n\t\t\t\t\t<img src=\"https:\/\/kfp.pl\/o-firmie\/wp-content\/uploads\/2021\/02\/mateusz-ochocki-KFP-1-300x300.jpg\" alt=\"Mateusz Ochocki\">\n\t\t\t\t<\/a>\n\t\t\t\n\t\t\t<div class=\"elementor-author-box__text\">\n\t\t\t\t\t\t\t\t\t<a href=\"https:\/\/kfp.pl\/o-firmie\/mateusz-ochocki\/\">\n\t\t\t\t\t\t<h4 class=\"elementor-author-box__name\">Mateusz Ochocki<\/h4>\t\t\t\t\t<\/a>\n\t\t\t\t\n\t\t\t\t\t\t\t\t\t<div class=\"elementor-author-box__bio\">\n\t\t\t\t\t\t<p>fotoreporter<\/p>\n\t\t\t\t\t<\/div>\n\t\t\t\t\n\t\t\t\t\t\t\t<\/div>\n\t\t<\/div>\n\t\t\t\t<\/div>\n\t\t\t\t<\/div>\n\t\t\t\t\t<\/div>\n\t\t<\/div>\n\t\t\t\t<div class=\"elementor-column elementor-col-25 elementor-top-column elementor-element elementor-element-646b3637\" data-id=\"646b3637\" data-element_type=\"column\">\n\t\t\t<div class=\"elementor-widget-wrap elementor-element-populated\">\n\t\t\t\t\t\t\t\t<div class=\"elementor-element elementor-element-7995a37a elementor-author-box--layout-image-above elementor-author-box--align-center elementor-widget elementor-widget-global elementor-global-1200 elementor-widget-author-box\" data-id=\"7995a37a\" data-element_type=\"widget\" data-widget_type=\"author-box.default\">\n\t\t\t\t<div class=\"elementor-widget-container\">\n\t\t\t\t\t<div class=\"elementor-author-box\">\n\t\t\t\t\t\t\t<a href=\"https:\/\/kfp.pl\/o-firmie\/krzysztof-mystkowski\/\" class=\"elementor-author-box__avatar\">\n\t\t\t\t\t<img src=\"https:\/\/kfp.pl\/o-firmie\/wp-content\/uploads\/2021\/02\/Krzysztof-Mystkowski-KFP-1-300x300.jpg\" alt=\"Krzysztof Mystkowski\">\n\t\t\t\t<\/a>\n\t\t\t\n\t\t\t<div class=\"elementor-author-box__text\">\n\t\t\t\t\t\t\t\t\t<a href=\"https:\/\/kfp.pl\/o-firmie\/krzysztof-mystkowski\/\">\n\t\t\t\t\t\t<h4 class=\"elementor-author-box__name\">Krzysztof Mystkowski<\/h4>\t\t\t\t\t<\/a>\n\t\t\t\t\n\t\t\t\t\t\t\t\t\t<div class=\"elementor-author-box__bio\">\n\t\t\t\t\t\t<p>fotoreporter<\/p>\n\t\t\t\t\t<\/div>\n\t\t\t\t\n\t\t\t\t\t\t\t<\/div>\n\t\t<\/div>\n\t\t\t\t<\/div>\n\t\t\t\t<\/div>\n\t\t\t\t<div class=\"elementor-element elementor-element-711139b4 elementor-author-box--layout-image-above elementor-author-box--align-center elementor-widget elementor-widget-global elementor-global-1215 elementor-widget-author-box\" data-id=\"711139b4\" data-element_type=\"widget\" data-widget_type=\"author-box.default\">\n\t\t\t\t<div class=\"elementor-widget-container\">\n\t\t\t\t\t<div class=\"elementor-author-box\">\n\t\t\t\t\t\t\t<a href=\"https:\/\/kfp.pl\/o-firmie\/dariusz-lazarski\/\" class=\"elementor-author-box__avatar\">\n\t\t\t\t\t<img src=\"https:\/\/kfp.pl\/o-firmie\/wp-content\/uploads\/2021\/03\/darek-lazarski-kfp-3-300x300.jpg\" alt=\"Dariusz \u0141azarski\">\n\t\t\t\t<\/a>\n\t\t\t\n\t\t\t<div class=\"elementor-author-box__text\">\n\t\t\t\t\t\t\t\t\t<a href=\"https:\/\/kfp.pl\/o-firmie\/dariusz-lazarski\/\">\n\t\t\t\t\t\t<h4 class=\"elementor-author-box__name\">Dariusz \u0141azarski<\/h4>\t\t\t\t\t<\/a>\n\t\t\t\t\n\t\t\t\t\t\t\t\t\t<div class=\"elementor-author-box__bio\">\n\t\t\t\t\t\t<p>redaktor<\/p>\n\t\t\t\t\t<\/div>\n\t\t\t\t\n\t\t\t\t\t\t\t<\/div>\n\t\t<\/div>\n\t\t\t\t<\/div>\n\t\t\t\t<\/div>\n\t\t\t\t\t<\/div>\n\t\t<\/div>\n\t\t\t\t<div class=\"elementor-column elementor-col-25 elementor-top-column elementor-element elementor-element-636bbacf\" data-id=\"636bbacf\" data-element_type=\"column\">\n\t\t\t<div class=\"elementor-widget-wrap elementor-element-populated\">\n\t\t\t\t\t\t\t\t<div class=\"elementor-element elementor-element-7cb14bc3 elementor-author-box--layout-image-above elementor-author-box--align-center elementor-widget elementor-widget-global elementor-global-1203 elementor-widget-author-box\" data-id=\"7cb14bc3\" data-element_type=\"widget\" data-widget_type=\"author-box.default\">\n\t\t\t\t<div class=\"elementor-widget-container\">\n\t\t\t\t\t<div class=\"elementor-author-box\">\n\t\t\t\t\t\t\t<a href=\"https:\/\/kfp.pl\/o-firmie\/anna-rezulak\/\" class=\"elementor-author-box__avatar\">\n\t\t\t\t\t<img src=\"https:\/\/kfp.pl\/o-firmie\/wp-content\/uploads\/2021\/03\/Anna-Rezulak-KPF-2-300x300.jpg\" alt=\"Anna Rezulak\">\n\t\t\t\t<\/a>\n\t\t\t\n\t\t\t<div class=\"elementor-author-box__text\">\n\t\t\t\t\t\t\t\t\t<a href=\"https:\/\/kfp.pl\/o-firmie\/anna-rezulak\/\">\n\t\t\t\t\t\t<h4 class=\"elementor-author-box__name\">Anna Rezulak<\/h4>\t\t\t\t\t<\/a>\n\t\t\t\t\n\t\t\t\t\t\t\t\t\t<div class=\"elementor-author-box__bio\">\n\t\t\t\t\t\t<p>fotoreporterka<\/p>\n\t\t\t\t\t<\/div>\n\t\t\t\t\n\t\t\t\t\t\t\t<\/div>\n\t\t<\/div>\n\t\t\t\t<\/div>\n\t\t\t\t<\/div>\n\t\t\t\t<div class=\"elementor-element elementor-element-307a9b2f elementor-author-box--layout-image-above elementor-author-box--align-center elementor-widget elementor-widget-global elementor-global-1212 elementor-widget-author-box\" data-id=\"307a9b2f\" data-element_type=\"widget\" data-widget_type=\"author-box.default\">\n\t\t\t\t<div class=\"elementor-widget-container\">\n\t\t\t\t\t<div class=\"elementor-author-box\">\n\t\t\t\t\t\t\t<a href=\"https:\/\/kfp.pl\/o-firmie\/daniel-sloboda\/\" class=\"elementor-author-box__avatar\">\n\t\t\t\t\t<img src=\"https:\/\/kfp.pl\/o-firmie\/wp-content\/uploads\/2021\/02\/Daniel-Sloboda-KFP-1-300x300.jpg\" alt=\"Daniel S\u0142oboda\">\n\t\t\t\t<\/a>\n\t\t\t\n\t\t\t<div class=\"elementor-author-box__text\">\n\t\t\t\t\t\t\t\t\t<a href=\"https:\/\/kfp.pl\/o-firmie\/daniel-sloboda\/\">\n\t\t\t\t\t\t<h4 class=\"elementor-author-box__name\">Daniel S\u0142oboda<\/h4>\t\t\t\t\t<\/a>\n\t\t\t\t\n\t\t\t\t\t\t\t\t\t<div class=\"elementor-author-box__bio\">\n\t\t\t\t\t\t<p>fotoedytor archiwista<\/p>\n\t\t\t\t\t<\/div>\n\t\t\t\t\n\t\t\t\t\t\t\t<\/div>\n\t\t<\/div>\n\t\t\t\t<\/div>\n\t\t\t\t<\/div>\n\t\t\t\t\t<\/div>\n\t\t<\/div>\n\t\t\t\t<div class=\"elementor-column elementor-col-25 elementor-top-column elementor-element elementor-element-281c1544\" data-id=\"281c1544\" data-element_type=\"column\">\n\t\t\t<div class=\"elementor-widget-wrap elementor-element-populated\">\n\t\t\t\t\t\t\t\t<div class=\"elementor-element elementor-element-79c745ae elementor-author-box--layout-image-above elementor-author-box--align-center elementor-widget elementor-widget-global elementor-global-1206 elementor-widget-author-box\" data-id=\"79c745ae\" data-element_type=\"widget\" data-widget_type=\"author-box.default\">\n\t\t\t\t<div class=\"elementor-widget-container\">\n\t\t\t\t\t<div class=\"elementor-author-box\">\n\t\t\t\t\t\t\t<a href=\"https:\/\/kfp.pl\/o-firmie\/anna-bobrowska\/\" class=\"elementor-author-box__avatar\">\n\t\t\t\t\t<img src=\"https:\/\/kfp.pl\/o-firmie\/wp-content\/uploads\/2021\/02\/Anna-Bobrowska-KFP-1-300x300.jpg\" alt=\"Anna Bobrowska\">\n\t\t\t\t<\/a>\n\t\t\t\n\t\t\t<div class=\"elementor-author-box__text\">\n\t\t\t\t\t\t\t\t\t<a href=\"https:\/\/kfp.pl\/o-firmie\/anna-bobrowska\/\">\n\t\t\t\t\t\t<h4 class=\"elementor-author-box__name\">Anna Bobrowska<\/h4>\t\t\t\t\t<\/a>\n\t\t\t\t\n\t\t\t\t\t\t\t\t\t<div class=\"elementor-author-box__bio\">\n\t\t\t\t\t\t<p>fotoreporterka<\/p>\n\t\t\t\t\t<\/div>\n\t\t\t\t\n\t\t\t\t\t\t\t<\/div>\n\t\t<\/div>\n\t\t\t\t<\/div>\n\t\t\t\t<\/div>\n\t\t\t\t<div class=\"elementor-element elementor-element-159e7b6c elementor-author-box--layout-image-above elementor-author-box--align-center elementor-widget elementor-widget-global elementor-global-1209 elementor-widget-author-box\" data-id=\"159e7b6c\" data-element_type=\"widget\" data-widget_type=\"author-box.default\">\n\t\t\t\t<div class=\"elementor-widget-container\">\n\t\t\t\t\t<div class=\"elementor-author-box\">\n\t\t\t\t\t\t\t<a href=\"https:\/\/kfp.pl\/o-firmie\/pawel-marcinko\/\" class=\"elementor-author-box__avatar\">\n\t\t\t\t\t<img src=\"https:\/\/kfp.pl\/o-firmie\/wp-content\/uploads\/2021\/02\/pawel-marcinko-KFP-1-300x300.jpg\" alt=\"Pawe\u0142 Marcinko\">\n\t\t\t\t<\/a>\n\t\t\t\n\t\t\t<div class=\"elementor-author-box__text\">\n\t\t\t\t\t\t\t\t\t<a href=\"https:\/\/kfp.pl\/o-firmie\/pawel-marcinko\/\">\n\t\t\t\t\t\t<h4 class=\"elementor-author-box__name\">Pawe\u0142 Marcinko<\/h4>\t\t\t\t\t<\/a>\n\t\t\t\t\n\t\t\t\t\t\t\t\t\t<div class=\"elementor-author-box__bio\">\n\t\t\t\t\t\t<p>fotoedytor, fotoreporter<\/p>\n\t\t\t\t\t<\/div>\n\t\t\t\t\n\t\t\t\t\t\t\t<\/div>\n\t\t<\/div>\n\t\t\t\t<\/div>\n\t\t\t\t<\/div>\n\t\t\t\t\t<\/div>\n\t\t<\/div>\n\t\t\t\t\t\t\t<\/div>\n\t\t<\/section>\n\t\t\t\t\t\t<\/div>\n\t\t\t\t\t<\/div>\n\t\t","protected":false},"excerpt":{"rendered":"<p>Hanna Kosycarz Redaktor, w\u0142a\u015bciciel agencji Kaszubka kochaj\u0105ca Gda\u0144sk i gda\u0144szczanka kochaj\u0105ca Kaszuby. Uko\u0144czy\u0142a studia prawnicze na Uniwersytecie Gda\u0144skim.&nbsp; W przesz\u0142o\u015bci zajmowa\u0142a si\u0119 dziennikarstwem, by\u0142a zwi\u0105zana m.in. z Echem Pruszcza, kt\u00f3rego by\u0142a redaktor naczeln\u0105. W 1996 roku wraz z m\u0119\u017cem Maciejem za\u0142o\u017cy\u0142a agencj\u0119 fotograficzn\u0105 Kosycarz Foto Press (KFP), gdzie spe\u0142nia si\u0119 w roli zarz\u0105dcy, edytora, organizatora&#8230; &hellip;<\/p>\n<p class=\"read-more\"> <a class=\"\" href=\"https:\/\/kfp.pl\/o-firmie\/hanna-kosycarz\/\"> <span class=\"screen-reader-text\">Hanna Kosycarz<\/span> Read More \u00bb<\/a><\/p>\n","protected":false},"author":1,"featured_media":0,"parent":0,"menu_order":0,"comment_status":"closed","ping_status":"closed","template":"","meta":[],"uagb_featured_image_src":{"full":false,"thumbnail":false,"medium":false,"medium_large":false,"large":false,"1536x1536":false,"2048x2048":false,"woocommerce_thumbnail":false,"woocommerce_single":false,"woocommerce_gallery_thumbnail":false,"shop_catalog":false,"shop_single":false,"shop_thumbnail":false},"uagb_author_info":{"display_name":"portfolio.admin","author_link":"https:\/\/kfp.pl\/o-firmie\/author\/portfolio-admin\/"},"uagb_comment_info":0,"uagb_excerpt":"Hanna Kosycarz Redaktor, w\u0142a\u015bciciel agencji Kaszubka kochaj\u0105ca Gda\u0144sk i gda\u0144szczanka kochaj\u0105ca Kaszuby. Uko\u0144czy\u0142a studia prawnicze na Uniwersytecie Gda\u0144skim.&nbsp; W przesz\u0142o\u015bci zajmowa\u0142a si\u0119 dziennikarstwem, by\u0142a zwi\u0105zana m.in. z Echem Pruszcza, kt\u00f3rego by\u0142a redaktor naczeln\u0105. W 1996 roku wraz z m\u0119\u017cem Maciejem za\u0142o\u017cy\u0142a agencj\u0119 fotograficzn\u0105 Kosycarz Foto Press (KFP), gdzie spe\u0142nia si\u0119 w roli zarz\u0105dcy, edytora, organizatora&#8230;&hellip;","_links":{"self":[{"href":"https:\/\/kfp.pl\/o-firmie\/wp-json\/wp\/v2\/pages\/184"}],"collection":[{"href":"https:\/\/kfp.pl\/o-firmie\/wp-json\/wp\/v2\/pages"}],"about":[{"href":"https:\/\/kfp.pl\/o-firmie\/wp-json\/wp\/v2\/types\/page"}],"author":[{"embeddable":true,"href":"https:\/\/kfp.pl\/o-firmie\/wp-json\/wp\/v2\/users\/1"}],"replies":[{"embeddable":true,"href":"https:\/\/kfp.pl\/o-firmie\/wp-json\/wp\/v2\/comments?post=184"}],"version-history":[{"count":14,"href":"https:\/\/kfp.pl\/o-firmie\/wp-json\/wp\/v2\/pages\/184\/revisions"}],"predecessor-version":[{"id":1719,"href":"https:\/\/kfp.pl\/o-firmie\/wp-json\/wp\/v2\/pages\/184\/revisions\/1719"}],"wp:attachment":[{"href":"https:\/\/kfp.pl\/o-firmie\/wp-json\/wp\/v2\/media?parent=184"}],"curies":[{"name":"wp","href":"https:\/\/api.w.org\/{rel}","templated":true}]}}