{"id":197,"date":"2020-09-09T11:47:09","date_gmt":"2020-09-09T09:47:09","guid":{"rendered":"https:\/\/kfp.pl\/o-firmie\/?page_id=197"},"modified":"2021-03-08T09:16:19","modified_gmt":"2021-03-08T08:16:19","slug":"daniel-sloboda","status":"publish","type":"page","link":"https:\/\/kfp.pl\/o-firmie\/daniel-sloboda\/","title":{"rendered":"Daniel S\u0142oboda"},"content":{"rendered":"\t\t<div data-elementor-type=\"wp-page\" data-elementor-id=\"197\" class=\"elementor elementor-197\" data-elementor-settings=\"[]\">\n\t\t\t\t\t\t\t<div class=\"elementor-section-wrap\">\n\t\t\t\t\t\t\t<section class=\"elementor-section elementor-top-section elementor-element elementor-element-40dfc04 elementor-section-boxed elementor-section-height-default elementor-section-height-default\" data-id=\"40dfc04\" data-element_type=\"section\">\n\t\t\t\t\t\t<div class=\"elementor-container elementor-column-gap-default\">\n\t\t\t\t\t<div class=\"elementor-column elementor-col-100 elementor-top-column elementor-element elementor-element-968b34d\" data-id=\"968b34d\" data-element_type=\"column\">\n\t\t\t<div class=\"elementor-widget-wrap elementor-element-populated\">\n\t\t\t\t\t\t\t\t<div class=\"elementor-element elementor-element-429aa52 elementor-widget elementor-widget-heading\" data-id=\"429aa52\" data-element_type=\"widget\" data-widget_type=\"heading.default\">\n\t\t\t\t<div class=\"elementor-widget-container\">\n\t\t\t<h2 class=\"elementor-heading-title elementor-size-default\">Daniel S\u0142oboda<\/h2>\t\t<\/div>\n\t\t\t\t<\/div>\n\t\t\t\t<div class=\"elementor-element elementor-element-37a489c elementor-widget-divider--view-line_text elementor-widget-divider--element-align-center elementor-widget elementor-widget-divider\" data-id=\"37a489c\" data-element_type=\"widget\" data-widget_type=\"divider.default\">\n\t\t\t\t<div class=\"elementor-widget-container\">\n\t\t\t\t\t<div class=\"elementor-divider\">\n\t\t\t<span class=\"elementor-divider-separator\">\n\t\t\t\t\t\t\t<span class=\"elementor-divider__text elementor-divider__element\">Fotoerytor, archiwizator<\/span>\n\t\t\t\t\t\t<\/span>\n\t\t<\/div>\n\t\t\t\t<\/div>\n\t\t\t\t<\/div>\n\t\t\t\t\t<\/div>\n\t\t<\/div>\n\t\t\t\t\t\t\t<\/div>\n\t\t<\/section>\n\t\t\t\t<section class=\"elementor-section elementor-top-section elementor-element elementor-element-183e50d elementor-section-boxed elementor-section-height-default elementor-section-height-default\" data-id=\"183e50d\" data-element_type=\"section\">\n\t\t\t\t\t\t<div class=\"elementor-container elementor-column-gap-default\">\n\t\t\t\t\t<div class=\"elementor-column elementor-col-33 elementor-top-column elementor-element elementor-element-cac945c\" data-id=\"cac945c\" data-element_type=\"column\">\n\t\t\t<div class=\"elementor-widget-wrap elementor-element-populated\">\n\t\t\t\t\t\t\t\t<div class=\"elementor-element elementor-element-7bc69e0 elementor-widget elementor-widget-image\" data-id=\"7bc69e0\" data-element_type=\"widget\" data-widget_type=\"image.default\">\n\t\t\t\t<div class=\"elementor-widget-container\">\n\t\t\t\t\t\t\t\t\t\t\t\t\t\t\t<img width=\"1000\" height=\"1000\" src=\"https:\/\/kfp.pl\/o-firmie\/wp-content\/uploads\/2021\/02\/Daniel-Sloboda-KFP-1.jpg\" class=\"attachment-large size-large\" alt=\"\" loading=\"lazy\" srcset=\"https:\/\/kfp.pl\/o-firmie\/wp-content\/uploads\/2021\/02\/Daniel-Sloboda-KFP-1.jpg 1000w, https:\/\/kfp.pl\/o-firmie\/wp-content\/uploads\/2021\/02\/Daniel-Sloboda-KFP-1-300x300.jpg 300w, https:\/\/kfp.pl\/o-firmie\/wp-content\/uploads\/2021\/02\/Daniel-Sloboda-KFP-1-150x150.jpg 150w, https:\/\/kfp.pl\/o-firmie\/wp-content\/uploads\/2021\/02\/Daniel-Sloboda-KFP-1-768x768.jpg 768w, https:\/\/kfp.pl\/o-firmie\/wp-content\/uploads\/2021\/02\/Daniel-Sloboda-KFP-1-600x600.jpg 600w, https:\/\/kfp.pl\/o-firmie\/wp-content\/uploads\/2021\/02\/Daniel-Sloboda-KFP-1-100x100.jpg 100w\" sizes=\"(max-width: 1000px) 100vw, 1000px\" \/>\t\t\t\t\t\t\t\t\t\t\t\t\t\t\t<\/div>\n\t\t\t\t<\/div>\n\t\t\t\t\t<\/div>\n\t\t<\/div>\n\t\t\t\t<div class=\"elementor-column elementor-col-66 elementor-top-column elementor-element elementor-element-4aaccf3\" data-id=\"4aaccf3\" data-element_type=\"column\">\n\t\t\t<div class=\"elementor-widget-wrap elementor-element-populated\">\n\t\t\t\t\t\t\t\t<div class=\"elementor-element elementor-element-6f58ddd elementor-widget elementor-widget-text-editor\" data-id=\"6f58ddd\" data-element_type=\"widget\" data-widget_type=\"text-editor.default\">\n\t\t\t\t<div class=\"elementor-widget-container\">\n\t\t\t\t\t\t\t\t<p>Fotoedytorem w KFP jest si\u0119 przed, po i w trakcie jazdy na rowerze. Daniel ma d\u0142u\u017csz\u0105 tras\u0119 dom \u2013 praca ni\u017c Pawe\u0142, doje\u017cd\u017ca z Pruszcza Gda\u0144skiego. Wykr\u0119ci\u0142 sobie u nas miano najstarszego sta\u017cem fotoedytora i archiwisty. Zasoby zdj\u0119ciowe, kt\u00f3re przekopuje od blisko 20 lat, nie maj\u0105 dla niego tajemnic, a to bardzo przydaje si\u0119 w pracy agencji i ka\u017cdego z nas z osobna. Klienci r\u00f3wnie\u017c ceni\u0105 go za t\u0119 znajomo\u015b\u0107 temat\u00f3w. Tysi\u0105ce wybranych i przygotowanych przez niego zdj\u0119\u0107 zdobi zacne wn\u0119trza na Pomorzu, i nie tylko tutaj. Daniel dokonuje selekcji fotografii na potrzeby Galerii Sztuk R\u00f3\u017cnych, dbaj\u0105c, by pokazywa\u0142y histori\u0119 Tr\u00f3jmiasta z wielu ciekawych perspektyw. Mi\u0142o\u015bnik jazdy rowerem i odkrywania miejsc niezwyk\u0142ych zwi\u0105zanych z dziejami regionu. Niestraszne s\u0105 mu zadrapania, obicia i k\u0105piele b\u0142otne. Dzielnie znosi trudy w\u0119dr\u00f3wek, by uwieczni\u0107 aparatem miejsca warte odwiedzenia. Mo\u017cna je zobaczy\u0107 w serwisie KFP.<\/p>\t\t\t\t\t\t<\/div>\n\t\t\t\t<\/div>\n\t\t\t\t\t<\/div>\n\t\t<\/div>\n\t\t\t\t\t\t\t<\/div>\n\t\t<\/section>\n\t\t\t\t<section class=\"elementor-section elementor-top-section elementor-element elementor-element-e336003 elementor-section-boxed elementor-section-height-default elementor-section-height-default\" data-id=\"e336003\" data-element_type=\"section\">\n\t\t\t\t\t\t<div class=\"elementor-container elementor-column-gap-default\">\n\t\t\t\t\t<div class=\"elementor-column elementor-col-100 elementor-top-column elementor-element elementor-element-68b6e8f\" data-id=\"68b6e8f\" data-element_type=\"column\">\n\t\t\t<div class=\"elementor-widget-wrap elementor-element-populated\">\n\t\t\t\t\t\t\t\t<div class=\"elementor-element elementor-element-18de357 elementor-widget-divider--view-line elementor-widget elementor-widget-divider\" data-id=\"18de357\" data-element_type=\"widget\" data-widget_type=\"divider.default\">\n\t\t\t\t<div class=\"elementor-widget-container\">\n\t\t\t\t\t<div class=\"elementor-divider\">\n\t\t\t<span class=\"elementor-divider-separator\">\n\t\t\t\t\t\t<\/span>\n\t\t<\/div>\n\t\t\t\t<\/div>\n\t\t\t\t<\/div>\n\t\t\t\t\t<\/div>\n\t\t<\/div>\n\t\t\t\t\t\t\t<\/div>\n\t\t<\/section>\n\t\t\t\t<section class=\"elementor-section elementor-top-section elementor-element elementor-element-a1daeec elementor-section-boxed elementor-section-height-default elementor-section-height-default\" data-id=\"a1daeec\" data-element_type=\"section\">\n\t\t\t\t\t\t<div class=\"elementor-container elementor-column-gap-default\">\n\t\t\t\t\t<div class=\"elementor-column elementor-col-100 elementor-top-column elementor-element elementor-element-8461c75\" data-id=\"8461c75\" data-element_type=\"column\">\n\t\t\t<div class=\"elementor-widget-wrap elementor-element-populated\">\n\t\t\t\t\t\t\t\t<div class=\"elementor-element elementor-element-c2c1f9c elementor-widget elementor-widget-heading\" data-id=\"c2c1f9c\" data-element_type=\"widget\" data-widget_type=\"heading.default\">\n\t\t\t\t<div class=\"elementor-widget-container\">\n\t\t\t<h2 class=\"elementor-heading-title elementor-size-default\">Nasz zesp\u00f3\u0142<\/h2>\t\t<\/div>\n\t\t\t\t<\/div>\n\t\t\t\t\t<\/div>\n\t\t<\/div>\n\t\t\t\t\t\t\t<\/div>\n\t\t<\/section>\n\t\t\t\t<section class=\"elementor-section elementor-top-section elementor-element elementor-element-4871e81 elementor-section-boxed elementor-section-height-default elementor-section-height-default\" data-id=\"4871e81\" data-element_type=\"section\">\n\t\t\t\t\t\t<div class=\"elementor-container elementor-column-gap-default\">\n\t\t\t\t\t<div class=\"elementor-column elementor-col-25 elementor-top-column elementor-element elementor-element-2cc169\" data-id=\"2cc169\" data-element_type=\"column\">\n\t\t\t<div class=\"elementor-widget-wrap elementor-element-populated\">\n\t\t\t\t\t\t\t\t<div class=\"elementor-element elementor-element-2d5c1fc7 elementor-author-box--layout-image-above elementor-author-box--align-center elementor-widget elementor-widget-global elementor-global-1197 elementor-widget-author-box\" data-id=\"2d5c1fc7\" data-element_type=\"widget\" data-widget_type=\"author-box.default\">\n\t\t\t\t<div class=\"elementor-widget-container\">\n\t\t\t\t\t<div class=\"elementor-author-box\">\n\t\t\t\t\t\t\t<a href=\"https:\/\/kfp.pl\/o-firmie\/hanna-kosycarz\/\" class=\"elementor-author-box__avatar\">\n\t\t\t\t\t<img src=\"https:\/\/kfp.pl\/o-firmie\/wp-content\/uploads\/2021\/03\/Hanna-Kosycarz-KFP-300x300.jpg\" alt=\"Hanna Kosycarz\">\n\t\t\t\t<\/a>\n\t\t\t\n\t\t\t<div class=\"elementor-author-box__text\">\n\t\t\t\t\t\t\t\t\t<a href=\"https:\/\/kfp.pl\/o-firmie\/hanna-kosycarz\/\">\n\t\t\t\t\t\t<h4 class=\"elementor-author-box__name\">Hanna Kosycarz<\/h4>\t\t\t\t\t<\/a>\n\t\t\t\t\n\t\t\t\t\t\t\t\t\t<div class=\"elementor-author-box__bio\">\n\t\t\t\t\t\t<p>redaktor i w\u0142a\u015bcicielka agencji<\/p>\n\t\t\t\t\t<\/div>\n\t\t\t\t\n\t\t\t\t\t\t\t<\/div>\n\t\t<\/div>\n\t\t\t\t<\/div>\n\t\t\t\t<\/div>\n\t\t\t\t<div class=\"elementor-element elementor-element-c96a94e elementor-author-box--layout-image-above elementor-author-box--align-center elementor-widget elementor-widget-global elementor-global-1218 elementor-widget-author-box\" data-id=\"c96a94e\" data-element_type=\"widget\" data-widget_type=\"author-box.default\">\n\t\t\t\t<div class=\"elementor-widget-container\">\n\t\t\t\t\t<div class=\"elementor-author-box\">\n\t\t\t\t\t\t\t<a href=\"https:\/\/kfp.pl\/o-firmie\/mateusz-ochocki\/\" class=\"elementor-author-box__avatar\">\n\t\t\t\t\t<img src=\"https:\/\/kfp.pl\/o-firmie\/wp-content\/uploads\/2021\/02\/mateusz-ochocki-KFP-1-300x300.jpg\" alt=\"Mateusz Ochocki\">\n\t\t\t\t<\/a>\n\t\t\t\n\t\t\t<div class=\"elementor-author-box__text\">\n\t\t\t\t\t\t\t\t\t<a href=\"https:\/\/kfp.pl\/o-firmie\/mateusz-ochocki\/\">\n\t\t\t\t\t\t<h4 class=\"elementor-author-box__name\">Mateusz Ochocki<\/h4>\t\t\t\t\t<\/a>\n\t\t\t\t\n\t\t\t\t\t\t\t\t\t<div class=\"elementor-author-box__bio\">\n\t\t\t\t\t\t<p>fotoreporter<\/p>\n\t\t\t\t\t<\/div>\n\t\t\t\t\n\t\t\t\t\t\t\t<\/div>\n\t\t<\/div>\n\t\t\t\t<\/div>\n\t\t\t\t<\/div>\n\t\t\t\t\t<\/div>\n\t\t<\/div>\n\t\t\t\t<div class=\"elementor-column elementor-col-25 elementor-top-column elementor-element elementor-element-3dc59151\" data-id=\"3dc59151\" data-element_type=\"column\">\n\t\t\t<div class=\"elementor-widget-wrap elementor-element-populated\">\n\t\t\t\t\t\t\t\t<div class=\"elementor-element elementor-element-47c7ae42 elementor-author-box--layout-image-above elementor-author-box--align-center elementor-widget elementor-widget-global elementor-global-1200 elementor-widget-author-box\" data-id=\"47c7ae42\" data-element_type=\"widget\" data-widget_type=\"author-box.default\">\n\t\t\t\t<div class=\"elementor-widget-container\">\n\t\t\t\t\t<div class=\"elementor-author-box\">\n\t\t\t\t\t\t\t<a href=\"https:\/\/kfp.pl\/o-firmie\/krzysztof-mystkowski\/\" class=\"elementor-author-box__avatar\">\n\t\t\t\t\t<img src=\"https:\/\/kfp.pl\/o-firmie\/wp-content\/uploads\/2021\/02\/Krzysztof-Mystkowski-KFP-1-300x300.jpg\" alt=\"Krzysztof Mystkowski\">\n\t\t\t\t<\/a>\n\t\t\t\n\t\t\t<div class=\"elementor-author-box__text\">\n\t\t\t\t\t\t\t\t\t<a href=\"https:\/\/kfp.pl\/o-firmie\/krzysztof-mystkowski\/\">\n\t\t\t\t\t\t<h4 class=\"elementor-author-box__name\">Krzysztof Mystkowski<\/h4>\t\t\t\t\t<\/a>\n\t\t\t\t\n\t\t\t\t\t\t\t\t\t<div class=\"elementor-author-box__bio\">\n\t\t\t\t\t\t<p>fotoreporter<\/p>\n\t\t\t\t\t<\/div>\n\t\t\t\t\n\t\t\t\t\t\t\t<\/div>\n\t\t<\/div>\n\t\t\t\t<\/div>\n\t\t\t\t<\/div>\n\t\t\t\t<div class=\"elementor-element elementor-element-356dd1ac elementor-author-box--layout-image-above elementor-author-box--align-center elementor-widget elementor-widget-global elementor-global-1215 elementor-widget-author-box\" data-id=\"356dd1ac\" data-element_type=\"widget\" data-widget_type=\"author-box.default\">\n\t\t\t\t<div class=\"elementor-widget-container\">\n\t\t\t\t\t<div class=\"elementor-author-box\">\n\t\t\t\t\t\t\t<a href=\"https:\/\/kfp.pl\/o-firmie\/dariusz-lazarski\/\" class=\"elementor-author-box__avatar\">\n\t\t\t\t\t<img src=\"https:\/\/kfp.pl\/o-firmie\/wp-content\/uploads\/2021\/03\/darek-lazarski-kfp-3-300x300.jpg\" alt=\"Dariusz \u0141azarski\">\n\t\t\t\t<\/a>\n\t\t\t\n\t\t\t<div class=\"elementor-author-box__text\">\n\t\t\t\t\t\t\t\t\t<a href=\"https:\/\/kfp.pl\/o-firmie\/dariusz-lazarski\/\">\n\t\t\t\t\t\t<h4 class=\"elementor-author-box__name\">Dariusz \u0141azarski<\/h4>\t\t\t\t\t<\/a>\n\t\t\t\t\n\t\t\t\t\t\t\t\t\t<div class=\"elementor-author-box__bio\">\n\t\t\t\t\t\t<p>redaktor<\/p>\n\t\t\t\t\t<\/div>\n\t\t\t\t\n\t\t\t\t\t\t\t<\/div>\n\t\t<\/div>\n\t\t\t\t<\/div>\n\t\t\t\t<\/div>\n\t\t\t\t\t<\/div>\n\t\t<\/div>\n\t\t\t\t<div class=\"elementor-column elementor-col-25 elementor-top-column elementor-element elementor-element-2c5b893d\" data-id=\"2c5b893d\" data-element_type=\"column\">\n\t\t\t<div class=\"elementor-widget-wrap elementor-element-populated\">\n\t\t\t\t\t\t\t\t<div class=\"elementor-element elementor-element-5a0bb7d elementor-author-box--layout-image-above elementor-author-box--align-center elementor-widget elementor-widget-global elementor-global-1203 elementor-widget-author-box\" data-id=\"5a0bb7d\" data-element_type=\"widget\" data-widget_type=\"author-box.default\">\n\t\t\t\t<div class=\"elementor-widget-container\">\n\t\t\t\t\t<div class=\"elementor-author-box\">\n\t\t\t\t\t\t\t<a href=\"https:\/\/kfp.pl\/o-firmie\/anna-rezulak\/\" class=\"elementor-author-box__avatar\">\n\t\t\t\t\t<img src=\"https:\/\/kfp.pl\/o-firmie\/wp-content\/uploads\/2021\/03\/Anna-Rezulak-KPF-2-300x300.jpg\" alt=\"Anna Rezulak\">\n\t\t\t\t<\/a>\n\t\t\t\n\t\t\t<div class=\"elementor-author-box__text\">\n\t\t\t\t\t\t\t\t\t<a href=\"https:\/\/kfp.pl\/o-firmie\/anna-rezulak\/\">\n\t\t\t\t\t\t<h4 class=\"elementor-author-box__name\">Anna Rezulak<\/h4>\t\t\t\t\t<\/a>\n\t\t\t\t\n\t\t\t\t\t\t\t\t\t<div class=\"elementor-author-box__bio\">\n\t\t\t\t\t\t<p>fotoreporterka<\/p>\n\t\t\t\t\t<\/div>\n\t\t\t\t\n\t\t\t\t\t\t\t<\/div>\n\t\t<\/div>\n\t\t\t\t<\/div>\n\t\t\t\t<\/div>\n\t\t\t\t<div class=\"elementor-element elementor-element-7cbadb54 elementor-author-box--layout-image-above elementor-author-box--align-center elementor-widget elementor-widget-global elementor-global-1212 elementor-widget-author-box\" data-id=\"7cbadb54\" data-element_type=\"widget\" data-widget_type=\"author-box.default\">\n\t\t\t\t<div class=\"elementor-widget-container\">\n\t\t\t\t\t<div class=\"elementor-author-box\">\n\t\t\t\t\t\t\t<a href=\"https:\/\/kfp.pl\/o-firmie\/daniel-sloboda\/\" class=\"elementor-author-box__avatar\">\n\t\t\t\t\t<img src=\"https:\/\/kfp.pl\/o-firmie\/wp-content\/uploads\/2021\/02\/Daniel-Sloboda-KFP-1-300x300.jpg\" alt=\"Daniel S\u0142oboda\">\n\t\t\t\t<\/a>\n\t\t\t\n\t\t\t<div class=\"elementor-author-box__text\">\n\t\t\t\t\t\t\t\t\t<a href=\"https:\/\/kfp.pl\/o-firmie\/daniel-sloboda\/\">\n\t\t\t\t\t\t<h4 class=\"elementor-author-box__name\">Daniel S\u0142oboda<\/h4>\t\t\t\t\t<\/a>\n\t\t\t\t\n\t\t\t\t\t\t\t\t\t<div class=\"elementor-author-box__bio\">\n\t\t\t\t\t\t<p>fotoedytor archiwista<\/p>\n\t\t\t\t\t<\/div>\n\t\t\t\t\n\t\t\t\t\t\t\t<\/div>\n\t\t<\/div>\n\t\t\t\t<\/div>\n\t\t\t\t<\/div>\n\t\t\t\t\t<\/div>\n\t\t<\/div>\n\t\t\t\t<div class=\"elementor-column elementor-col-25 elementor-top-column elementor-element elementor-element-37ee3e62\" data-id=\"37ee3e62\" data-element_type=\"column\">\n\t\t\t<div class=\"elementor-widget-wrap elementor-element-populated\">\n\t\t\t\t\t\t\t\t<div class=\"elementor-element elementor-element-5ea83b8 elementor-author-box--layout-image-above elementor-author-box--align-center elementor-widget elementor-widget-global elementor-global-1206 elementor-widget-author-box\" data-id=\"5ea83b8\" data-element_type=\"widget\" data-widget_type=\"author-box.default\">\n\t\t\t\t<div class=\"elementor-widget-container\">\n\t\t\t\t\t<div class=\"elementor-author-box\">\n\t\t\t\t\t\t\t<a href=\"https:\/\/kfp.pl\/o-firmie\/anna-bobrowska\/\" class=\"elementor-author-box__avatar\">\n\t\t\t\t\t<img src=\"https:\/\/kfp.pl\/o-firmie\/wp-content\/uploads\/2021\/02\/Anna-Bobrowska-KFP-1-300x300.jpg\" alt=\"Anna Bobrowska\">\n\t\t\t\t<\/a>\n\t\t\t\n\t\t\t<div class=\"elementor-author-box__text\">\n\t\t\t\t\t\t\t\t\t<a href=\"https:\/\/kfp.pl\/o-firmie\/anna-bobrowska\/\">\n\t\t\t\t\t\t<h4 class=\"elementor-author-box__name\">Anna Bobrowska<\/h4>\t\t\t\t\t<\/a>\n\t\t\t\t\n\t\t\t\t\t\t\t\t\t<div class=\"elementor-author-box__bio\">\n\t\t\t\t\t\t<p>fotoreporterka<\/p>\n\t\t\t\t\t<\/div>\n\t\t\t\t\n\t\t\t\t\t\t\t<\/div>\n\t\t<\/div>\n\t\t\t\t<\/div>\n\t\t\t\t<\/div>\n\t\t\t\t<div class=\"elementor-element elementor-element-6588686d elementor-author-box--layout-image-above elementor-author-box--align-center elementor-widget elementor-widget-global elementor-global-1209 elementor-widget-author-box\" data-id=\"6588686d\" data-element_type=\"widget\" data-widget_type=\"author-box.default\">\n\t\t\t\t<div class=\"elementor-widget-container\">\n\t\t\t\t\t<div class=\"elementor-author-box\">\n\t\t\t\t\t\t\t<a href=\"https:\/\/kfp.pl\/o-firmie\/pawel-marcinko\/\" class=\"elementor-author-box__avatar\">\n\t\t\t\t\t<img src=\"https:\/\/kfp.pl\/o-firmie\/wp-content\/uploads\/2021\/02\/pawel-marcinko-KFP-1-300x300.jpg\" alt=\"Pawe\u0142 Marcinko\">\n\t\t\t\t<\/a>\n\t\t\t\n\t\t\t<div class=\"elementor-author-box__text\">\n\t\t\t\t\t\t\t\t\t<a href=\"https:\/\/kfp.pl\/o-firmie\/pawel-marcinko\/\">\n\t\t\t\t\t\t<h4 class=\"elementor-author-box__name\">Pawe\u0142 Marcinko<\/h4>\t\t\t\t\t<\/a>\n\t\t\t\t\n\t\t\t\t\t\t\t\t\t<div class=\"elementor-author-box__bio\">\n\t\t\t\t\t\t<p>fotoedytor, fotoreporter<\/p>\n\t\t\t\t\t<\/div>\n\t\t\t\t\n\t\t\t\t\t\t\t<\/div>\n\t\t<\/div>\n\t\t\t\t<\/div>\n\t\t\t\t<\/div>\n\t\t\t\t\t<\/div>\n\t\t<\/div>\n\t\t\t\t\t\t\t<\/div>\n\t\t<\/section>\n\t\t\t\t\t\t<\/div>\n\t\t\t\t\t<\/div>\n\t\t","protected":false},"excerpt":{"rendered":"<p>Daniel S\u0142oboda Fotoerytor, archiwizator Fotoedytorem w KFP jest si\u0119 przed, po i w trakcie jazdy na rowerze. Daniel ma d\u0142u\u017csz\u0105 tras\u0119 dom \u2013 praca ni\u017c Pawe\u0142, doje\u017cd\u017ca z Pruszcza Gda\u0144skiego. Wykr\u0119ci\u0142 sobie u nas miano najstarszego sta\u017cem fotoedytora i archiwisty. Zasoby zdj\u0119ciowe, kt\u00f3re przekopuje od blisko 20 lat, nie maj\u0105 dla niego tajemnic, a to &hellip;<\/p>\n<p class=\"read-more\"> <a class=\"\" href=\"https:\/\/kfp.pl\/o-firmie\/daniel-sloboda\/\"> <span class=\"screen-reader-text\">Daniel S\u0142oboda<\/span> Read More \u00bb<\/a><\/p>\n","protected":false},"author":1,"featured_media":0,"parent":0,"menu_order":0,"comment_status":"closed","ping_status":"closed","template":"","meta":[],"uagb_featured_image_src":{"full":false,"thumbnail":false,"medium":false,"medium_large":false,"large":false,"1536x1536":false,"2048x2048":false,"woocommerce_thumbnail":false,"woocommerce_single":false,"woocommerce_gallery_thumbnail":false,"shop_catalog":false,"shop_single":false,"shop_thumbnail":false},"uagb_author_info":{"display_name":"portfolio.admin","author_link":"https:\/\/kfp.pl\/o-firmie\/author\/portfolio-admin\/"},"uagb_comment_info":0,"uagb_excerpt":"Daniel S\u0142oboda Fotoerytor, archiwizator Fotoedytorem w KFP jest si\u0119 przed, po i w trakcie jazdy na rowerze. Daniel ma d\u0142u\u017csz\u0105 tras\u0119 dom \u2013 praca ni\u017c Pawe\u0142, doje\u017cd\u017ca z Pruszcza Gda\u0144skiego. Wykr\u0119ci\u0142 sobie u nas miano najstarszego sta\u017cem fotoedytora i archiwisty. Zasoby zdj\u0119ciowe, kt\u00f3re przekopuje od blisko 20 lat, nie maj\u0105 dla niego tajemnic, a to&hellip;","_links":{"self":[{"href":"https:\/\/kfp.pl\/o-firmie\/wp-json\/wp\/v2\/pages\/197"}],"collection":[{"href":"https:\/\/kfp.pl\/o-firmie\/wp-json\/wp\/v2\/pages"}],"about":[{"href":"https:\/\/kfp.pl\/o-firmie\/wp-json\/wp\/v2\/types\/page"}],"author":[{"embeddable":true,"href":"https:\/\/kfp.pl\/o-firmie\/wp-json\/wp\/v2\/users\/1"}],"replies":[{"embeddable":true,"href":"https:\/\/kfp.pl\/o-firmie\/wp-json\/wp\/v2\/comments?post=197"}],"version-history":[{"count":8,"href":"https:\/\/kfp.pl\/o-firmie\/wp-json\/wp\/v2\/pages\/197\/revisions"}],"predecessor-version":[{"id":1297,"href":"https:\/\/kfp.pl\/o-firmie\/wp-json\/wp\/v2\/pages\/197\/revisions\/1297"}],"wp:attachment":[{"href":"https:\/\/kfp.pl\/o-firmie\/wp-json\/wp\/v2\/media?parent=197"}],"curies":[{"name":"wp","href":"https:\/\/api.w.org\/{rel}","templated":true}]}}