{"id":2221,"date":"2022-06-20T13:02:46","date_gmt":"2022-06-20T11:02:46","guid":{"rendered":"https:\/\/kfp.pl\/o-firmie\/?page_id=2221"},"modified":"2022-06-21T12:56:26","modified_gmt":"2022-06-21T10:56:26","slug":"gpp-2022","status":"publish","type":"page","link":"https:\/\/kfp.pl\/o-firmie\/gpp-2022\/","title":{"rendered":"GPP 2022"},"content":{"rendered":"\t\t<div data-elementor-type=\"wp-page\" data-elementor-id=\"2221\" class=\"elementor elementor-2221\" data-elementor-settings=\"[]\">\n\t\t\t\t\t\t\t<div class=\"elementor-section-wrap\">\n\t\t\t\t\t\t\t<section class=\"elementor-section elementor-top-section elementor-element elementor-element-c00fafb elementor-section-boxed elementor-section-height-default elementor-section-height-default\" data-id=\"c00fafb\" data-element_type=\"section\">\n\t\t\t\t\t\t<div class=\"elementor-container elementor-column-gap-default\">\n\t\t\t\t\t<div class=\"elementor-column elementor-col-100 elementor-top-column elementor-element elementor-element-68cb1ad\" data-id=\"68cb1ad\" data-element_type=\"column\">\n\t\t\t<div class=\"elementor-widget-wrap elementor-element-populated\">\n\t\t\t\t\t\t\t\t<div class=\"elementor-element elementor-element-a027bc1 elementor-widget elementor-widget-heading\" data-id=\"a027bc1\" data-element_type=\"widget\" data-widget_type=\"heading.default\">\n\t\t\t\t<div class=\"elementor-widget-container\">\n\t\t\t<h2 class=\"elementor-heading-title elementor-size-default\">XXVI Pomorski Konkurs Fotografii Prasowej im. Zbigniewa i Macieja Kosycarzy \u2013 Gda\u0144sk Press Photo 2022 <br>Zg\u0142oszenia do 28. czerwca 2022 <\/h2>\t\t<\/div>\n\t\t\t\t<\/div>\n\t\t\t\t\t<\/div>\n\t\t<\/div>\n\t\t\t\t\t\t\t<\/div>\n\t\t<\/section>\n\t\t\t\t<section class=\"elementor-section elementor-top-section elementor-element elementor-element-e3cf9a5 elementor-section-boxed elementor-section-height-default elementor-section-height-default\" data-id=\"e3cf9a5\" data-element_type=\"section\">\n\t\t\t\t\t\t<div class=\"elementor-container elementor-column-gap-default\">\n\t\t\t\t\t<div class=\"elementor-column elementor-col-100 elementor-top-column elementor-element elementor-element-ad5c93d\" data-id=\"ad5c93d\" data-element_type=\"column\">\n\t\t\t<div class=\"elementor-widget-wrap elementor-element-populated\">\n\t\t\t\t\t\t\t\t<div class=\"elementor-element elementor-element-7687ca7 elementor-widget elementor-widget-text-editor\" data-id=\"7687ca7\" data-element_type=\"widget\" data-widget_type=\"text-editor.default\">\n\t\t\t\t<div class=\"elementor-widget-container\">\n\t\t\t\t\t\t\t\t<p>Termin sk\u0142adania prac: 28 VI 2022, godz. 08:00;<br \/>Wernisa\u017c i gala rozdania nagr\u00f3d: 8 IX 2022, godz.17:00, wst\u0119p wolny<br \/>Miejsce wernisa\u017cu i gali: Ratusz Staromiejski, ul. Korzenna 33\/35<\/p><p>Na tegoroczn\u0105 XXVI edycj\u0119 Pomorskiego Konkursu Fotografii Prasowej im. Zbigniewa i Macieja Kosycarzy Gda\u0144sk Press Photo 2022 mo\u017cna zg\u0142asza\u0107 prace zrealizowane w woj. pomorskim mi\u0119dzy 1 czerwca 2021, a 31 maja 2022 roku, w sze\u015bciu kategoriach:<\/p><ol><li>Wydarzenie,<\/li><li>Ludzie,<\/li><li>\u017bycie i \u015bwiat wok\u00f3\u0142 nas,<\/li><li>Kultura,<\/li><li>Sport,<\/li><li>Fotografia spoza regionu (wykonana przez fotografika dzia\u0142aj\u0105cego w wojew\u00f3dztwie pomorskim).\u00a0<\/li><\/ol><p><strong>Przyjmowanie prac rozpocznie si\u0119 20 maja 2022 od godz. 00:01, a zako\u0144czy 28 czerwca 2022 o godz. 08:00. (przesy\u0142anie prac wy\u0142\u0105cznie drog\u0105 elektroniczn\u0105 za pomoc\u0105 formularza zg\u0142oszeniowego)<\/strong><\/p><p>W roku 2022 Jury obradowa\u0107 b\u0119dzie w sk\u0142adzie: Anna Brzezi\u0144ska-Skar\u017cy\u0144ska, Wojciech Druszcz i Chris Niedenthal.<\/p><p><strong>Jakie zmiany czekaj\u0105 nas w tym roku?<\/strong><\/p><p>W sierpniu, po obradach Jury do wiadomo\u015bci publicznej zostan\u0105 podane nazwiska os\u00f3b nagrodzonych (w kolejno\u015bci alfabetycznej). Uruchomiony zostanie tak\u017ce internetowy konkurs, podczas kt\u00f3rego wy\u0142oniona zostanie osoba, kt\u00f3ra otrzyma Nagrod\u0119 Publiczno\u015bci.<\/p><p>Wernisa\u017c wystawy pokonkursowej &#8222;Gda\u0144sk Press Photo 2022&#8221;, podczas kt\u00f3rego poznamy nagrodzone prace oraz zostan\u0105 wr\u0119czone nagrody i dyplomy laureatom, odb\u0119dzie si\u0119 w czwartek 8 wrze\u015bnia 2022 r. o godz.17.00.<\/p><p>Nagrody dla laureat\u00f3w fotografii prasowej ufundowali: Marsza\u0142ek Wojew\u00f3dztwa Pomorskiego oraz Prezydenci: Gda\u0144ska, Sopotu i Gdyni. To w\u0142a\u015bnie oni lub ich przedstawiciele b\u0119d\u0105 wr\u0119cza\u0107 nagrody i dyplomy.<\/p><p><strong>INFORMACJE O KONKURSIE:<\/strong><\/p><ul><li><a href=\"https:\/\/www.nck.org.pl\/pl\/media\/8014\" target=\"_blank\" rel=\"noopener\" data-entity-substitution=\"canonical\" data-entity-type=\"media\" data-entity-uuid=\"8b2ae464-2754-4020-a150-9d7565e66e9c\">Regulamin<\/a><\/li><li>Klauzula <a href=\"https:\/\/www.nck.org.pl\/pl\/media\/8018\" target=\"_blank\" rel=\"noopener\" data-entity-substitution=\"canonical\" data-entity-type=\"media\" data-entity-uuid=\"889a5abb-5d9c-4407-aa12-7760c69e71f1\">RODO<\/a><\/li><li><a href=\"https:\/\/forms.gle\/q4WB93tGZcTunrcw8\" target=\"_blank\" rel=\"noopener\">Formularz zg\u0142oszeniowy<\/a><\/li><li>Za\u0142\u0105cznik do formularza zg\u0142oszeniowego &#8211; <a href=\"https:\/\/www.nck.org.pl\/pl\/media\/8017\" target=\"_blank\" rel=\"noopener\" data-entity-substitution=\"canonical\" data-entity-type=\"media\" data-entity-uuid=\"7a220f93-1cf1-4fd9-ba4c-3ffbe18f69f1\">Karta zg\u0142oszeniowa<\/a><\/li><\/ul><p><strong>W przypadku pyta\u0144\u00a0<\/strong>prosimy o kontakt na adres\u00a0<strong><a href=\"mailto:gdanskpressphoto@gmail.com\">gdanskpressphoto@gmail.com<\/a><\/strong>\u00a0lub pod numerem telefonu\u00a0<strong>58 326 10 18.<\/strong><\/p><p><strong>Organizatorem konkursu jest Nadba\u0142tyckie Centrum Kultury w Gda\u0144sku. Wsp\u00f3\u0142organizatorem Gda\u0144sk Press Photo od 25 lat jest Agencja Fotograficzna Kosycarz Foto Press \/ KFP.<\/strong><\/p>\t\t\t\t\t\t<\/div>\n\t\t\t\t<\/div>\n\t\t\t\t\t<\/div>\n\t\t<\/div>\n\t\t\t\t\t\t\t<\/div>\n\t\t<\/section>\n\t\t\t\t<section class=\"elementor-section elementor-top-section elementor-element elementor-element-06427a9 elementor-section-boxed elementor-section-height-default elementor-section-height-default\" data-id=\"06427a9\" data-element_type=\"section\">\n\t\t\t\t\t\t<div class=\"elementor-container elementor-column-gap-default\">\n\t\t\t\t\t<div class=\"elementor-column elementor-col-100 elementor-top-column elementor-element elementor-element-b5db9ad\" data-id=\"b5db9ad\" data-element_type=\"column\">\n\t\t\t<div class=\"elementor-widget-wrap elementor-element-populated\">\n\t\t\t\t\t\t\t\t<div class=\"elementor-element elementor-element-fd077a9 elementor-widget elementor-widget-text-editor\" data-id=\"fd077a9\" data-element_type=\"widget\" data-widget_type=\"text-editor.default\">\n\t\t\t\t<div class=\"elementor-widget-container\">\n\t\t\t\t\t\t\t\t<p>Patronami honorowymi i fundatorami nagr\u00f3d finansowych w konkursie s\u0105 <strong>Marsza\u0142ek Wojew\u00f3dztwa Pomorskiego<\/strong> oraz <strong>Prezydenci Gda\u0144ska, Sopotu i Gdyni<\/strong>.\u00a0\u00a0<\/p>\t\t\t\t\t\t<\/div>\n\t\t\t\t<\/div>\n\t\t\t\t\t<\/div>\n\t\t<\/div>\n\t\t\t\t\t\t\t<\/div>\n\t\t<\/section>\n\t\t\t\t<section class=\"elementor-section elementor-top-section elementor-element elementor-element-2ea68cc elementor-section-boxed elementor-section-height-default elementor-section-height-default\" data-id=\"2ea68cc\" data-element_type=\"section\">\n\t\t\t\t\t\t<div class=\"elementor-container elementor-column-gap-default\">\n\t\t\t\t\t<div class=\"elementor-column elementor-col-25 elementor-top-column elementor-element elementor-element-40cc083\" data-id=\"40cc083\" data-element_type=\"column\">\n\t\t\t<div class=\"elementor-widget-wrap elementor-element-populated\">\n\t\t\t\t\t\t\t\t<div class=\"elementor-element elementor-element-55a3b07 elementor-widget elementor-widget-image\" data-id=\"55a3b07\" data-element_type=\"widget\" data-widget_type=\"image.default\">\n\t\t\t\t<div class=\"elementor-widget-container\">\n\t\t\t\t\t\t\t\t\t\t\t\t\t\t\t<img width=\"1024\" height=\"797\" src=\"https:\/\/kfp.pl\/o-firmie\/wp-content\/uploads\/2022\/06\/patronat-honorowy-Mieczyslaw-Struk-1024x797.png\" class=\"attachment-large size-large\" alt=\"\" loading=\"lazy\" srcset=\"https:\/\/kfp.pl\/o-firmie\/wp-content\/uploads\/2022\/06\/patronat-honorowy-Mieczyslaw-Struk-1024x797.png 1024w, https:\/\/kfp.pl\/o-firmie\/wp-content\/uploads\/2022\/06\/patronat-honorowy-Mieczyslaw-Struk-300x234.png 300w, https:\/\/kfp.pl\/o-firmie\/wp-content\/uploads\/2022\/06\/patronat-honorowy-Mieczyslaw-Struk-768x598.png 768w, https:\/\/kfp.pl\/o-firmie\/wp-content\/uploads\/2022\/06\/patronat-honorowy-Mieczyslaw-Struk-1536x1196.png 1536w, https:\/\/kfp.pl\/o-firmie\/wp-content\/uploads\/2022\/06\/patronat-honorowy-Mieczyslaw-Struk-600x467.png 600w, https:\/\/kfp.pl\/o-firmie\/wp-content\/uploads\/2022\/06\/patronat-honorowy-Mieczyslaw-Struk.png 1772w\" sizes=\"(max-width: 1024px) 100vw, 1024px\" \/>\t\t\t\t\t\t\t\t\t\t\t\t\t\t\t<\/div>\n\t\t\t\t<\/div>\n\t\t\t\t\t<\/div>\n\t\t<\/div>\n\t\t\t\t<div class=\"elementor-column elementor-col-25 elementor-top-column elementor-element elementor-element-e857bff\" data-id=\"e857bff\" data-element_type=\"column\">\n\t\t\t<div class=\"elementor-widget-wrap elementor-element-populated\">\n\t\t\t\t\t\t\t\t<div class=\"elementor-element elementor-element-07a2fb7 elementor-widget elementor-widget-image\" data-id=\"07a2fb7\" data-element_type=\"widget\" data-widget_type=\"image.default\">\n\t\t\t\t<div class=\"elementor-widget-container\">\n\t\t\t\t\t\t\t\t\t\t\t\t\t\t\t<img width=\"1024\" height=\"776\" src=\"https:\/\/kfp.pl\/o-firmie\/wp-content\/uploads\/2022\/06\/WielkiHerbGdanska_znak_2021_final-1024x776.jpg\" class=\"attachment-large size-large\" alt=\"\" loading=\"lazy\" srcset=\"https:\/\/kfp.pl\/o-firmie\/wp-content\/uploads\/2022\/06\/WielkiHerbGdanska_znak_2021_final-1024x776.jpg 1024w, https:\/\/kfp.pl\/o-firmie\/wp-content\/uploads\/2022\/06\/WielkiHerbGdanska_znak_2021_final-300x227.jpg 300w, https:\/\/kfp.pl\/o-firmie\/wp-content\/uploads\/2022\/06\/WielkiHerbGdanska_znak_2021_final-768x582.jpg 768w, https:\/\/kfp.pl\/o-firmie\/wp-content\/uploads\/2022\/06\/WielkiHerbGdanska_znak_2021_final-1536x1163.jpg 1536w, https:\/\/kfp.pl\/o-firmie\/wp-content\/uploads\/2022\/06\/WielkiHerbGdanska_znak_2021_final-2048x1551.jpg 2048w, https:\/\/kfp.pl\/o-firmie\/wp-content\/uploads\/2022\/06\/WielkiHerbGdanska_znak_2021_final-600x454.jpg 600w\" sizes=\"(max-width: 1024px) 100vw, 1024px\" \/>\t\t\t\t\t\t\t\t\t\t\t\t\t\t\t<\/div>\n\t\t\t\t<\/div>\n\t\t\t\t\t<\/div>\n\t\t<\/div>\n\t\t\t\t<div class=\"elementor-column elementor-col-25 elementor-top-column elementor-element elementor-element-c279565\" data-id=\"c279565\" data-element_type=\"column\">\n\t\t\t<div class=\"elementor-widget-wrap elementor-element-populated\">\n\t\t\t\t\t\t\t\t<div class=\"elementor-element elementor-element-8b69569 elementor-widget elementor-widget-image\" data-id=\"8b69569\" data-element_type=\"widget\" data-widget_type=\"image.default\">\n\t\t\t\t<div class=\"elementor-widget-container\">\n\t\t\t\t\t\t\t\t\t\t\t\t\t\t\t<img width=\"1024\" height=\"688\" src=\"https:\/\/kfp.pl\/o-firmie\/wp-content\/uploads\/2022\/06\/SOPOT-logo-1024x688.png\" class=\"attachment-large size-large\" alt=\"\" loading=\"lazy\" srcset=\"https:\/\/kfp.pl\/o-firmie\/wp-content\/uploads\/2022\/06\/SOPOT-logo-1024x688.png 1024w, https:\/\/kfp.pl\/o-firmie\/wp-content\/uploads\/2022\/06\/SOPOT-logo-300x201.png 300w, https:\/\/kfp.pl\/o-firmie\/wp-content\/uploads\/2022\/06\/SOPOT-logo-768x516.png 768w, https:\/\/kfp.pl\/o-firmie\/wp-content\/uploads\/2022\/06\/SOPOT-logo-600x403.png 600w, https:\/\/kfp.pl\/o-firmie\/wp-content\/uploads\/2022\/06\/SOPOT-logo.png 1212w\" sizes=\"(max-width: 1024px) 100vw, 1024px\" \/>\t\t\t\t\t\t\t\t\t\t\t\t\t\t\t<\/div>\n\t\t\t\t<\/div>\n\t\t\t\t\t<\/div>\n\t\t<\/div>\n\t\t\t\t<div class=\"elementor-column elementor-col-25 elementor-top-column elementor-element elementor-element-a0a129d\" data-id=\"a0a129d\" data-element_type=\"column\">\n\t\t\t<div class=\"elementor-widget-wrap elementor-element-populated\">\n\t\t\t\t\t\t\t\t<div class=\"elementor-element elementor-element-dc887be elementor-widget elementor-widget-image\" data-id=\"dc887be\" data-element_type=\"widget\" data-widget_type=\"image.default\">\n\t\t\t\t<div class=\"elementor-widget-container\">\n\t\t\t\t\t\t\t\t\t\t\t\t\t\t\t<img width=\"1024\" height=\"833\" src=\"https:\/\/kfp.pl\/o-firmie\/wp-content\/uploads\/2022\/06\/GDYNIA-moje-miasto-1024x833.jpg\" class=\"attachment-large size-large\" alt=\"\" loading=\"lazy\" srcset=\"https:\/\/kfp.pl\/o-firmie\/wp-content\/uploads\/2022\/06\/GDYNIA-moje-miasto-1024x833.jpg 1024w, https:\/\/kfp.pl\/o-firmie\/wp-content\/uploads\/2022\/06\/GDYNIA-moje-miasto-300x244.jpg 300w, https:\/\/kfp.pl\/o-firmie\/wp-content\/uploads\/2022\/06\/GDYNIA-moje-miasto-768x625.jpg 768w, https:\/\/kfp.pl\/o-firmie\/wp-content\/uploads\/2022\/06\/GDYNIA-moje-miasto-600x488.jpg 600w, https:\/\/kfp.pl\/o-firmie\/wp-content\/uploads\/2022\/06\/GDYNIA-moje-miasto.jpg 1049w\" sizes=\"(max-width: 1024px) 100vw, 1024px\" \/>\t\t\t\t\t\t\t\t\t\t\t\t\t\t\t<\/div>\n\t\t\t\t<\/div>\n\t\t\t\t\t<\/div>\n\t\t<\/div>\n\t\t\t\t\t\t\t<\/div>\n\t\t<\/section>\n\t\t\t\t<section class=\"elementor-section elementor-top-section elementor-element elementor-element-9aec2a8 elementor-section-boxed elementor-section-height-default elementor-section-height-default\" data-id=\"9aec2a8\" data-element_type=\"section\">\n\t\t\t\t\t\t<div class=\"elementor-container elementor-column-gap-default\">\n\t\t\t\t\t<div class=\"elementor-column elementor-col-100 elementor-top-column elementor-element elementor-element-314ed1b\" data-id=\"314ed1b\" data-element_type=\"column\">\n\t\t\t<div class=\"elementor-widget-wrap elementor-element-populated\">\n\t\t\t\t\t\t\t\t<div class=\"elementor-element elementor-element-a4ac941 elementor-widget elementor-widget-text-editor\" data-id=\"a4ac941\" data-element_type=\"widget\" data-widget_type=\"text-editor.default\">\n\t\t\t\t<div class=\"elementor-widget-container\">\n\t\t\t\t\t\t\t\t<p>Sponsorami\u00a0projektu s\u0105 firma <strong>PATONA POLSKA<\/strong> oraz <strong>Fundacja OKO-LICE KULTURY<\/strong> oraz firma <strong>TCF Micha\u0142 Pecka<\/strong>.<\/p>\t\t\t\t\t\t<\/div>\n\t\t\t\t<\/div>\n\t\t\t\t\t<\/div>\n\t\t<\/div>\n\t\t\t\t\t\t\t<\/div>\n\t\t<\/section>\n\t\t\t\t<section class=\"elementor-section elementor-top-section elementor-element elementor-element-7476dec elementor-section-boxed elementor-section-height-default elementor-section-height-default\" data-id=\"7476dec\" data-element_type=\"section\">\n\t\t\t\t\t\t<div class=\"elementor-container elementor-column-gap-default\">\n\t\t\t\t\t<div class=\"elementor-column elementor-col-33 elementor-top-column elementor-element elementor-element-9a3fdbe\" data-id=\"9a3fdbe\" data-element_type=\"column\">\n\t\t\t<div class=\"elementor-widget-wrap elementor-element-populated\">\n\t\t\t\t\t\t\t\t<div class=\"elementor-element elementor-element-2e94a2a elementor-widget elementor-widget-image\" data-id=\"2e94a2a\" data-element_type=\"widget\" data-widget_type=\"image.default\">\n\t\t\t\t<div class=\"elementor-widget-container\">\n\t\t\t\t\t\t\t\t\t\t\t\t\t\t\t<img width=\"710\" height=\"150\" src=\"https:\/\/kfp.pl\/o-firmie\/wp-content\/uploads\/2022\/06\/patona-logo-protect1.jpg\" class=\"attachment-large size-large\" alt=\"\" loading=\"lazy\" srcset=\"https:\/\/kfp.pl\/o-firmie\/wp-content\/uploads\/2022\/06\/patona-logo-protect1.jpg 710w, https:\/\/kfp.pl\/o-firmie\/wp-content\/uploads\/2022\/06\/patona-logo-protect1-300x63.jpg 300w, https:\/\/kfp.pl\/o-firmie\/wp-content\/uploads\/2022\/06\/patona-logo-protect1-600x127.jpg 600w\" sizes=\"(max-width: 710px) 100vw, 710px\" \/>\t\t\t\t\t\t\t\t\t\t\t\t\t\t\t<\/div>\n\t\t\t\t<\/div>\n\t\t\t\t\t<\/div>\n\t\t<\/div>\n\t\t\t\t<div class=\"elementor-column elementor-col-33 elementor-top-column elementor-element elementor-element-99d7dce\" data-id=\"99d7dce\" data-element_type=\"column\">\n\t\t\t<div class=\"elementor-widget-wrap elementor-element-populated\">\n\t\t\t\t\t\t\t\t<div class=\"elementor-element elementor-element-f4b2082 elementor-widget elementor-widget-image\" data-id=\"f4b2082\" data-element_type=\"widget\" data-widget_type=\"image.default\">\n\t\t\t\t<div class=\"elementor-widget-container\">\n\t\t\t\t\t\t\t\t\t\t\t\t\t\t\t<img width=\"1024\" height=\"213\" src=\"https:\/\/kfp.pl\/o-firmie\/wp-content\/uploads\/2022\/06\/logo_Tcf2_biale_tlo-1024x213.png\" class=\"attachment-large size-large\" alt=\"\" loading=\"lazy\" srcset=\"https:\/\/kfp.pl\/o-firmie\/wp-content\/uploads\/2022\/06\/logo_Tcf2_biale_tlo-1024x213.png 1024w, https:\/\/kfp.pl\/o-firmie\/wp-content\/uploads\/2022\/06\/logo_Tcf2_biale_tlo-300x62.png 300w, https:\/\/kfp.pl\/o-firmie\/wp-content\/uploads\/2022\/06\/logo_Tcf2_biale_tlo-768x160.png 768w, https:\/\/kfp.pl\/o-firmie\/wp-content\/uploads\/2022\/06\/logo_Tcf2_biale_tlo-1536x320.png 1536w, https:\/\/kfp.pl\/o-firmie\/wp-content\/uploads\/2022\/06\/logo_Tcf2_biale_tlo-600x125.png 600w, https:\/\/kfp.pl\/o-firmie\/wp-content\/uploads\/2022\/06\/logo_Tcf2_biale_tlo.png 1772w\" sizes=\"(max-width: 1024px) 100vw, 1024px\" \/>\t\t\t\t\t\t\t\t\t\t\t\t\t\t\t<\/div>\n\t\t\t\t<\/div>\n\t\t\t\t\t<\/div>\n\t\t<\/div>\n\t\t\t\t<div class=\"elementor-column elementor-col-33 elementor-top-column elementor-element elementor-element-769bc0e\" data-id=\"769bc0e\" data-element_type=\"column\">\n\t\t\t<div class=\"elementor-widget-wrap elementor-element-populated\">\n\t\t\t\t\t\t\t\t<div class=\"elementor-element elementor-element-fb134c2 elementor-widget elementor-widget-image\" data-id=\"fb134c2\" data-element_type=\"widget\" data-widget_type=\"image.default\">\n\t\t\t\t<div class=\"elementor-widget-container\">\n\t\t\t\t\t\t\t\t\t\t\t\t\t\t\t<img width=\"160\" height=\"160\" src=\"https:\/\/kfp.pl\/o-firmie\/wp-content\/uploads\/2022\/06\/Fundacja-OKO-LICE-KULTURY.jpg\" class=\"attachment-large size-large\" alt=\"\" loading=\"lazy\" srcset=\"https:\/\/kfp.pl\/o-firmie\/wp-content\/uploads\/2022\/06\/Fundacja-OKO-LICE-KULTURY.jpg 160w, https:\/\/kfp.pl\/o-firmie\/wp-content\/uploads\/2022\/06\/Fundacja-OKO-LICE-KULTURY-150x150.jpg 150w, https:\/\/kfp.pl\/o-firmie\/wp-content\/uploads\/2022\/06\/Fundacja-OKO-LICE-KULTURY-100x100.jpg 100w\" sizes=\"(max-width: 160px) 100vw, 160px\" \/>\t\t\t\t\t\t\t\t\t\t\t\t\t\t\t<\/div>\n\t\t\t\t<\/div>\n\t\t\t\t\t<\/div>\n\t\t<\/div>\n\t\t\t\t\t\t\t<\/div>\n\t\t<\/section>\n\t\t\t\t<section class=\"elementor-section elementor-top-section elementor-element elementor-element-61ebaf8 elementor-section-boxed elementor-section-height-default elementor-section-height-default\" data-id=\"61ebaf8\" data-element_type=\"section\">\n\t\t\t\t\t\t<div class=\"elementor-container elementor-column-gap-default\">\n\t\t\t\t\t<div class=\"elementor-column elementor-col-100 elementor-top-column elementor-element elementor-element-050dd1f\" data-id=\"050dd1f\" data-element_type=\"column\">\n\t\t\t<div class=\"elementor-widget-wrap elementor-element-populated\">\n\t\t\t\t\t\t\t\t<div class=\"elementor-element elementor-element-b16c91a elementor-widget elementor-widget-text-editor\" data-id=\"b16c91a\" data-element_type=\"widget\" data-widget_type=\"text-editor.default\">\n\t\t\t\t<div class=\"elementor-widget-container\">\n\t\t\t\t\t\t\t\t<p>Partnerami\u00a0projektu s\u0105\u00a0<strong>Restauracja Kubicki<\/strong> oraz <strong>Restauracja Fellini<\/strong>.\u00a0<\/p>\t\t\t\t\t\t<\/div>\n\t\t\t\t<\/div>\n\t\t\t\t\t<\/div>\n\t\t<\/div>\n\t\t\t\t\t\t\t<\/div>\n\t\t<\/section>\n\t\t\t\t<section class=\"elementor-section elementor-top-section elementor-element elementor-element-e12c30c elementor-section-boxed elementor-section-height-default elementor-section-height-default\" data-id=\"e12c30c\" data-element_type=\"section\">\n\t\t\t\t\t\t<div class=\"elementor-container elementor-column-gap-default\">\n\t\t\t\t\t<div class=\"elementor-column elementor-col-50 elementor-top-column elementor-element elementor-element-fbbb7a3\" data-id=\"fbbb7a3\" data-element_type=\"column\">\n\t\t\t<div class=\"elementor-widget-wrap elementor-element-populated\">\n\t\t\t\t\t\t\t\t<div class=\"elementor-element elementor-element-453958b elementor-widget elementor-widget-image\" data-id=\"453958b\" data-element_type=\"widget\" data-widget_type=\"image.default\">\n\t\t\t\t<div class=\"elementor-widget-container\">\n\t\t\t\t\t\t\t\t\t\t\t\t\t\t\t<img src=\"https:\/\/kfp.pl\/o-firmie\/wp-content\/uploads\/elementor\/thumbs\/RESTAURACJA-KUBICKI_logo-okrag_e-1-pql8j1at4mo90g67vqfl7rdkgecz3f052fl1n2fk22.jpg\" title=\"RESTAURACJA KUBICKI_logo okr\u0105g\u0142e\" alt=\"RESTAURACJA KUBICKI_logo okr\u0105g\u0142e\" \/>\t\t\t\t\t\t\t\t\t\t\t\t\t\t\t<\/div>\n\t\t\t\t<\/div>\n\t\t\t\t\t<\/div>\n\t\t<\/div>\n\t\t\t\t<div class=\"elementor-column elementor-col-50 elementor-top-column elementor-element elementor-element-1e8f6b4\" data-id=\"1e8f6b4\" data-element_type=\"column\">\n\t\t\t<div class=\"elementor-widget-wrap elementor-element-populated\">\n\t\t\t\t\t\t\t\t<div class=\"elementor-element elementor-element-5613721 elementor-widget elementor-widget-image\" data-id=\"5613721\" data-element_type=\"widget\" data-widget_type=\"image.default\">\n\t\t\t\t<div class=\"elementor-widget-container\">\n\t\t\t\t\t\t\t\t\t\t\t\t\t\t\t<img width=\"1024\" height=\"446\" src=\"https:\/\/kfp.pl\/o-firmie\/wp-content\/uploads\/2022\/06\/logo_fellini-1024x446.jpg\" class=\"attachment-large size-large\" alt=\"\" loading=\"lazy\" srcset=\"https:\/\/kfp.pl\/o-firmie\/wp-content\/uploads\/2022\/06\/logo_fellini-1024x446.jpg 1024w, https:\/\/kfp.pl\/o-firmie\/wp-content\/uploads\/2022\/06\/logo_fellini-300x131.jpg 300w, https:\/\/kfp.pl\/o-firmie\/wp-content\/uploads\/2022\/06\/logo_fellini-768x334.jpg 768w, https:\/\/kfp.pl\/o-firmie\/wp-content\/uploads\/2022\/06\/logo_fellini-1536x668.jpg 1536w, https:\/\/kfp.pl\/o-firmie\/wp-content\/uploads\/2022\/06\/logo_fellini-600x261.jpg 600w, https:\/\/kfp.pl\/o-firmie\/wp-content\/uploads\/2022\/06\/logo_fellini.jpg 2013w\" sizes=\"(max-width: 1024px) 100vw, 1024px\" \/>\t\t\t\t\t\t\t\t\t\t\t\t\t\t\t<\/div>\n\t\t\t\t<\/div>\n\t\t\t\t\t<\/div>\n\t\t<\/div>\n\t\t\t\t\t\t\t<\/div>\n\t\t<\/section>\n\t\t\t\t\t\t<\/div>\n\t\t\t\t\t<\/div>\n\t\t","protected":false},"excerpt":{"rendered":"<p>XXVI Pomorski Konkurs Fotografii Prasowej im. Zbigniewa i Macieja Kosycarzy \u2013 Gda\u0144sk Press Photo 2022 Zg\u0142oszenia do 28. czerwca 2022 Termin sk\u0142adania prac: 28 VI 2022, godz. 08:00;Wernisa\u017c i gala rozdania nagr\u00f3d: 8 IX 2022, godz.17:00, wst\u0119p wolnyMiejsce wernisa\u017cu i gali: Ratusz Staromiejski, ul. Korzenna 33\/35 Na tegoroczn\u0105 XXVI edycj\u0119 Pomorskiego Konkursu Fotografii Prasowej im. &hellip;<\/p>\n<p class=\"read-more\"> <a class=\"\" href=\"https:\/\/kfp.pl\/o-firmie\/gpp-2022\/\"> <span class=\"screen-reader-text\">GPP 2022<\/span> Read More \u00bb<\/a><\/p>\n","protected":false},"author":1,"featured_media":0,"parent":0,"menu_order":0,"comment_status":"closed","ping_status":"closed","template":"","meta":[],"uagb_featured_image_src":{"full":false,"thumbnail":false,"medium":false,"medium_large":false,"large":false,"1536x1536":false,"2048x2048":false,"woocommerce_thumbnail":false,"woocommerce_single":false,"woocommerce_gallery_thumbnail":false,"shop_catalog":false,"shop_single":false,"shop_thumbnail":false},"uagb_author_info":{"display_name":"portfolio.admin","author_link":"https:\/\/kfp.pl\/o-firmie\/author\/portfolio-admin\/"},"uagb_comment_info":0,"uagb_excerpt":"XXVI Pomorski Konkurs Fotografii Prasowej im. Zbigniewa i Macieja Kosycarzy \u2013 Gda\u0144sk Press Photo 2022 Zg\u0142oszenia do 28. czerwca 2022 Termin sk\u0142adania prac: 28 VI 2022, godz. 08:00;Wernisa\u017c i gala rozdania nagr\u00f3d: 8 IX 2022, godz.17:00, wst\u0119p wolnyMiejsce wernisa\u017cu i gali: Ratusz Staromiejski, ul. Korzenna 33\/35 Na tegoroczn\u0105 XXVI edycj\u0119 Pomorskiego Konkursu Fotografii Prasowej im.&hellip;","_links":{"self":[{"href":"https:\/\/kfp.pl\/o-firmie\/wp-json\/wp\/v2\/pages\/2221"}],"collection":[{"href":"https:\/\/kfp.pl\/o-firmie\/wp-json\/wp\/v2\/pages"}],"about":[{"href":"https:\/\/kfp.pl\/o-firmie\/wp-json\/wp\/v2\/types\/page"}],"author":[{"embeddable":true,"href":"https:\/\/kfp.pl\/o-firmie\/wp-json\/wp\/v2\/users\/1"}],"replies":[{"embeddable":true,"href":"https:\/\/kfp.pl\/o-firmie\/wp-json\/wp\/v2\/comments?post=2221"}],"version-history":[{"count":6,"href":"https:\/\/kfp.pl\/o-firmie\/wp-json\/wp\/v2\/pages\/2221\/revisions"}],"predecessor-version":[{"id":2249,"href":"https:\/\/kfp.pl\/o-firmie\/wp-json\/wp\/v2\/pages\/2221\/revisions\/2249"}],"wp:attachment":[{"href":"https:\/\/kfp.pl\/o-firmie\/wp-json\/wp\/v2\/media?parent=2221"}],"curies":[{"name":"wp","href":"https:\/\/api.w.org\/{rel}","templated":true}]}}