{"id":247,"date":"2020-09-09T15:20:38","date_gmt":"2020-09-09T13:20:38","guid":{"rendered":"https:\/\/kfp.pl\/o-firmie\/?page_id=247"},"modified":"2021-04-08T14:13:34","modified_gmt":"2021-04-08T12:13:34","slug":"kontakt","status":"publish","type":"page","link":"https:\/\/kfp.pl\/o-firmie\/kontakt\/","title":{"rendered":"Kontakt"},"content":{"rendered":"\t\t<div data-elementor-type=\"wp-page\" data-elementor-id=\"247\" class=\"elementor elementor-247\" data-elementor-settings=\"[]\">\n\t\t\t\t\t\t\t<div class=\"elementor-section-wrap\">\n\t\t\t\t\t\t\t<section class=\"elementor-section elementor-top-section elementor-element elementor-element-b0b3398 elementor-section-boxed elementor-section-height-default elementor-section-height-default\" data-id=\"b0b3398\" data-element_type=\"section\">\n\t\t\t\t\t\t<div class=\"elementor-container elementor-column-gap-default\">\n\t\t\t\t\t<div class=\"elementor-column elementor-col-33 elementor-top-column elementor-element elementor-element-820e556\" data-id=\"820e556\" data-element_type=\"column\">\n\t\t\t<div class=\"elementor-widget-wrap elementor-element-populated\">\n\t\t\t\t\t\t\t\t<div class=\"elementor-element elementor-element-22edb81 elementor-widget elementor-widget-heading\" data-id=\"22edb81\" data-element_type=\"widget\" data-widget_type=\"heading.default\">\n\t\t\t\t<div class=\"elementor-widget-container\">\n\t\t\t<h2 class=\"elementor-heading-title elementor-size-default\">Kontakt<\/h2>\t\t<\/div>\n\t\t\t\t<\/div>\n\t\t\t\t<div class=\"elementor-element elementor-element-05a91ee elementor-widget elementor-widget-text-editor\" data-id=\"05a91ee\" data-element_type=\"widget\" data-widget_type=\"text-editor.default\">\n\t\t\t\t<div class=\"elementor-widget-container\">\n\t\t\t\t\t\t\t\t<p>Email: foto@kfp.pl<\/p><h4>Masz pytanie? Zadzwo\u0144.<\/h4><p>tel: 58 301 94 46,<br \/>tel. 601 209 975<br \/>Pn &#8211; Pt &#8211; 9:00 do 17:00\u00a0<\/p>\t\t\t\t\t\t<\/div>\n\t\t\t\t<\/div>\n\t\t\t\t\t<\/div>\n\t\t<\/div>\n\t\t\t\t<div class=\"elementor-column elementor-col-66 elementor-top-column elementor-element elementor-element-c57513e\" data-id=\"c57513e\" data-element_type=\"column\">\n\t\t\t<div class=\"elementor-widget-wrap elementor-element-populated\">\n\t\t\t\t\t\t\t\t<div class=\"elementor-element elementor-element-4ab42cf elementor-widget elementor-widget-shortcode\" data-id=\"4ab42cf\" data-element_type=\"widget\" data-widget_type=\"shortcode.default\">\n\t\t\t\t<div class=\"elementor-widget-container\">\n\t\t\t\t\t<div class=\"elementor-shortcode\">\r\n<style type=\"text\/css\">\r\n\r\n\r\n\r\n\r\n\r\n\r\n\r\n\r\n\tbody #wpforms-251 .wpforms-form .wpforms-field input[type=text],\r\n\tbody #wpforms-251 .wpforms-form .wpforms-field input[type=email],\r\n\tbody #wpforms-251 .wpforms-form .wpforms-field input[type=tel],\r\n\tbody #wpforms-251 .wpforms-form .wpforms-field input[type=url],\r\n\tbody #wpforms-251 .wpforms-form .wpforms-field input[type=password],\r\n\tbody #wpforms-251 .wpforms-form .wpforms-field input[type=number]\r\n\t{\r\n\t\tbackground-color:#f9f9f9 ;\t\tborder-width: 1px;\t}\r\n\tbody #wpforms-251 .wpforms-form .wpforms-field .wpforms-field-row\r\n\t{\r\n\t\t\t}\r\n\t\r\n\r\n\tbody #wpforms-251 .wpforms-form .wpforms-field textarea {\r\n\t\tbackground-color:#f9f9f9 ;\t\t\tborder-width: 1px;\t\t\r\n\t}\r\n\r\n\r\n\r\n\/* Styling for Tablets *\/\r\n@media only screen and (max-width: 800px) and (min-width:481px) {\r\n\t\r\n\r\n\r\n\r\n}\r\n\r\n@media only screen and (max-width: 480px){\r\n\t\r\n\r\n\r\n\r\n}\r\n\/*Option to add custom CSS *\/\r\n\r\n\r\n\r\n\r\n\t\t<\/style>\r\n\t\t<div class=\"wpforms-container wpforms-container-full\" id=\"wpforms-251\"><form id=\"wpforms-form-251\" class=\"wpforms-validate wpforms-form\" data-formid=\"251\" method=\"post\" enctype=\"multipart\/form-data\" action=\"\/o-firmie\/wp-json\/wp\/v2\/pages\/247\" data-token=\"79953da3898e12742c8e3c58d6222e4b\"><noscript class=\"wpforms-error-noscript\">Please enable JavaScript in your browser to complete this form.<\/noscript><div class=\"wpforms-field-container\"><div id=\"wpforms-251-field_4-container\" class=\"wpforms-field wpforms-field-text\" data-field-id=\"4\"><input type=\"text\" id=\"wpforms-251-field_4\" class=\"wpforms-field-medium\" name=\"wpforms[fields][4]\" placeholder=\"Imi\u0119 i nazwisko\" ><\/div><div id=\"wpforms-251-field_5-container\" class=\"wpforms-field wpforms-field-text\" data-field-id=\"5\"><input type=\"text\" id=\"wpforms-251-field_5\" class=\"wpforms-field-medium\" name=\"wpforms[fields][5]\" placeholder=\"Temat\" ><\/div><div id=\"wpforms-251-field_6-container\" class=\"wpforms-field wpforms-field-email\" data-field-id=\"6\"><input type=\"email\" id=\"wpforms-251-field_6\" class=\"wpforms-field-medium wpforms-field-required\" name=\"wpforms[fields][6]\" placeholder=\"E-mail\" required><\/div><div id=\"wpforms-251-field_7-container\" class=\"wpforms-field wpforms-field-textarea\" data-field-id=\"7\"><textarea id=\"wpforms-251-field_7\" class=\"wpforms-field-large\" name=\"wpforms[fields][7]\" placeholder=\"Wiadomo\u015b\u0107\" ><\/textarea><\/div><div id=\"wpforms-251-field_8-container\" class=\"wpforms-field wpforms-field-checkbox\" data-field-id=\"8\"><label class=\"wpforms-field-label wpforms-label-hide\" for=\"wpforms-251-field_8\">Checkboxes <span class=\"wpforms-required-label\">*<\/span><\/label><ul id=\"wpforms-251-field_8\" class=\"wpforms-field-required\"><li class=\"choice-1 depth-1\"><input type=\"checkbox\" id=\"wpforms-251-field_8_1\" name=\"wpforms[fields][8][]\" value=\"Wyra\u017cam zgod\u0119\" required ><label class=\"wpforms-field-label-inline\" for=\"wpforms-251-field_8_1\">Wyra\u017cam zgod\u0119<\/label><\/li><\/ul><div class=\"wpforms-field-description\">Wyra\u017cam zgod\u0119 na przetwarzanie danych osobowych zgodnie z ustaw\u0105 o ochronie danych osobowych. Podanie danych jest dobrowolne, ale niezb\u0119dne do przetworzenia zapytania. Dane wpisane w formularzu kontaktowym b\u0119d\u0105 przetwarzane w celu udzielenia odpowiedzi na przes\u0142ane zapytanie zgodnie z regulaminem <a target=\"_blank\" href=\" https:\/\/kfp.pl\/o-firmie\/polityka-prywatnosci-2\">Polityka prywatno\u015bci<\/a> <\/div><\/div><div id=\"wpforms-251-field_9-container\" class=\"wpforms-field wpforms-field-text\" data-field-id=\"9\"><label class=\"wpforms-field-label\" for=\"wpforms-251-field_9\">Single Line Text<\/label><input type=\"text\" id=\"wpforms-251-field_9\" class=\"wpforms-field-medium\" name=\"wpforms[fields][9]\" ><\/div><\/div><div class=\"wpforms-submit-container\" ><input type=\"hidden\" name=\"wpforms[id]\" value=\"251\"><input type=\"hidden\" name=\"wpforms[author]\" value=\"1\"><button type=\"submit\" name=\"wpforms[submit]\" class=\"wpforms-submit \" id=\"wpforms-submit-251\" value=\"wpforms-submit\" aria-live=\"assertive\" data-alt-text=\"Wysy\u0142am...\" data-submit-text=\"Wy\u015blij wiadomo\u015b\u0107\">Wy\u015blij wiadomo\u015b\u0107<\/button><\/div><\/form><\/div>  <!-- .wpforms-container --><\/div>\n\t\t\t\t<\/div>\n\t\t\t\t<\/div>\n\t\t\t\t\t<\/div>\n\t\t<\/div>\n\t\t\t\t\t\t\t<\/div>\n\t\t<\/section>\n\t\t\t\t<section class=\"elementor-section elementor-top-section elementor-element elementor-element-a9af71c elementor-section-boxed elementor-section-height-default elementor-section-height-default\" data-id=\"a9af71c\" data-element_type=\"section\">\n\t\t\t\t\t\t<div class=\"elementor-container elementor-column-gap-default\">\n\t\t\t\t\t<div class=\"elementor-column elementor-col-100 elementor-top-column elementor-element elementor-element-2cd036b\" data-id=\"2cd036b\" data-element_type=\"column\">\n\t\t\t<div class=\"elementor-widget-wrap elementor-element-populated\">\n\t\t\t\t\t\t\t\t<div class=\"elementor-element elementor-element-3f5db16 elementor-hidden-phone elementor-widget-divider--view-line elementor-widget elementor-widget-divider\" data-id=\"3f5db16\" data-element_type=\"widget\" data-settings=\"{&quot;sticky&quot;:&quot;bottom&quot;,&quot;sticky_on&quot;:[&quot;desktop&quot;,&quot;tablet&quot;,&quot;mobile&quot;],&quot;sticky_offset&quot;:0,&quot;sticky_effects_offset&quot;:0}\" data-widget_type=\"divider.default\">\n\t\t\t\t<div class=\"elementor-widget-container\">\n\t\t\t\t\t<div class=\"elementor-divider\">\n\t\t\t<span class=\"elementor-divider-separator\">\n\t\t\t\t\t\t<\/span>\n\t\t<\/div>\n\t\t\t\t<\/div>\n\t\t\t\t<\/div>\n\t\t\t\t\t<\/div>\n\t\t<\/div>\n\t\t\t\t\t\t\t<\/div>\n\t\t<\/section>\n\t\t\t\t<section class=\"elementor-section elementor-top-section elementor-element elementor-element-84a2f19 elementor-section-boxed elementor-section-height-default elementor-section-height-default\" data-id=\"84a2f19\" data-element_type=\"section\">\n\t\t\t\t\t\t<div class=\"elementor-container elementor-column-gap-default\">\n\t\t\t\t\t<div class=\"elementor-column elementor-col-100 elementor-top-column elementor-element elementor-element-6005a12\" data-id=\"6005a12\" data-element_type=\"column\">\n\t\t\t<div class=\"elementor-widget-wrap elementor-element-populated\">\n\t\t\t\t\t\t\t\t<div class=\"elementor-element elementor-element-ecaea61 elementor-widget elementor-widget-heading\" data-id=\"ecaea61\" data-element_type=\"widget\" data-widget_type=\"heading.default\">\n\t\t\t\t<div class=\"elementor-widget-container\">\n\t\t\t<h2 class=\"elementor-heading-title elementor-size-default\">Znajd\u017a nas<\/h2>\t\t<\/div>\n\t\t\t\t<\/div>\n\t\t\t\t<div class=\"elementor-element elementor-element-45a09d9 elementor-widget elementor-widget-google_maps\" data-id=\"45a09d9\" data-element_type=\"widget\" data-widget_type=\"google_maps.default\">\n\t\t\t\t<div class=\"elementor-widget-container\">\n\t\t\t<div class=\"elementor-custom-embed\"><iframe frameborder=\"0\" scrolling=\"no\" marginheight=\"0\" marginwidth=\"0\" src=\"https:\/\/maps.google.com\/maps?q=Podwale%20Staromiejskie%2089%2F8&amp;t=m&amp;z=15&amp;output=embed&amp;iwloc=near\" title=\"Podwale Staromiejskie 89\/8\" aria-label=\"Podwale Staromiejskie 89\/8\"><\/iframe><\/div>\t\t<\/div>\n\t\t\t\t<\/div>\n\t\t\t\t<div class=\"elementor-element elementor-element-60fd219 elementor-widget elementor-widget-text-editor\" data-id=\"60fd219\" data-element_type=\"widget\" data-widget_type=\"text-editor.default\">\n\t\t\t\t<div class=\"elementor-widget-container\">\n\t\t\t\t\t\t\t\t<p><strong>Agencja Kosycarz Foto Press \/ KFP\u00a0<\/strong><br \/>ul. Podwale Staromiejskie 89\/8<br \/>80-844 Gda\u0144sk<br \/>Poniedzia\u0142ek &#8211; Pi\u0105tek 9:00-18:00\u00a0<\/p>\t\t\t\t\t\t<\/div>\n\t\t\t\t<\/div>\n\t\t\t\t\t<\/div>\n\t\t<\/div>\n\t\t\t\t\t\t\t<\/div>\n\t\t<\/section>\n\t\t\t\t\t\t<\/div>\n\t\t\t\t\t<\/div>\n\t\t","protected":false},"excerpt":{"rendered":"<p>Kontakt Email: foto@kfp.pl Masz pytanie? Zadzwo\u0144. tel: 58 301 94 46,tel. 601 209 975Pn &#8211; Pt &#8211; 9:00 do 17:00\u00a0 Znajd\u017a nas Agencja Kosycarz Foto Press \/ KFP\u00a0ul. Podwale Staromiejskie 89\/880-844 Gda\u0144skPoniedzia\u0142ek &#8211; Pi\u0105tek 9:00-18:00\u00a0<\/p>\n","protected":false},"author":1,"featured_media":0,"parent":0,"menu_order":0,"comment_status":"closed","ping_status":"closed","template":"","meta":[],"uagb_featured_image_src":{"full":false,"thumbnail":false,"medium":false,"medium_large":false,"large":false,"1536x1536":false,"2048x2048":false,"woocommerce_thumbnail":false,"woocommerce_single":false,"woocommerce_gallery_thumbnail":false,"shop_catalog":false,"shop_single":false,"shop_thumbnail":false},"uagb_author_info":{"display_name":"portfolio.admin","author_link":"https:\/\/kfp.pl\/o-firmie\/author\/portfolio-admin\/"},"uagb_comment_info":0,"uagb_excerpt":"Kontakt Email: foto@kfp.pl Masz pytanie? Zadzwo\u0144. tel: 58 301 94 46,tel. 601 209 975Pn &#8211; Pt &#8211; 9:00 do 17:00\u00a0 Znajd\u017a nas Agencja Kosycarz Foto Press \/ KFP\u00a0ul. Podwale Staromiejskie 89\/880-844 Gda\u0144skPoniedzia\u0142ek &#8211; Pi\u0105tek 9:00-18:00\u00a0","_links":{"self":[{"href":"https:\/\/kfp.pl\/o-firmie\/wp-json\/wp\/v2\/pages\/247"}],"collection":[{"href":"https:\/\/kfp.pl\/o-firmie\/wp-json\/wp\/v2\/pages"}],"about":[{"href":"https:\/\/kfp.pl\/o-firmie\/wp-json\/wp\/v2\/types\/page"}],"author":[{"embeddable":true,"href":"https:\/\/kfp.pl\/o-firmie\/wp-json\/wp\/v2\/users\/1"}],"replies":[{"embeddable":true,"href":"https:\/\/kfp.pl\/o-firmie\/wp-json\/wp\/v2\/comments?post=247"}],"version-history":[{"count":8,"href":"https:\/\/kfp.pl\/o-firmie\/wp-json\/wp\/v2\/pages\/247\/revisions"}],"predecessor-version":[{"id":2020,"href":"https:\/\/kfp.pl\/o-firmie\/wp-json\/wp\/v2\/pages\/247\/revisions\/2020"}],"wp:attachment":[{"href":"https:\/\/kfp.pl\/o-firmie\/wp-json\/wp\/v2\/media?parent=247"}],"curies":[{"name":"wp","href":"https:\/\/api.w.org\/{rel}","templated":true}]}}