{"id":549,"date":"2020-09-23T11:32:55","date_gmt":"2020-09-23T09:32:55","guid":{"rendered":"https:\/\/kfp.pl\/o-firmie\/?page_id=549"},"modified":"2024-11-22T12:48:39","modified_gmt":"2024-11-22T11:48:39","slug":"0-firmie","status":"publish","type":"page","link":"https:\/\/kfp.pl\/o-firmie\/0-firmie\/","title":{"rendered":"0-firmie"},"content":{"rendered":"\t\t<div data-elementor-type=\"wp-page\" data-elementor-id=\"549\" class=\"elementor elementor-549\" data-elementor-settings=\"[]\">\n\t\t\t\t\t\t\t<div class=\"elementor-section-wrap\">\n\t\t\t\t\t\t\t<section class=\"elementor-section elementor-top-section elementor-element elementor-element-ded75d5 elementor-section-boxed elementor-section-height-default elementor-section-height-default\" data-id=\"ded75d5\" data-element_type=\"section\">\n\t\t\t\t\t\t<div class=\"elementor-container elementor-column-gap-default\">\n\t\t\t\t\t<div class=\"elementor-column elementor-col-50 elementor-top-column elementor-element elementor-element-4f05c9b\" data-id=\"4f05c9b\" data-element_type=\"column\">\n\t\t\t<div class=\"elementor-widget-wrap elementor-element-populated\">\n\t\t\t\t\t\t\t\t<div class=\"elementor-element elementor-element-3ed30c1 elementor-widget elementor-widget-image\" data-id=\"3ed30c1\" data-element_type=\"widget\" data-widget_type=\"image.default\">\n\t\t\t\t<div class=\"elementor-widget-container\">\n\t\t\t\t\t\t\t\t\t\t\t\t\t\t\t<img width=\"1024\" height=\"683\" src=\"https:\/\/kfp.pl\/o-firmie\/wp-content\/uploads\/2021\/03\/m00075442-1024x683.jpg\" class=\"attachment-large size-large\" alt=\"\" loading=\"lazy\" srcset=\"https:\/\/kfp.pl\/o-firmie\/wp-content\/uploads\/2021\/03\/m00075442-1024x683.jpg 1024w, https:\/\/kfp.pl\/o-firmie\/wp-content\/uploads\/2021\/03\/m00075442-300x200.jpg 300w, https:\/\/kfp.pl\/o-firmie\/wp-content\/uploads\/2021\/03\/m00075442-768x512.jpg 768w, https:\/\/kfp.pl\/o-firmie\/wp-content\/uploads\/2021\/03\/m00075442-600x400.jpg 600w, https:\/\/kfp.pl\/o-firmie\/wp-content\/uploads\/2021\/03\/m00075442.jpg 1200w\" sizes=\"(max-width: 1024px) 100vw, 1024px\" \/>\t\t\t\t\t\t\t\t\t\t\t\t\t\t\t<\/div>\n\t\t\t\t<\/div>\n\t\t\t\t<div class=\"elementor-element elementor-element-e894c21 elementor-widget elementor-widget-image\" data-id=\"e894c21\" data-element_type=\"widget\" data-widget_type=\"image.default\">\n\t\t\t\t<div class=\"elementor-widget-container\">\n\t\t\t\t\t\t\t\t\t\t\t\t\t\t\t<img width=\"1024\" height=\"684\" src=\"https:\/\/kfp.pl\/o-firmie\/wp-content\/uploads\/2021\/03\/e00011081-1024x684.jpg\" class=\"attachment-large size-large\" alt=\"\" loading=\"lazy\" srcset=\"https:\/\/kfp.pl\/o-firmie\/wp-content\/uploads\/2021\/03\/e00011081-1024x684.jpg 1024w, https:\/\/kfp.pl\/o-firmie\/wp-content\/uploads\/2021\/03\/e00011081-300x200.jpg 300w, https:\/\/kfp.pl\/o-firmie\/wp-content\/uploads\/2021\/03\/e00011081-768x513.jpg 768w, https:\/\/kfp.pl\/o-firmie\/wp-content\/uploads\/2021\/03\/e00011081-600x401.jpg 600w, https:\/\/kfp.pl\/o-firmie\/wp-content\/uploads\/2021\/03\/e00011081.jpg 1200w\" sizes=\"(max-width: 1024px) 100vw, 1024px\" \/>\t\t\t\t\t\t\t\t\t\t\t\t\t\t\t<\/div>\n\t\t\t\t<\/div>\n\t\t\t\t<div class=\"elementor-element elementor-element-08d6a3d elementor-widget elementor-widget-image\" data-id=\"08d6a3d\" data-element_type=\"widget\" data-widget_type=\"image.default\">\n\t\t\t\t<div class=\"elementor-widget-container\">\n\t\t\t\t\t\t\t\t\t\t\t\t\t\t\t<img width=\"1024\" height=\"682\" src=\"https:\/\/kfp.pl\/o-firmie\/wp-content\/uploads\/2021\/03\/t00085397-1024x682.jpg\" class=\"attachment-large size-large\" alt=\"\" loading=\"lazy\" srcset=\"https:\/\/kfp.pl\/o-firmie\/wp-content\/uploads\/2021\/03\/t00085397-1024x682.jpg 1024w, https:\/\/kfp.pl\/o-firmie\/wp-content\/uploads\/2021\/03\/t00085397-300x200.jpg 300w, https:\/\/kfp.pl\/o-firmie\/wp-content\/uploads\/2021\/03\/t00085397-768x511.jpg 768w, https:\/\/kfp.pl\/o-firmie\/wp-content\/uploads\/2021\/03\/t00085397-600x400.jpg 600w, https:\/\/kfp.pl\/o-firmie\/wp-content\/uploads\/2021\/03\/t00085397.jpg 1200w\" sizes=\"(max-width: 1024px) 100vw, 1024px\" \/>\t\t\t\t\t\t\t\t\t\t\t\t\t\t\t<\/div>\n\t\t\t\t<\/div>\n\t\t\t\t<div class=\"elementor-element elementor-element-35318d4 elementor-widget elementor-widget-image\" data-id=\"35318d4\" data-element_type=\"widget\" data-widget_type=\"image.default\">\n\t\t\t\t<div class=\"elementor-widget-container\">\n\t\t\t\t\t\t\t\t\t\t\t\t\t\t\t<img width=\"1024\" height=\"682\" src=\"https:\/\/kfp.pl\/o-firmie\/wp-content\/uploads\/2021\/03\/t00085396-1024x682.jpg\" class=\"attachment-large size-large\" alt=\"\" loading=\"lazy\" srcset=\"https:\/\/kfp.pl\/o-firmie\/wp-content\/uploads\/2021\/03\/t00085396-1024x682.jpg 1024w, https:\/\/kfp.pl\/o-firmie\/wp-content\/uploads\/2021\/03\/t00085396-300x200.jpg 300w, https:\/\/kfp.pl\/o-firmie\/wp-content\/uploads\/2021\/03\/t00085396-768x511.jpg 768w, https:\/\/kfp.pl\/o-firmie\/wp-content\/uploads\/2021\/03\/t00085396-600x400.jpg 600w, https:\/\/kfp.pl\/o-firmie\/wp-content\/uploads\/2021\/03\/t00085396.jpg 1200w\" sizes=\"(max-width: 1024px) 100vw, 1024px\" \/>\t\t\t\t\t\t\t\t\t\t\t\t\t\t\t<\/div>\n\t\t\t\t<\/div>\n\t\t\t\t\t<\/div>\n\t\t<\/div>\n\t\t\t\t<div class=\"elementor-column elementor-col-50 elementor-top-column elementor-element elementor-element-a28aa46\" data-id=\"a28aa46\" data-element_type=\"column\">\n\t\t\t<div class=\"elementor-widget-wrap elementor-element-populated\">\n\t\t\t\t\t\t\t\t<div class=\"elementor-element elementor-element-90fe14f elementor-widget elementor-widget-text-editor\" data-id=\"90fe14f\" data-element_type=\"widget\" data-widget_type=\"text-editor.default\">\n\t\t\t\t<div class=\"elementor-widget-container\">\n\t\t\t\t\t\t\t\t<p><strong>Agencja Kosycarz Foto Press KFP<\/strong> dzia\u0142a od 1996 roku, kontynuuj\u0105c prac\u0119 gda\u0144skiego fotoreportera <strong>Zbigniewa Kosycarza<\/strong>. Pocz\u0105tki naszego archiwum si\u0119gaj\u0105 1945 roku. Zbi\u00f3r licz\u0105cy dziesi\u0105tki tysi\u0119cy negatyw\u00f3w, pieczo\u0142owicie dygitalizowanych przez naszych fotoedytor\u00f3w, obejmuje niemal wszystkie wydarzenia i sceny z \u017cycia Pomorza w drugiej po\u0142owie XX wieku. Piel\u0119gnujemy histori\u0119, dokumentujemy i opisujemy tera\u017aniejszo\u015b\u0107, zabiegamy o to, by owoce naszej pracy s\u0142u\u017cy\u0142y nast\u0119pnym pokoleniom.<\/p>\n<p>Z agencj\u0105 KFP wsp\u00f3\u0142pracuje dzi\u015b kilkoro pomorskich fotoreporter\u00f3w. \u017badne wa\u017cne wydarzenie na Pomorzu Gda\u0144skim nie mo\u017ce si\u0119 odby\u0107 bez ich udzia\u0142u. Nie ograniczamy si\u0119 jednak wy\u0142\u0105cznie do regionu i okoliczno\u015bci budz\u0105cych najwi\u0119ksze zainteresowanie mieszka\u0144c\u00f3w. Bohaterami naszych zdj\u0119\u0107 s\u0105 ludzie \u2013 osoby znane i mniej znane, reprezentuj\u0105ce wszystkie dziedziny \u017cycia. Tworzymy materia\u0142y ilustracyjne na ka\u017cdy temat. Wida\u0107 nas w prasie lokalnej, krajowej i zagranicznej. KFP nie ogranicza si\u0119 tylko do w\u0142asnego archiwum i aktualnych wydarze\u0144, przyjmujemy zlecenia na wykonanie zdj\u0119\u0107 pojedynczych oraz fotoreporta\u017cy. Nierzadko uczestniczymy w wielodniowych sesjach zdj\u0119ciowych aran\u017cowanych z my\u015bl\u0105 o publikacjach i wydawnictwach ksi\u0105\u017ckowych. Naszymi sta\u0142ymi klientami s\u0105 nie tylko prasa i wydawnictwa, ale r\u00f3wnie\u017c firmy, przedsi\u0119biorcy, instytucje i osoby prywatne.<\/p>\n<p>Od kilkunastu lat prowadzimy dzia\u0142alno\u015b\u0107 wydawnicz\u0105. KFP wydaje albumy, ksi\u0105\u017cki, katalogi i kalendarze. T\u0119 nasz\u0105 zawodow\u0105 przygod\u0119 z ilustracj\u0105 i tekstem drukowanym rozpocz\u0105\u0142 album \u201eFot. Kosycarz. Niezwyk\u0142e zwyk\u0142e zdj\u0119cia\u201d wydany przez <strong>Ma\u0107ka Kosycarza<\/strong> w 2006 roku. Pocz\u0105tkowo mia\u0142a to by\u0107 pojedyncza opowie\u015b\u0107 kronikarzy dziej\u00f3w regionu \u2013 ojca i syna \u2013 ale pomys\u0142 zosta\u0142 tak ciep\u0142o przyj\u0119ty, \u017ce powsta\u0142a seria, na kt\u00f3r\u0105 z\u0142o\u017cy\u0142o si\u0119 kilkana\u015bcie album\u00f3w. Planujemy nast\u0119pne.<br>Wydawnictwo KFP wsp\u00f3\u0142tworz\u0105 dzi\u015b do\u015bwiadczeni dziennikarze, redaktorzy, odkrywcy i badacze historii. Pracujemy pod kierunkiem <strong>Hani Kosycarz<\/strong>. Piszemy o ludziach, pokazujemy ich na tle zmieniaj\u0105cych si\u0119 miast i miejscowo\u015bci, transformacji gospodarczych, technologicznych, zawodowych i obyczajowych. W naszym dorobku s\u0105 wi\u0119c ksi\u0105\u017cki traktuj\u0105ce o dziejach komunikacji miejskiej i lotnictwa w Gda\u0144sku, gdy\u0144skiego ciep\u0142ownictwa czy Pa\u0144stwowej Stra\u017cy Po\u017carnej na Pomorzu, ale te\u017c o ochronie \u015brodowiska, historii gda\u0144skiej czekolady, o sporcie i teatrze, oraz muzyce jazzowej. Wszystkie bogato ilustrowane zdj\u0119ciami wykonanymi przez fotoreporter\u00f3w KFP. Kontynuujemy prac\u0119 Zbigniewa i Macieja Kosycarzy.<\/p>\t\t\t\t\t\t<\/div>\n\t\t\t\t<\/div>\n\t\t\t\t<div class=\"elementor-element elementor-element-248c7c2 elementor-widget elementor-widget-image\" data-id=\"248c7c2\" data-element_type=\"widget\" data-widget_type=\"image.default\">\n\t\t\t\t<div class=\"elementor-widget-container\">\n\t\t\t\t\t\t\t\t\t\t\t\t\t\t\t<img width=\"1024\" height=\"682\" src=\"https:\/\/kfp.pl\/o-firmie\/wp-content\/uploads\/2021\/03\/t00085399-1024x682.jpg\" class=\"attachment-large size-large\" alt=\"\" loading=\"lazy\" srcset=\"https:\/\/kfp.pl\/o-firmie\/wp-content\/uploads\/2021\/03\/t00085399-1024x682.jpg 1024w, https:\/\/kfp.pl\/o-firmie\/wp-content\/uploads\/2021\/03\/t00085399-300x200.jpg 300w, https:\/\/kfp.pl\/o-firmie\/wp-content\/uploads\/2021\/03\/t00085399-768x511.jpg 768w, https:\/\/kfp.pl\/o-firmie\/wp-content\/uploads\/2021\/03\/t00085399-600x400.jpg 600w, https:\/\/kfp.pl\/o-firmie\/wp-content\/uploads\/2021\/03\/t00085399.jpg 1200w\" sizes=\"(max-width: 1024px) 100vw, 1024px\" \/>\t\t\t\t\t\t\t\t\t\t\t\t\t\t\t<\/div>\n\t\t\t\t<\/div>\n\t\t\t\t\t<\/div>\n\t\t<\/div>\n\t\t\t\t\t\t\t<\/div>\n\t\t<\/section>\n\t\t\t\t\t\t<\/div>\n\t\t\t\t\t<\/div>\n\t\t","protected":false},"excerpt":{"rendered":"<p>Agencja Kosycarz Foto Press KFP dzia\u0142a od 1996 roku, kontynuuj\u0105c prac\u0119 gda\u0144skiego fotoreportera Zbigniewa Kosycarza. Pocz\u0105tki naszego archiwum si\u0119gaj\u0105 1945 roku. Zbi\u00f3r licz\u0105cy dziesi\u0105tki tysi\u0119cy negatyw\u00f3w, pieczo\u0142owicie dygitalizowanych przez naszych fotoedytor\u00f3w, obejmuje niemal wszystkie wydarzenia i sceny z \u017cycia Pomorza w drugiej po\u0142owie XX wieku. Piel\u0119gnujemy histori\u0119, dokumentujemy i opisujemy tera\u017aniejszo\u015b\u0107, zabiegamy o to, by &hellip;<\/p>\n<p class=\"read-more\"> <a class=\"\" href=\"https:\/\/kfp.pl\/o-firmie\/0-firmie\/\"> <span class=\"screen-reader-text\">0-firmie<\/span> Read More \u00bb<\/a><\/p>\n","protected":false},"author":1,"featured_media":0,"parent":0,"menu_order":0,"comment_status":"closed","ping_status":"closed","template":"","meta":[],"uagb_featured_image_src":{"full":false,"thumbnail":false,"medium":false,"medium_large":false,"large":false,"1536x1536":false,"2048x2048":false,"woocommerce_thumbnail":false,"woocommerce_single":false,"woocommerce_gallery_thumbnail":false,"shop_catalog":false,"shop_single":false,"shop_thumbnail":false},"uagb_author_info":{"display_name":"portfolio.admin","author_link":"https:\/\/kfp.pl\/o-firmie\/author\/portfolio-admin\/"},"uagb_comment_info":0,"uagb_excerpt":"Agencja Kosycarz Foto Press KFP dzia\u0142a od 1996 roku, kontynuuj\u0105c prac\u0119 gda\u0144skiego fotoreportera Zbigniewa Kosycarza. Pocz\u0105tki naszego archiwum si\u0119gaj\u0105 1945 roku. Zbi\u00f3r licz\u0105cy dziesi\u0105tki tysi\u0119cy negatyw\u00f3w, pieczo\u0142owicie dygitalizowanych przez naszych fotoedytor\u00f3w, obejmuje niemal wszystkie wydarzenia i sceny z \u017cycia Pomorza w drugiej po\u0142owie XX wieku. Piel\u0119gnujemy histori\u0119, dokumentujemy i opisujemy tera\u017aniejszo\u015b\u0107, zabiegamy o to, by&hellip;","_links":{"self":[{"href":"https:\/\/kfp.pl\/o-firmie\/wp-json\/wp\/v2\/pages\/549"}],"collection":[{"href":"https:\/\/kfp.pl\/o-firmie\/wp-json\/wp\/v2\/pages"}],"about":[{"href":"https:\/\/kfp.pl\/o-firmie\/wp-json\/wp\/v2\/types\/page"}],"author":[{"embeddable":true,"href":"https:\/\/kfp.pl\/o-firmie\/wp-json\/wp\/v2\/users\/1"}],"replies":[{"embeddable":true,"href":"https:\/\/kfp.pl\/o-firmie\/wp-json\/wp\/v2\/comments?post=549"}],"version-history":[{"count":23,"href":"https:\/\/kfp.pl\/o-firmie\/wp-json\/wp\/v2\/pages\/549\/revisions"}],"predecessor-version":[{"id":2281,"href":"https:\/\/kfp.pl\/o-firmie\/wp-json\/wp\/v2\/pages\/549\/revisions\/2281"}],"wp:attachment":[{"href":"https:\/\/kfp.pl\/o-firmie\/wp-json\/wp\/v2\/media?parent=549"}],"curies":[{"name":"wp","href":"https:\/\/api.w.org\/{rel}","templated":true}]}}