{"id":555,"date":"2020-09-23T12:04:48","date_gmt":"2020-09-23T10:04:48","guid":{"rendered":"https:\/\/kfp.pl\/o-firmie\/?page_id=555"},"modified":"2020-09-23T14:18:13","modified_gmt":"2020-09-23T12:18:13","slug":"rekomendacje","status":"publish","type":"page","link":"https:\/\/kfp.pl\/o-firmie\/rekomendacje\/","title":{"rendered":"Rekomendacje"},"content":{"rendered":"\t\t<div data-elementor-type=\"wp-page\" data-elementor-id=\"555\" class=\"elementor elementor-555\" data-elementor-settings=\"[]\">\n\t\t\t\t\t\t\t<div class=\"elementor-section-wrap\">\n\t\t\t\t\t\t\t<section class=\"elementor-section elementor-top-section elementor-element elementor-element-b7e12c6 elementor-section-boxed elementor-section-height-default elementor-section-height-default\" data-id=\"b7e12c6\" data-element_type=\"section\">\n\t\t\t\t\t\t<div class=\"elementor-container elementor-column-gap-default\">\n\t\t\t\t\t<div class=\"elementor-column elementor-col-33 elementor-top-column elementor-element elementor-element-3da6236\" data-id=\"3da6236\" data-element_type=\"column\">\n\t\t\t<div class=\"elementor-widget-wrap elementor-element-populated\">\n\t\t\t\t\t\t\t\t<div class=\"elementor-element elementor-element-af3bada elementor-widget elementor-widget-image\" data-id=\"af3bada\" data-element_type=\"widget\" data-widget_type=\"image.default\">\n\t\t\t\t<div class=\"elementor-widget-container\">\n\t\t\t\t\t\t\t\t\t\t\t\t\t\t\t<img width=\"600\" height=\"400\" src=\"https:\/\/kfp.pl\/o-firmie\/wp-content\/uploads\/2020\/09\/kfp-klienci-GAIT-600px.png\" class=\"attachment-large size-large\" alt=\"\" loading=\"lazy\" srcset=\"https:\/\/kfp.pl\/o-firmie\/wp-content\/uploads\/2020\/09\/kfp-klienci-GAIT-600px.png 600w, https:\/\/kfp.pl\/o-firmie\/wp-content\/uploads\/2020\/09\/kfp-klienci-GAIT-600px-300x200.png 300w\" sizes=\"(max-width: 600px) 100vw, 600px\" \/>\t\t\t\t\t\t\t\t\t\t\t\t\t\t\t<\/div>\n\t\t\t\t<\/div>\n\t\t\t\t\t<\/div>\n\t\t<\/div>\n\t\t\t\t<div class=\"elementor-column elementor-col-66 elementor-top-column elementor-element elementor-element-3b3cf03\" data-id=\"3b3cf03\" data-element_type=\"column\">\n\t\t\t<div class=\"elementor-widget-wrap elementor-element-populated\">\n\t\t\t\t\t\t\t\t<div class=\"elementor-element elementor-element-fd91930 elementor-widget elementor-widget-testimonial\" data-id=\"fd91930\" data-element_type=\"widget\" data-widget_type=\"testimonial.default\">\n\t\t\t\t<div class=\"elementor-widget-container\">\n\t\t\t\t\t<div class=\"elementor-testimonial-wrapper elementor-testimonial-text-align-left\">\n\t\t\t\t\t\t\t<div class=\"elementor-testimonial-content\">Z przyjemno\u015bci\u0105 rekomenduj\u0119 Kosycarz Foto Press. Profesjonalizm, kreatywno\u015b\u0107 i ogromne zaanga\u017cowanie cechowa\u0142y prac\u0119 zespo\u0142u KFP nad wydaniami ksi\u0105\u017cek oraz kalendarzy dedykowanych komunikacji miejskiej w Gda\u0144sku. Nasze do\u015bwiadczenia przy realizacji wsp\u00f3lnych projekt\u00f3w i efekty tej wsp\u00f3\u0142pracy stawiaj\u0105 KFP w gronie firm godnych polecania<\/div>\n\t\t\t\n\t\t\t\t\t\t<div class=\"elementor-testimonial-meta\">\n\t\t\t\t<div class=\"elementor-testimonial-meta-inner\">\n\t\t\t\t\t\n\t\t\t\t\t\t\t\t\t\t<div class=\"elementor-testimonial-details\">\n\t\t\t\t\t\t\t\t\t\t\t\t\t\t<div class=\"elementor-testimonial-name\">Maciej Lisicki<\/div>\n\t\t\t\t\t\t\t\t\t\t\t\t\t\t\t\t\t\t\t\t\t\t<div class=\"elementor-testimonial-job\">prezes sp\u00f3\u0142ki Gda\u0144skie Autobusy i Tramwaje<\/div>\n\t\t\t\t\t\t\t\t\t\t\t\t\t<\/div>\n\t\t\t\t\t\t\t\t\t<\/div>\n\t\t\t<\/div>\n\t\t\t\t\t<\/div>\n\t\t\t\t<\/div>\n\t\t\t\t<\/div>\n\t\t\t\t\t<\/div>\n\t\t<\/div>\n\t\t\t\t\t\t\t<\/div>\n\t\t<\/section>\n\t\t\t\t<section class=\"elementor-section elementor-top-section elementor-element elementor-element-67c686a elementor-section-boxed elementor-section-height-default elementor-section-height-default\" data-id=\"67c686a\" data-element_type=\"section\">\n\t\t\t\t\t\t<div class=\"elementor-container elementor-column-gap-default\">\n\t\t\t\t\t<div class=\"elementor-column elementor-col-100 elementor-top-column elementor-element elementor-element-0b5c6df\" data-id=\"0b5c6df\" data-element_type=\"column\">\n\t\t\t<div class=\"elementor-widget-wrap elementor-element-populated\">\n\t\t\t\t\t\t\t\t<div class=\"elementor-element elementor-element-3517acb elementor-widget-divider--view-line elementor-widget elementor-widget-divider\" data-id=\"3517acb\" data-element_type=\"widget\" data-widget_type=\"divider.default\">\n\t\t\t\t<div class=\"elementor-widget-container\">\n\t\t\t\t\t<div class=\"elementor-divider\">\n\t\t\t<span class=\"elementor-divider-separator\">\n\t\t\t\t\t\t<\/span>\n\t\t<\/div>\n\t\t\t\t<\/div>\n\t\t\t\t<\/div>\n\t\t\t\t\t<\/div>\n\t\t<\/div>\n\t\t\t\t\t\t\t<\/div>\n\t\t<\/section>\n\t\t\t\t<section class=\"elementor-section elementor-top-section elementor-element elementor-element-65ef004 elementor-section-boxed elementor-section-height-default elementor-section-height-default\" data-id=\"65ef004\" data-element_type=\"section\">\n\t\t\t\t\t\t<div class=\"elementor-container elementor-column-gap-default\">\n\t\t\t\t\t<div class=\"elementor-column elementor-col-66 elementor-top-column elementor-element elementor-element-2a7b994\" data-id=\"2a7b994\" data-element_type=\"column\">\n\t\t\t<div class=\"elementor-widget-wrap elementor-element-populated\">\n\t\t\t\t\t\t\t\t<div class=\"elementor-element elementor-element-59dabc5 elementor-widget elementor-widget-testimonial\" data-id=\"59dabc5\" data-element_type=\"widget\" data-widget_type=\"testimonial.default\">\n\t\t\t\t<div class=\"elementor-widget-container\">\n\t\t\t\t\t<div class=\"elementor-testimonial-wrapper elementor-testimonial-text-align-left\">\n\t\t\t\t\t\t\t<div class=\"elementor-testimonial-content\">Port Lotniczy Gda\u0144sk im. Lecha Wa\u0142\u0119sy od wielu lat jest uwieczniany na zdj\u0119ciach Kosycarz Foto Press. Dzi\u0119ki Zbigniewowi Kosycarzowi wspominamy obrazy lotniska sprzed kilkudziesi\u0119ciu lat. A dzi\u0119ki Maciejowi widzimy, w jakim szybkim tempie i jak pi\u0119knie rozwija si\u0119 nasz port w ostatnich dekadach. Fotoreporterzy KFP byli i s\u0105 z nami w momentach dla nas wa\u017cnych \ni prze\u0142omowych. Zawsze pe\u0142ni pasji, utalentowani, kreatywni i profesjonalni<\/div>\n\t\t\t\n\t\t\t\t\t\t<div class=\"elementor-testimonial-meta\">\n\t\t\t\t<div class=\"elementor-testimonial-meta-inner\">\n\t\t\t\t\t\n\t\t\t\t\t\t\t\t\t\t<div class=\"elementor-testimonial-details\">\n\t\t\t\t\t\t\t\t\t\t\t\t\t\t<div class=\"elementor-testimonial-name\">Tomasz Kloskowski<\/div>\n\t\t\t\t\t\t\t\t\t\t\t\t\t\t\t\t\t\t\t\t\t\t<div class=\"elementor-testimonial-job\">prezes Portu Lotniczego Gda\u0144sk<\/div>\n\t\t\t\t\t\t\t\t\t\t\t\t\t<\/div>\n\t\t\t\t\t\t\t\t\t<\/div>\n\t\t\t<\/div>\n\t\t\t\t\t<\/div>\n\t\t\t\t<\/div>\n\t\t\t\t<\/div>\n\t\t\t\t\t<\/div>\n\t\t<\/div>\n\t\t\t\t<div class=\"elementor-column elementor-col-33 elementor-top-column elementor-element elementor-element-edc25be\" data-id=\"edc25be\" data-element_type=\"column\">\n\t\t\t<div class=\"elementor-widget-wrap elementor-element-populated\">\n\t\t\t\t\t\t\t\t<div class=\"elementor-element elementor-element-ec83ff8 elementor-widget elementor-widget-image\" data-id=\"ec83ff8\" data-element_type=\"widget\" data-widget_type=\"image.default\">\n\t\t\t\t<div class=\"elementor-widget-container\">\n\t\t\t\t\t\t\t\t\t\t\t\t\t\t\t<img width=\"600\" height=\"400\" src=\"https:\/\/kfp.pl\/o-firmie\/wp-content\/uploads\/2020\/09\/kfp-klienci-Lech-Walesa-Airport-600px.png\" class=\"attachment-large size-large\" alt=\"\" loading=\"lazy\" srcset=\"https:\/\/kfp.pl\/o-firmie\/wp-content\/uploads\/2020\/09\/kfp-klienci-Lech-Walesa-Airport-600px.png 600w, https:\/\/kfp.pl\/o-firmie\/wp-content\/uploads\/2020\/09\/kfp-klienci-Lech-Walesa-Airport-600px-300x200.png 300w\" sizes=\"(max-width: 600px) 100vw, 600px\" \/>\t\t\t\t\t\t\t\t\t\t\t\t\t\t\t<\/div>\n\t\t\t\t<\/div>\n\t\t\t\t\t<\/div>\n\t\t<\/div>\n\t\t\t\t\t\t\t<\/div>\n\t\t<\/section>\n\t\t\t\t<section class=\"elementor-section elementor-top-section elementor-element elementor-element-d79e884 elementor-section-boxed elementor-section-height-default elementor-section-height-default\" data-id=\"d79e884\" data-element_type=\"section\">\n\t\t\t\t\t\t<div class=\"elementor-container elementor-column-gap-default\">\n\t\t\t\t\t<div class=\"elementor-column elementor-col-100 elementor-top-column elementor-element elementor-element-32634b6\" data-id=\"32634b6\" data-element_type=\"column\">\n\t\t\t<div class=\"elementor-widget-wrap elementor-element-populated\">\n\t\t\t\t\t\t\t\t<div class=\"elementor-element elementor-element-829ac2c elementor-widget-divider--view-line elementor-widget elementor-widget-divider\" data-id=\"829ac2c\" data-element_type=\"widget\" data-widget_type=\"divider.default\">\n\t\t\t\t<div class=\"elementor-widget-container\">\n\t\t\t\t\t<div class=\"elementor-divider\">\n\t\t\t<span class=\"elementor-divider-separator\">\n\t\t\t\t\t\t<\/span>\n\t\t<\/div>\n\t\t\t\t<\/div>\n\t\t\t\t<\/div>\n\t\t\t\t\t<\/div>\n\t\t<\/div>\n\t\t\t\t\t\t\t<\/div>\n\t\t<\/section>\n\t\t\t\t<section class=\"elementor-section elementor-top-section elementor-element elementor-element-4c523e6 elementor-section-boxed elementor-section-height-default elementor-section-height-default\" data-id=\"4c523e6\" data-element_type=\"section\">\n\t\t\t\t\t\t<div class=\"elementor-container elementor-column-gap-default\">\n\t\t\t\t\t<div class=\"elementor-column elementor-col-33 elementor-top-column elementor-element elementor-element-322b787\" data-id=\"322b787\" data-element_type=\"column\">\n\t\t\t<div class=\"elementor-widget-wrap elementor-element-populated\">\n\t\t\t\t\t\t\t\t<div class=\"elementor-element elementor-element-46ad51a elementor-widget elementor-widget-image\" data-id=\"46ad51a\" data-element_type=\"widget\" data-widget_type=\"image.default\">\n\t\t\t\t<div class=\"elementor-widget-container\">\n\t\t\t\t\t\t\t\t\t\t\t\t\t\t\t<img width=\"600\" height=\"400\" src=\"https:\/\/kfp.pl\/o-firmie\/wp-content\/uploads\/2020\/09\/kfp-klienci-OPEC-Gdynia-600px.png\" class=\"attachment-large size-large\" alt=\"\" loading=\"lazy\" srcset=\"https:\/\/kfp.pl\/o-firmie\/wp-content\/uploads\/2020\/09\/kfp-klienci-OPEC-Gdynia-600px.png 600w, https:\/\/kfp.pl\/o-firmie\/wp-content\/uploads\/2020\/09\/kfp-klienci-OPEC-Gdynia-600px-300x200.png 300w\" sizes=\"(max-width: 600px) 100vw, 600px\" \/>\t\t\t\t\t\t\t\t\t\t\t\t\t\t\t<\/div>\n\t\t\t\t<\/div>\n\t\t\t\t\t<\/div>\n\t\t<\/div>\n\t\t\t\t<div class=\"elementor-column elementor-col-66 elementor-top-column elementor-element elementor-element-7a3c3e0\" data-id=\"7a3c3e0\" data-element_type=\"column\">\n\t\t\t<div class=\"elementor-widget-wrap elementor-element-populated\">\n\t\t\t\t\t\t\t\t<div class=\"elementor-element elementor-element-8e7b66a elementor-widget elementor-widget-testimonial\" data-id=\"8e7b66a\" data-element_type=\"widget\" data-widget_type=\"testimonial.default\">\n\t\t\t\t<div class=\"elementor-widget-container\">\n\t\t\t\t\t<div class=\"elementor-testimonial-wrapper elementor-testimonial-text-align-left\">\n\t\t\t\t\t\t\t<div class=\"elementor-testimonial-content\">Z agencj\u0105 Kosycarz Foto Press realizowali\u015bmy kilka zada\u0144: wydanie ksi\u0105\u017cki o OPEC, sesje zdj\u0119ciowe, kursy fotografii, konkursy fotograficzne, produkcj\u0119 kalendarzy \u015bciennych i zaprosze\u0144 na jubileusz firmy. Wsp\u00f3lnie podejmowali\u015bmy tak\u017ce przedsi\u0119wzi\u0119cia charytatywne, np. na rzecz schroniska dla bezdomnych zwierz\u0105t w Gdyni. Na du\u017ce uznanie zas\u0142uguj\u0105 profesjonalizm i zaanga\u017cowanie os\u00f3b, z kt\u00f3rymi tw\u00f3rczo wsp\u00f3\u0142pracowali\u015bmy, a tak\u017ce wysoka jako\u015b\u0107 wyprodukowanych materia\u0142\u00f3w. KFP to solidna i inspiruj\u0105ca marka<\/div>\n\t\t\t\n\t\t\t\t\t\t<div class=\"elementor-testimonial-meta\">\n\t\t\t\t<div class=\"elementor-testimonial-meta-inner\">\n\t\t\t\t\t\n\t\t\t\t\t\t\t\t\t\t<div class=\"elementor-testimonial-details\">\n\t\t\t\t\t\t\t\t\t\t\t\t\t\t<div class=\"elementor-testimonial-name\">Janusz R\u00f3\u017ca\u0144ski<\/div>\n\t\t\t\t\t\t\t\t\t\t\t\t\t\t\t\t\t\t\t\t\t\t<div class=\"elementor-testimonial-job\">prezes zarz\u0105du Okr\u0119gowego Przedsi\u0119biorstwa Energetyki Cieplnej w Gdyni<\/div>\n\t\t\t\t\t\t\t\t\t\t\t\t\t<\/div>\n\t\t\t\t\t\t\t\t\t<\/div>\n\t\t\t<\/div>\n\t\t\t\t\t<\/div>\n\t\t\t\t<\/div>\n\t\t\t\t<\/div>\n\t\t\t\t\t<\/div>\n\t\t<\/div>\n\t\t\t\t\t\t\t<\/div>\n\t\t<\/section>\n\t\t\t\t<section class=\"elementor-section elementor-top-section elementor-element elementor-element-2fe2cee elementor-section-boxed elementor-section-height-default elementor-section-height-default\" data-id=\"2fe2cee\" data-element_type=\"section\">\n\t\t\t\t\t\t<div class=\"elementor-container elementor-column-gap-default\">\n\t\t\t\t\t<div class=\"elementor-column elementor-col-100 elementor-top-column elementor-element elementor-element-47733e0\" data-id=\"47733e0\" data-element_type=\"column\">\n\t\t\t<div class=\"elementor-widget-wrap elementor-element-populated\">\n\t\t\t\t\t\t\t\t<div class=\"elementor-element elementor-element-87b753d elementor-widget-divider--view-line elementor-widget elementor-widget-divider\" data-id=\"87b753d\" data-element_type=\"widget\" data-widget_type=\"divider.default\">\n\t\t\t\t<div class=\"elementor-widget-container\">\n\t\t\t\t\t<div class=\"elementor-divider\">\n\t\t\t<span class=\"elementor-divider-separator\">\n\t\t\t\t\t\t<\/span>\n\t\t<\/div>\n\t\t\t\t<\/div>\n\t\t\t\t<\/div>\n\t\t\t\t\t<\/div>\n\t\t<\/div>\n\t\t\t\t\t\t\t<\/div>\n\t\t<\/section>\n\t\t\t\t<section class=\"elementor-section elementor-top-section elementor-element elementor-element-4747e89 elementor-section-boxed elementor-section-height-default elementor-section-height-default\" data-id=\"4747e89\" data-element_type=\"section\">\n\t\t\t\t\t\t<div class=\"elementor-container elementor-column-gap-default\">\n\t\t\t\t\t<div class=\"elementor-column elementor-col-66 elementor-top-column elementor-element elementor-element-51b0f4c\" data-id=\"51b0f4c\" data-element_type=\"column\">\n\t\t\t<div class=\"elementor-widget-wrap elementor-element-populated\">\n\t\t\t\t\t\t\t\t<div class=\"elementor-element elementor-element-311622f elementor-widget elementor-widget-testimonial\" data-id=\"311622f\" data-element_type=\"widget\" data-widget_type=\"testimonial.default\">\n\t\t\t\t<div class=\"elementor-widget-container\">\n\t\t\t\t\t<div class=\"elementor-testimonial-wrapper elementor-testimonial-text-align-left\">\n\t\t\t\t\t\t\t<div class=\"elementor-testimonial-content\">Agencja Kosycarz Foto Press od wielu lat jest partnerem Festiwalu Polskich Film\u00f3w Fabularnych w Gdyni, najwa\u017cniejszego i najwi\u0119kszego spotkania bran\u017cy filmowej w Polsce. Nasz festiwal z roku na rok przyci\u0105ga coraz wi\u0119cej uczestnik\u00f3w, zar\u00f3wno filmowc\u00f3w, jak i mi\u0142o\u015bnik\u00f3w polskiego kina, a jego program wzbogaca si\u0119 o liczne wydarzenia towarzysz\u0105ce. Oznacza to coraz to nowe wyzwania dla fotoreporter\u00f3w dokumentuj\u0105cych t\u0119 znacz\u0105c\u0105 imprez\u0119. Zesp\u00f3\u0142 agencji KFP podejmuje je z du\u017cym zaanga\u017cowaniem, talentem i kreatywno\u015bci\u0105, zapewniaj\u0105c nam kompleksow\u0105 obs\u0142ug\u0119 fotoreportersk\u0105. Polecamy agencj\u0119 KFP, gdy\u017c gwarantuje profesjonalizm wsp\u00f3\u0142pracy i wysok\u0105 jako\u015b\u0107 materia\u0142\u00f3w fotograficznych<\/div>\n\t\t\t\n\t\t\t\t\t\t<div class=\"elementor-testimonial-meta\">\n\t\t\t\t<div class=\"elementor-testimonial-meta-inner\">\n\t\t\t\t\t\n\t\t\t\t\t\t\t\t\t\t<div class=\"elementor-testimonial-details\">\n\t\t\t\t\t\t\t\t\t\t\t\t\t\t<div class=\"elementor-testimonial-name\">Leszek Kope\u0107<\/div>\n\t\t\t\t\t\t\t\t\t\t\t\t\t\t\t\t\t\t\t\t\t\t<div class=\"elementor-testimonial-job\">dyrektor Festiwalu Polskich Film\u00f3w Fabularnych w Gdyni<\/div>\n\t\t\t\t\t\t\t\t\t\t\t\t\t<\/div>\n\t\t\t\t\t\t\t\t\t<\/div>\n\t\t\t<\/div>\n\t\t\t\t\t<\/div>\n\t\t\t\t<\/div>\n\t\t\t\t<\/div>\n\t\t\t\t\t<\/div>\n\t\t<\/div>\n\t\t\t\t<div class=\"elementor-column elementor-col-33 elementor-top-column elementor-element elementor-element-e40513e\" data-id=\"e40513e\" data-element_type=\"column\">\n\t\t\t<div class=\"elementor-widget-wrap elementor-element-populated\">\n\t\t\t\t\t\t\t\t<div class=\"elementor-element elementor-element-a387415 elementor-widget elementor-widget-image\" data-id=\"a387415\" data-element_type=\"widget\" data-widget_type=\"image.default\">\n\t\t\t\t<div class=\"elementor-widget-container\">\n\t\t\t\t\t\t\t\t\t\t\t\t\t\t\t<img width=\"225\" height=\"225\" src=\"https:\/\/kfp.pl\/o-firmie\/wp-content\/uploads\/2020\/09\/logo-festiwal-polskich-filmow-fabularnych.png\" class=\"attachment-large size-large\" alt=\"\" loading=\"lazy\" srcset=\"https:\/\/kfp.pl\/o-firmie\/wp-content\/uploads\/2020\/09\/logo-festiwal-polskich-filmow-fabularnych.png 225w, https:\/\/kfp.pl\/o-firmie\/wp-content\/uploads\/2020\/09\/logo-festiwal-polskich-filmow-fabularnych-150x150.png 150w, https:\/\/kfp.pl\/o-firmie\/wp-content\/uploads\/2020\/09\/logo-festiwal-polskich-filmow-fabularnych-100x100.png 100w\" sizes=\"(max-width: 225px) 100vw, 225px\" \/>\t\t\t\t\t\t\t\t\t\t\t\t\t\t\t<\/div>\n\t\t\t\t<\/div>\n\t\t\t\t\t<\/div>\n\t\t<\/div>\n\t\t\t\t\t\t\t<\/div>\n\t\t<\/section>\n\t\t\t\t<section class=\"elementor-section elementor-top-section elementor-element elementor-element-e727277 elementor-section-boxed elementor-section-height-default elementor-section-height-default\" data-id=\"e727277\" data-element_type=\"section\">\n\t\t\t\t\t\t<div class=\"elementor-container elementor-column-gap-default\">\n\t\t\t\t\t<div class=\"elementor-column elementor-col-100 elementor-top-column elementor-element elementor-element-cd11c9d\" data-id=\"cd11c9d\" data-element_type=\"column\">\n\t\t\t<div class=\"elementor-widget-wrap elementor-element-populated\">\n\t\t\t\t\t\t\t\t<div class=\"elementor-element elementor-element-2d30780 elementor-widget-divider--view-line elementor-widget elementor-widget-divider\" data-id=\"2d30780\" data-element_type=\"widget\" data-widget_type=\"divider.default\">\n\t\t\t\t<div class=\"elementor-widget-container\">\n\t\t\t\t\t<div class=\"elementor-divider\">\n\t\t\t<span class=\"elementor-divider-separator\">\n\t\t\t\t\t\t<\/span>\n\t\t<\/div>\n\t\t\t\t<\/div>\n\t\t\t\t<\/div>\n\t\t\t\t\t<\/div>\n\t\t<\/div>\n\t\t\t\t\t\t\t<\/div>\n\t\t<\/section>\n\t\t\t\t<section class=\"elementor-section elementor-top-section elementor-element elementor-element-036e94a elementor-section-boxed elementor-section-height-default elementor-section-height-default\" data-id=\"036e94a\" data-element_type=\"section\">\n\t\t\t\t\t\t<div class=\"elementor-container elementor-column-gap-default\">\n\t\t\t\t\t<div class=\"elementor-column elementor-col-33 elementor-top-column elementor-element elementor-element-19e0495\" data-id=\"19e0495\" data-element_type=\"column\">\n\t\t\t<div class=\"elementor-widget-wrap elementor-element-populated\">\n\t\t\t\t\t\t\t\t<div class=\"elementor-element elementor-element-fc1d6d7 elementor-widget elementor-widget-image\" data-id=\"fc1d6d7\" data-element_type=\"widget\" data-widget_type=\"image.default\">\n\t\t\t\t<div class=\"elementor-widget-container\">\n\t\t\t\t\t\t\t\t\t\t\t\t\t\t\t<img width=\"600\" height=\"400\" src=\"https:\/\/kfp.pl\/o-firmie\/wp-content\/uploads\/2020\/09\/kfp-klienci-OPERA-BALTYCKA-600px.png\" class=\"attachment-large size-large\" alt=\"\" loading=\"lazy\" srcset=\"https:\/\/kfp.pl\/o-firmie\/wp-content\/uploads\/2020\/09\/kfp-klienci-OPERA-BALTYCKA-600px.png 600w, https:\/\/kfp.pl\/o-firmie\/wp-content\/uploads\/2020\/09\/kfp-klienci-OPERA-BALTYCKA-600px-300x200.png 300w\" sizes=\"(max-width: 600px) 100vw, 600px\" \/>\t\t\t\t\t\t\t\t\t\t\t\t\t\t\t<\/div>\n\t\t\t\t<\/div>\n\t\t\t\t\t<\/div>\n\t\t<\/div>\n\t\t\t\t<div class=\"elementor-column elementor-col-66 elementor-top-column elementor-element elementor-element-1daa5e0\" data-id=\"1daa5e0\" data-element_type=\"column\">\n\t\t\t<div class=\"elementor-widget-wrap elementor-element-populated\">\n\t\t\t\t\t\t\t\t<div class=\"elementor-element elementor-element-21160bc elementor-widget elementor-widget-testimonial\" data-id=\"21160bc\" data-element_type=\"widget\" data-widget_type=\"testimonial.default\">\n\t\t\t\t<div class=\"elementor-widget-container\">\n\t\t\t\t\t<div class=\"elementor-testimonial-wrapper elementor-testimonial-text-align-left\">\n\t\t\t\t\t\t\t<div class=\"elementor-testimonial-content\">Pragniemy wyrazi\u0107 niek\u0142amany podziw i ogromne podzi\u0119kowanie firmie Kosycarz Foto Press za\ndotychczasow\u0105 wsp\u00f3\u0142prac\u0119 artystyczno-fotoreportersk\u0105. Sztuka operowa, z jak\u0105 zmagaj\u0105 si\u0119 arty\u015bci\nKFP, jest sztuk\u0105 wymagaj\u0105c\u0105, oczekuj\u0105c\u0105 od odbiorcy najwy\u017cszego zaanga\u017cowania. Fotoreporterom\nKFP udaje si\u0119 jednak kunsztownie uchwyci\u0107 to, co dla zwyk\u0142ego widza jest niedost\u0119pne i\nniedostrzegalne, w zjawiskowy spos\u00f3b to uwypukli\u0107 i utrwali\u0107 na fotografii. Zakulisowy reporta\u017c,\nprzygotowywany przez fotoreporter\u00f3w KFP, cz\u0119sto przyczynia si\u0119 do sukcesu spektakli operowych.\nWsp\u00f3\u0142prac\u0119 z KFP cenimy przede wszystkim za profesjonalizm na najwy\u017cszym poziomie oraz\nzaanga\u017cowanie w wykonywanie powierzonych zada\u0144. Fotoreporterzy doskonale radz\u0105 sobie z trudn\u0105\nsztuk\u0105 teatraln\u0105, jednocze\u015bnie utrwalaj\u0105c pozornie nieuchwytn\u0105 materi\u0119 muzyki. Wsp\u00f3\u0142praca ta jest\nwi\u0119c warto\u015bci\u0105 nie tylko dokumentacyjn\u0105, ale i artystyczn\u0105 \u2013 o czym \u015bwiadcz\u0105 gratulacje i s\u0142owa\nuznania p\u0142yn\u0105ce z Polski i ze \u015bwiata.\n\nDzi\u0119kujemy za dotychczasow\u0105 wsp\u00f3\u0142prac\u0119, maj\u0105c jednocze\u015bnie nadziej\u0119 na kolejne lata\nwsp\u00f3lnych do\u015bwiadcze\u0144 artystycznych.<\/div>\n\t\t\t\n\t\t\t\t\t\t<div class=\"elementor-testimonial-meta\">\n\t\t\t\t<div class=\"elementor-testimonial-meta-inner\">\n\t\t\t\t\t\n\t\t\t\t\t\t\t\t\t\t<div class=\"elementor-testimonial-details\">\n\t\t\t\t\t\t\t\t\t\t\t\t\t\t<div class=\"elementor-testimonial-name\">Anna Niwi\u0144ska<\/div>\n\t\t\t\t\t\t\t\t\t\t\t\t\t\t\t\t\t\t\t\t\t\t<div class=\"elementor-testimonial-job\">kierowniczka sekcji promocji Opera Ba\u0142tycka w Gda\u0144sku<\/div>\n\t\t\t\t\t\t\t\t\t\t\t\t\t<\/div>\n\t\t\t\t\t\t\t\t\t<\/div>\n\t\t\t<\/div>\n\t\t\t\t\t<\/div>\n\t\t\t\t<\/div>\n\t\t\t\t<\/div>\n\t\t\t\t\t<\/div>\n\t\t<\/div>\n\t\t\t\t\t\t\t<\/div>\n\t\t<\/section>\n\t\t\t\t\t\t<\/div>\n\t\t\t\t\t<\/div>\n\t\t","protected":false},"excerpt":{"rendered":"<p>Z przyjemno\u015bci\u0105 rekomenduj\u0119 Kosycarz Foto Press. Profesjonalizm, kreatywno\u015b\u0107 i ogromne zaanga\u017cowanie cechowa\u0142y prac\u0119 zespo\u0142u KFP nad wydaniami ksi\u0105\u017cek oraz kalendarzy dedykowanych komunikacji miejskiej w Gda\u0144sku. Nasze do\u015bwiadczenia przy realizacji wsp\u00f3lnych projekt\u00f3w i efekty tej wsp\u00f3\u0142pracy stawiaj\u0105 KFP w gronie firm godnych polecania Maciej Lisicki prezes sp\u00f3\u0142ki Gda\u0144skie Autobusy i Tramwaje Port Lotniczy Gda\u0144sk im. Lecha &hellip;<\/p>\n<p class=\"read-more\"> <a class=\"\" href=\"https:\/\/kfp.pl\/o-firmie\/rekomendacje\/\"> <span class=\"screen-reader-text\">Rekomendacje<\/span> Read More \u00bb<\/a><\/p>\n","protected":false},"author":1,"featured_media":0,"parent":0,"menu_order":0,"comment_status":"closed","ping_status":"closed","template":"","meta":[],"uagb_featured_image_src":{"full":false,"thumbnail":false,"medium":false,"medium_large":false,"large":false,"1536x1536":false,"2048x2048":false,"woocommerce_thumbnail":false,"woocommerce_single":false,"woocommerce_gallery_thumbnail":false,"shop_catalog":false,"shop_single":false,"shop_thumbnail":false},"uagb_author_info":{"display_name":"portfolio.admin","author_link":"https:\/\/kfp.pl\/o-firmie\/author\/portfolio-admin\/"},"uagb_comment_info":0,"uagb_excerpt":"Z przyjemno\u015bci\u0105 rekomenduj\u0119 Kosycarz Foto Press. Profesjonalizm, kreatywno\u015b\u0107 i ogromne zaanga\u017cowanie cechowa\u0142y prac\u0119 zespo\u0142u KFP nad wydaniami ksi\u0105\u017cek oraz kalendarzy dedykowanych komunikacji miejskiej w Gda\u0144sku. Nasze do\u015bwiadczenia przy realizacji wsp\u00f3lnych projekt\u00f3w i efekty tej wsp\u00f3\u0142pracy stawiaj\u0105 KFP w gronie firm godnych polecania Maciej Lisicki prezes sp\u00f3\u0142ki Gda\u0144skie Autobusy i Tramwaje Port Lotniczy Gda\u0144sk im. Lecha&hellip;","_links":{"self":[{"href":"https:\/\/kfp.pl\/o-firmie\/wp-json\/wp\/v2\/pages\/555"}],"collection":[{"href":"https:\/\/kfp.pl\/o-firmie\/wp-json\/wp\/v2\/pages"}],"about":[{"href":"https:\/\/kfp.pl\/o-firmie\/wp-json\/wp\/v2\/types\/page"}],"author":[{"embeddable":true,"href":"https:\/\/kfp.pl\/o-firmie\/wp-json\/wp\/v2\/users\/1"}],"replies":[{"embeddable":true,"href":"https:\/\/kfp.pl\/o-firmie\/wp-json\/wp\/v2\/comments?post=555"}],"version-history":[{"count":3,"href":"https:\/\/kfp.pl\/o-firmie\/wp-json\/wp\/v2\/pages\/555\/revisions"}],"predecessor-version":[{"id":586,"href":"https:\/\/kfp.pl\/o-firmie\/wp-json\/wp\/v2\/pages\/555\/revisions\/586"}],"wp:attachment":[{"href":"https:\/\/kfp.pl\/o-firmie\/wp-json\/wp\/v2\/media?parent=555"}],"curies":[{"name":"wp","href":"https:\/\/api.w.org\/{rel}","templated":true}]}}