{"id":587,"date":"2020-09-23T15:14:48","date_gmt":"2020-09-23T13:14:48","guid":{"rendered":"https:\/\/kfp.pl\/o-firmie\/?page_id=587"},"modified":"2020-09-23T15:16:58","modified_gmt":"2020-09-23T13:16:58","slug":"maciej-kosycarz","status":"publish","type":"page","link":"https:\/\/kfp.pl\/o-firmie\/maciej-kosycarz\/","title":{"rendered":"Maciej Kosycarz"},"content":{"rendered":"\t\t<div data-elementor-type=\"wp-page\" data-elementor-id=\"587\" class=\"elementor elementor-587\" data-elementor-settings=\"[]\">\n\t\t\t\t\t\t\t<div class=\"elementor-section-wrap\">\n\t\t\t\t\t\t\t<section class=\"elementor-section elementor-top-section elementor-element elementor-element-d9d403d elementor-section-boxed elementor-section-height-default elementor-section-height-default\" data-id=\"d9d403d\" data-element_type=\"section\">\n\t\t\t\t\t\t<div class=\"elementor-container elementor-column-gap-default\">\n\t\t\t\t\t<div class=\"elementor-column elementor-col-100 elementor-top-column elementor-element elementor-element-01912cf\" data-id=\"01912cf\" data-element_type=\"column\">\n\t\t\t<div class=\"elementor-widget-wrap elementor-element-populated\">\n\t\t\t\t\t\t\t\t<div class=\"elementor-element elementor-element-9fdae28 elementor-widget elementor-widget-heading\" data-id=\"9fdae28\" data-element_type=\"widget\" data-widget_type=\"heading.default\">\n\t\t\t\t<div class=\"elementor-widget-container\">\n\t\t\t<h2 class=\"elementor-heading-title elementor-size-default\">Maciej Kosycarz<\/h2>\t\t<\/div>\n\t\t\t\t<\/div>\n\t\t\t\t<div class=\"elementor-element elementor-element-73cee3d elementor-widget elementor-widget-heading\" data-id=\"73cee3d\" data-element_type=\"widget\" data-widget_type=\"heading.default\">\n\t\t\t\t<div class=\"elementor-widget-container\">\n\t\t\t<h3 class=\"elementor-heading-title elementor-size-default\">(1964-2020)<\/h3>\t\t<\/div>\n\t\t\t\t<\/div>\n\t\t\t\t\t<\/div>\n\t\t<\/div>\n\t\t\t\t\t\t\t<\/div>\n\t\t<\/section>\n\t\t\t\t<section class=\"elementor-section elementor-top-section elementor-element elementor-element-aacb35a elementor-section-boxed elementor-section-height-default elementor-section-height-default\" data-id=\"aacb35a\" data-element_type=\"section\">\n\t\t\t\t\t\t<div class=\"elementor-container elementor-column-gap-default\">\n\t\t\t\t\t<div class=\"elementor-column elementor-col-33 elementor-top-column elementor-element elementor-element-4d908d4\" data-id=\"4d908d4\" data-element_type=\"column\">\n\t\t\t<div class=\"elementor-widget-wrap elementor-element-populated\">\n\t\t\t\t\t\t\t\t<div class=\"elementor-element elementor-element-dbad5ff elementor-widget elementor-widget-image\" data-id=\"dbad5ff\" data-element_type=\"widget\" data-widget_type=\"image.default\">\n\t\t\t\t<div class=\"elementor-widget-container\">\n\t\t\t\t\t\t\t\t\t\t\t\t\t\t\t<img width=\"683\" height=\"1024\" src=\"https:\/\/kfp.pl\/o-firmie\/wp-content\/uploads\/2020\/09\/KFP-Maciej-Kosycraz-portfolio-00006717-683x1024.jpg\" class=\"attachment-large size-large\" alt=\"\" loading=\"lazy\" srcset=\"https:\/\/kfp.pl\/o-firmie\/wp-content\/uploads\/2020\/09\/KFP-Maciej-Kosycraz-portfolio-00006717-683x1024.jpg 683w, https:\/\/kfp.pl\/o-firmie\/wp-content\/uploads\/2020\/09\/KFP-Maciej-Kosycraz-portfolio-00006717-200x300.jpg 200w, https:\/\/kfp.pl\/o-firmie\/wp-content\/uploads\/2020\/09\/KFP-Maciej-Kosycraz-portfolio-00006717-768x1152.jpg 768w, https:\/\/kfp.pl\/o-firmie\/wp-content\/uploads\/2020\/09\/KFP-Maciej-Kosycraz-portfolio-00006717-600x900.jpg 600w, https:\/\/kfp.pl\/o-firmie\/wp-content\/uploads\/2020\/09\/KFP-Maciej-Kosycraz-portfolio-00006717.jpg 800w\" sizes=\"(max-width: 683px) 100vw, 683px\" \/>\t\t\t\t\t\t\t\t\t\t\t\t\t\t\t<\/div>\n\t\t\t\t<\/div>\n\t\t\t\t\t<\/div>\n\t\t<\/div>\n\t\t\t\t<div class=\"elementor-column elementor-col-66 elementor-top-column elementor-element elementor-element-a8b6849\" data-id=\"a8b6849\" data-element_type=\"column\">\n\t\t\t<div class=\"elementor-widget-wrap elementor-element-populated\">\n\t\t\t\t\t\t\t\t<div class=\"elementor-element elementor-element-c809584 elementor-widget elementor-widget-text-editor\" data-id=\"c809584\" data-element_type=\"widget\" data-widget_type=\"text-editor.default\">\n\t\t\t\t<div class=\"elementor-widget-container\">\n\t\t\t\t\t\t\t\t<p>Fotoreporter, wydawca, tw\u00f3rca i wieloletni szef agencji fotograficznej KFP (1996), wsp\u00f3\u0142za\u0142o\u017cyciel Galerii Sztuk R\u00f3\u017cnych Kosycarz&amp;MBeneda (2016), spo\u0142ecznik, dobry cz\u0142owiek. Kronikarz Gda\u0144ska, Gda\u0144szczanin Roku 2009, laureat Medalu Ksi\u0119cia M\u015bciwoja II przyznawanego za wybitne zas\u0142ugi dla miasta oraz podejmowanie po\u017cytecznych inicjatyw.<br \/>Syn dziennikarki Ludmi\u0142y Kosycarz (1932-1981) i fotoreportera Zbigniewa Kosycarza (1925-1995) przez wiele lat zwi\u0105zanych z gda\u0144skim Domem Prasy. Autor kilkunastu tysi\u0119cy zdj\u0119\u0107 opublikowanych w prasie. Zawodowo zwi\u0105zany z fotografi\u0105 od 1990 roku. Recenzentami jego pierwszych prasowych zdj\u0119\u0107 byli czytelnicy \u201eNaszych Tygodnik\u00f3w\u201d wydawanych na Kaszubach oraz tr\u00f3jmiejskiego \u201eTygodnika Wiecz\u00f3r\u201d. Nied\u0142ugo potem Maciek zosta\u0142 fotoreporterem \u201eG\u0142osu Wybrze\u017ca\u201d. W 1996 roku za\u0142o\u017cy\u0142 agencj\u0119 fotograficzn\u0105 Kosycarz Foto Press. <br \/>Zdj\u0119cia Macieja i jego taty Zbigniewa wielokrotnie prezentowane by\u0142y na wystawach. Ekspozycja \u201eZwyk\u0142e Miasto Gda\u0144sk w obiektywie ojca i syna\u201d (2001) podziwiana by\u0142a m.in. w Budapeszcie, Mostarze, Belgradzie, Kalmarze, Holbeak i Kaliningradzie. \u201eDzi\u0119ki fotografii unie\u015bmiertelniamy chwilowe obrazy z naszego \u017cycia\u201d. S\u0142owa wielokrotnie powtarzane przez Ma\u0107ka teraz znacz\u0105 wi\u0119cej ni\u017c kiedykolwiek wcze\u015bniej.<\/p>\t\t\t\t\t\t<\/div>\n\t\t\t\t<\/div>\n\t\t\t\t\t<\/div>\n\t\t<\/div>\n\t\t\t\t\t\t\t<\/div>\n\t\t<\/section>\n\t\t\t\t\t\t<\/div>\n\t\t\t\t\t<\/div>\n\t\t","protected":false},"excerpt":{"rendered":"<p>Maciej Kosycarz (1964-2020) Fotoreporter, wydawca, tw\u00f3rca i wieloletni szef agencji fotograficznej KFP (1996), wsp\u00f3\u0142za\u0142o\u017cyciel Galerii Sztuk R\u00f3\u017cnych Kosycarz&amp;MBeneda (2016), spo\u0142ecznik, dobry cz\u0142owiek. Kronikarz Gda\u0144ska, Gda\u0144szczanin Roku 2009, laureat Medalu Ksi\u0119cia M\u015bciwoja II przyznawanego za wybitne zas\u0142ugi dla miasta oraz podejmowanie po\u017cytecznych inicjatyw.Syn dziennikarki Ludmi\u0142y Kosycarz (1932-1981) i fotoreportera Zbigniewa Kosycarza (1925-1995) przez wiele lat zwi\u0105zanych &hellip;<\/p>\n<p class=\"read-more\"> <a class=\"\" href=\"https:\/\/kfp.pl\/o-firmie\/maciej-kosycarz\/\"> <span class=\"screen-reader-text\">Maciej Kosycarz<\/span> Read More \u00bb<\/a><\/p>\n","protected":false},"author":1,"featured_media":0,"parent":0,"menu_order":0,"comment_status":"closed","ping_status":"closed","template":"","meta":[],"uagb_featured_image_src":{"full":false,"thumbnail":false,"medium":false,"medium_large":false,"large":false,"1536x1536":false,"2048x2048":false,"woocommerce_thumbnail":false,"woocommerce_single":false,"woocommerce_gallery_thumbnail":false,"shop_catalog":false,"shop_single":false,"shop_thumbnail":false},"uagb_author_info":{"display_name":"portfolio.admin","author_link":"https:\/\/kfp.pl\/o-firmie\/author\/portfolio-admin\/"},"uagb_comment_info":0,"uagb_excerpt":"Maciej Kosycarz (1964-2020) Fotoreporter, wydawca, tw\u00f3rca i wieloletni szef agencji fotograficznej KFP (1996), wsp\u00f3\u0142za\u0142o\u017cyciel Galerii Sztuk R\u00f3\u017cnych Kosycarz&amp;MBeneda (2016), spo\u0142ecznik, dobry cz\u0142owiek. Kronikarz Gda\u0144ska, Gda\u0144szczanin Roku 2009, laureat Medalu Ksi\u0119cia M\u015bciwoja II przyznawanego za wybitne zas\u0142ugi dla miasta oraz podejmowanie po\u017cytecznych inicjatyw.Syn dziennikarki Ludmi\u0142y Kosycarz (1932-1981) i fotoreportera Zbigniewa Kosycarza (1925-1995) przez wiele lat zwi\u0105zanych&hellip;","_links":{"self":[{"href":"https:\/\/kfp.pl\/o-firmie\/wp-json\/wp\/v2\/pages\/587"}],"collection":[{"href":"https:\/\/kfp.pl\/o-firmie\/wp-json\/wp\/v2\/pages"}],"about":[{"href":"https:\/\/kfp.pl\/o-firmie\/wp-json\/wp\/v2\/types\/page"}],"author":[{"embeddable":true,"href":"https:\/\/kfp.pl\/o-firmie\/wp-json\/wp\/v2\/users\/1"}],"replies":[{"embeddable":true,"href":"https:\/\/kfp.pl\/o-firmie\/wp-json\/wp\/v2\/comments?post=587"}],"version-history":[{"count":3,"href":"https:\/\/kfp.pl\/o-firmie\/wp-json\/wp\/v2\/pages\/587\/revisions"}],"predecessor-version":[{"id":2145,"href":"https:\/\/kfp.pl\/o-firmie\/wp-json\/wp\/v2\/pages\/587\/revisions\/2145"}],"wp:attachment":[{"href":"https:\/\/kfp.pl\/o-firmie\/wp-json\/wp\/v2\/media?parent=587"}],"curies":[{"name":"wp","href":"https:\/\/api.w.org\/{rel}","templated":true}]}}