{"id":591,"date":"2020-09-23T15:19:28","date_gmt":"2020-09-23T13:19:28","guid":{"rendered":"https:\/\/kfp.pl\/o-firmie\/?page_id=591"},"modified":"2021-08-04T15:25:08","modified_gmt":"2021-08-04T13:25:08","slug":"zbigniew-kosycarz","status":"publish","type":"page","link":"https:\/\/kfp.pl\/o-firmie\/zbigniew-kosycarz\/","title":{"rendered":"Zbigniew Kosycarz"},"content":{"rendered":"\t\t<div data-elementor-type=\"wp-page\" data-elementor-id=\"591\" class=\"elementor elementor-591\" data-elementor-settings=\"[]\">\n\t\t\t\t\t\t\t<div class=\"elementor-section-wrap\">\n\t\t\t\t\t\t\t<section class=\"elementor-section elementor-top-section elementor-element elementor-element-d9d403d elementor-section-boxed elementor-section-height-default elementor-section-height-default\" data-id=\"d9d403d\" data-element_type=\"section\">\n\t\t\t\t\t\t<div class=\"elementor-container elementor-column-gap-default\">\n\t\t\t\t\t<div class=\"elementor-column elementor-col-100 elementor-top-column elementor-element elementor-element-01912cf\" data-id=\"01912cf\" data-element_type=\"column\">\n\t\t\t<div class=\"elementor-widget-wrap elementor-element-populated\">\n\t\t\t\t\t\t\t\t<div class=\"elementor-element elementor-element-9fdae28 elementor-widget elementor-widget-heading\" data-id=\"9fdae28\" data-element_type=\"widget\" data-widget_type=\"heading.default\">\n\t\t\t\t<div class=\"elementor-widget-container\">\n\t\t\t<h2 class=\"elementor-heading-title elementor-size-default\">Zbigniew Kosycarz<\/h2>\t\t<\/div>\n\t\t\t\t<\/div>\n\t\t\t\t<div class=\"elementor-element elementor-element-73cee3d elementor-widget elementor-widget-heading\" data-id=\"73cee3d\" data-element_type=\"widget\" data-widget_type=\"heading.default\">\n\t\t\t\t<div class=\"elementor-widget-container\">\n\t\t\t<h3 class=\"elementor-heading-title elementor-size-default\">(1925-1995)<\/h3>\t\t<\/div>\n\t\t\t\t<\/div>\n\t\t\t\t\t<\/div>\n\t\t<\/div>\n\t\t\t\t\t\t\t<\/div>\n\t\t<\/section>\n\t\t\t\t<section class=\"elementor-section elementor-top-section elementor-element elementor-element-aacb35a elementor-section-boxed elementor-section-height-default elementor-section-height-default\" data-id=\"aacb35a\" data-element_type=\"section\">\n\t\t\t\t\t\t<div class=\"elementor-container elementor-column-gap-default\">\n\t\t\t\t\t<div class=\"elementor-column elementor-col-33 elementor-top-column elementor-element elementor-element-4d908d4\" data-id=\"4d908d4\" data-element_type=\"column\">\n\t\t\t<div class=\"elementor-widget-wrap elementor-element-populated\">\n\t\t\t\t\t\t\t\t<div class=\"elementor-element elementor-element-dbad5ff elementor-widget elementor-widget-image\" data-id=\"dbad5ff\" data-element_type=\"widget\" data-widget_type=\"image.default\">\n\t\t\t\t<div class=\"elementor-widget-container\">\n\t\t\t\t\t\t\t\t\t\t\t\t\t\t\t<img width=\"1024\" height=\"982\" src=\"https:\/\/kfp.pl\/o-firmie\/wp-content\/uploads\/2020\/09\/KFP-Zbigniew-Kosycraz-portfolio-z00005355-1024x982.jpg\" class=\"attachment-large size-large\" alt=\"\" loading=\"lazy\" srcset=\"https:\/\/kfp.pl\/o-firmie\/wp-content\/uploads\/2020\/09\/KFP-Zbigniew-Kosycraz-portfolio-z00005355-1024x982.jpg 1024w, https:\/\/kfp.pl\/o-firmie\/wp-content\/uploads\/2020\/09\/KFP-Zbigniew-Kosycraz-portfolio-z00005355-300x288.jpg 300w, https:\/\/kfp.pl\/o-firmie\/wp-content\/uploads\/2020\/09\/KFP-Zbigniew-Kosycraz-portfolio-z00005355-768x737.jpg 768w, https:\/\/kfp.pl\/o-firmie\/wp-content\/uploads\/2020\/09\/KFP-Zbigniew-Kosycraz-portfolio-z00005355-600x576.jpg 600w, https:\/\/kfp.pl\/o-firmie\/wp-content\/uploads\/2020\/09\/KFP-Zbigniew-Kosycraz-portfolio-z00005355.jpg 1251w\" sizes=\"(max-width: 1024px) 100vw, 1024px\" \/>\t\t\t\t\t\t\t\t\t\t\t\t\t\t\t<\/div>\n\t\t\t\t<\/div>\n\t\t\t\t\t<\/div>\n\t\t<\/div>\n\t\t\t\t<div class=\"elementor-column elementor-col-66 elementor-top-column elementor-element elementor-element-a8b6849\" data-id=\"a8b6849\" data-element_type=\"column\">\n\t\t\t<div class=\"elementor-widget-wrap elementor-element-populated\">\n\t\t\t\t\t\t\t\t<div class=\"elementor-element elementor-element-c809584 elementor-widget elementor-widget-text-editor\" data-id=\"c809584\" data-element_type=\"widget\" data-widget_type=\"text-editor.default\">\n\t\t\t\t<div class=\"elementor-widget-container\">\n\t\t\t\t\t\t\t\t<p>By\u0142 jedn\u0105 z najpopularniejszych postaci Wybrze\u017ca Gda\u0144skiego. Przyjecha\u0142 do Gda\u0144ska w 1945 roku, zamieszka\u0142 pocz\u0105tkowo w Sopocie, pracowa\u0142 w redakcjach gda\u0144skich gazet i od pierwszych dni tworzy\u0142 fotograficzn\u0105 kronik\u0119 regionu. M\u00f3wiono o nim &#8222;Lataj\u0105cy reporter&#8221;. \u017badne wydarzenie nie mog\u0142o si\u0119 odby\u0107 bez jego udzia\u0142u. Dokumentowa\u0142 nasz\u0105 codzienno\u015b\u0107, nie rozstaj\u0105c si\u0119 z aparatem fotograficznym. Cho\u0107 przez ca\u0142e \u017cycie zawodowe zwi\u0105zany by\u0142 z gda\u0144skim dziennikiem \u201eG\u0142os Wybrze\u017ca\u201d, publikowa\u0142 tak\u017ce w wielu innych wydawnictwach. Fotografia prasowa sta\u0142a si\u0119 dla niego nie tylko prac\u0105, ale r\u00f3wnie\u017c hobby wype\u0142niaj\u0105cym ca\u0142e \u017cycie.<br \/>Z wielu przyznanych mu nagr\u00f3d i wyr\u00f3\u017cnie\u0144 najbardziej ceni\u0142 sobie tytu\u0142 Gda\u0144szczanina Roku 1972 otrzymany g\u0142osami czytelnik\u00f3w \u201eWieczoru Wybrze\u017ca\u201d. Od roku 1997 organizowany jest Pomorski Konkurs Fotografii Prasowej Gda\u0144sk Press Photo jego imienia.<\/p>\t\t\t\t\t\t<\/div>\n\t\t\t\t<\/div>\n\t\t\t\t\t<\/div>\n\t\t<\/div>\n\t\t\t\t\t\t\t<\/div>\n\t\t<\/section>\n\t\t\t\t\t\t<\/div>\n\t\t\t\t\t<\/div>\n\t\t","protected":false},"excerpt":{"rendered":"<p>Zbigniew Kosycarz (1925-1995) By\u0142 jedn\u0105 z najpopularniejszych postaci Wybrze\u017ca Gda\u0144skiego. Przyjecha\u0142 do Gda\u0144ska w 1945 roku, zamieszka\u0142 pocz\u0105tkowo w Sopocie, pracowa\u0142 w redakcjach gda\u0144skich gazet i od pierwszych dni tworzy\u0142 fotograficzn\u0105 kronik\u0119 regionu. M\u00f3wiono o nim &#8222;Lataj\u0105cy reporter&#8221;. \u017badne wydarzenie nie mog\u0142o si\u0119 odby\u0107 bez jego udzia\u0142u. Dokumentowa\u0142 nasz\u0105 codzienno\u015b\u0107, nie rozstaj\u0105c si\u0119 z aparatem &hellip;<\/p>\n<p class=\"read-more\"> <a class=\"\" href=\"https:\/\/kfp.pl\/o-firmie\/zbigniew-kosycarz\/\"> <span class=\"screen-reader-text\">Zbigniew Kosycarz<\/span> Read More \u00bb<\/a><\/p>\n","protected":false},"author":1,"featured_media":0,"parent":0,"menu_order":0,"comment_status":"closed","ping_status":"closed","template":"","meta":[],"uagb_featured_image_src":{"full":false,"thumbnail":false,"medium":false,"medium_large":false,"large":false,"1536x1536":false,"2048x2048":false,"woocommerce_thumbnail":false,"woocommerce_single":false,"woocommerce_gallery_thumbnail":false,"shop_catalog":false,"shop_single":false,"shop_thumbnail":false},"uagb_author_info":{"display_name":"portfolio.admin","author_link":"https:\/\/kfp.pl\/o-firmie\/author\/portfolio-admin\/"},"uagb_comment_info":0,"uagb_excerpt":"Zbigniew Kosycarz (1925-1995) By\u0142 jedn\u0105 z najpopularniejszych postaci Wybrze\u017ca Gda\u0144skiego. Przyjecha\u0142 do Gda\u0144ska w 1945 roku, zamieszka\u0142 pocz\u0105tkowo w Sopocie, pracowa\u0142 w redakcjach gda\u0144skich gazet i od pierwszych dni tworzy\u0142 fotograficzn\u0105 kronik\u0119 regionu. M\u00f3wiono o nim &#8222;Lataj\u0105cy reporter&#8221;. \u017badne wydarzenie nie mog\u0142o si\u0119 odby\u0107 bez jego udzia\u0142u. Dokumentowa\u0142 nasz\u0105 codzienno\u015b\u0107, nie rozstaj\u0105c si\u0119 z aparatem&hellip;","_links":{"self":[{"href":"https:\/\/kfp.pl\/o-firmie\/wp-json\/wp\/v2\/pages\/591"}],"collection":[{"href":"https:\/\/kfp.pl\/o-firmie\/wp-json\/wp\/v2\/pages"}],"about":[{"href":"https:\/\/kfp.pl\/o-firmie\/wp-json\/wp\/v2\/types\/page"}],"author":[{"embeddable":true,"href":"https:\/\/kfp.pl\/o-firmie\/wp-json\/wp\/v2\/users\/1"}],"replies":[{"embeddable":true,"href":"https:\/\/kfp.pl\/o-firmie\/wp-json\/wp\/v2\/comments?post=591"}],"version-history":[{"count":13,"href":"https:\/\/kfp.pl\/o-firmie\/wp-json\/wp\/v2\/pages\/591\/revisions"}],"predecessor-version":[{"id":2178,"href":"https:\/\/kfp.pl\/o-firmie\/wp-json\/wp\/v2\/pages\/591\/revisions\/2178"}],"wp:attachment":[{"href":"https:\/\/kfp.pl\/o-firmie\/wp-json\/wp\/v2\/media?parent=591"}],"curies":[{"name":"wp","href":"https:\/\/api.w.org\/{rel}","templated":true}]}}