{"id":63,"date":"2020-05-24T17:54:41","date_gmt":"2020-05-24T15:54:41","guid":{"rendered":"https:\/\/kfp.pl\/o-firmie\/?page_id=63"},"modified":"2024-09-16T09:52:07","modified_gmt":"2024-09-16T07:52:07","slug":"polityka-prywatnosci-2","status":"publish","type":"page","link":"https:\/\/kfp.pl\/o-firmie\/polityka-prywatnosci-2\/","title":{"rendered":"Polityka prywatno\u015bci"},"content":{"rendered":"\t\t<div data-elementor-type=\"wp-page\" data-elementor-id=\"63\" class=\"elementor elementor-63\" data-elementor-settings=\"[]\">\n\t\t\t\t\t\t\t<div class=\"elementor-section-wrap\">\n\t\t\t\t\t\t\t<section class=\"elementor-section elementor-top-section elementor-element elementor-element-7d11424 elementor-section-boxed elementor-section-height-default elementor-section-height-default\" data-id=\"7d11424\" data-element_type=\"section\">\n\t\t\t\t\t\t<div class=\"elementor-container elementor-column-gap-default\">\n\t\t\t\t\t<div class=\"elementor-column elementor-col-100 elementor-top-column elementor-element elementor-element-c35d459\" data-id=\"c35d459\" data-element_type=\"column\">\n\t\t\t<div class=\"elementor-widget-wrap elementor-element-populated\">\n\t\t\t\t\t\t\t\t<div class=\"elementor-element elementor-element-3b870f0 elementor-widget elementor-widget-text-editor\" data-id=\"3b870f0\" data-element_type=\"widget\" data-widget_type=\"text-editor.default\">\n\t\t\t\t<div class=\"elementor-widget-container\">\n\t\t\t\t\t\t\t\t<p><!-- wp:heading --><\/p>\n<div>\n<h1>Polityka prywatno\u015bci<\/h1>\n<\/div>\n<p>Niniejsza strona internetowa (\u201eSerwis\u201d) jest obs\u0142ugiwana przez Kosycarz Foto Press\/KFP z siedzib\u0105 w Gda\u0144sku, ul. Podwale Staromiejskie 89\/8, 80-844 Gda\u0144sk, NIP 5831771702, REGON 521517352 (\u201eAdministrator\u201d).<\/p>\n<p>Polityka prywatno\u015bci okre\u015bla zasady przetwarzania i ochrony danych osobowych U\u017cytkownika oraz zasady przechowywania i dost\u0119pu do informacji na urz\u0105dzeniach U\u017cytkownika za pomoc\u0105 plik\u00f3w Cookies, s\u0142u\u017c\u0105cych realizacji us\u0142ug \u015bwiadczonych drog\u0105 elektroniczn\u0105 przez Administratora.<\/p>\n<p>U\u017cytkownicy mog\u0105 zmieni\u0107 ustawienia dotycz\u0105ce plik\u00f3w Cookies w swoich przegl\u0105darkach internetowych, np. mog\u0105 cz\u0119\u015bciowo ograniczy\u0107 lub ca\u0142kowicie wy\u0142\u0105czy\u0107 mo\u017cliwo\u015b\u0107 zapisywania plik\u00f3w Cookies. W przypadku braku zmiany ustawie\u0144 w powy\u017cszym zakresie, pliki Cookies zostan\u0105 zapisane w pami\u0119ci Urz\u0105dze\u0144. \u00a0Zmiana ustawie\u0144 plik\u00f3w Cookies mo\u017ce ograniczy\u0107 funkcjonalno\u015b\u0107 Serwisu (przyk\u0142adowo w sklepie internetowym niemo\u017cliwym mo\u017ce okaza\u0107 si\u0119 przej\u015bcie \u015bcie\u017cki zam\u00f3wienia poprzez formularz zam\u00f3wienia z uwagi na niezapami\u0119tywanie produkt\u00f3w w koszyku podczas kolejnych krok\u00f3w sk\u0142adania zam\u00f3wienia).<br \/>Prosz\u0119 uwa\u017cnie przeczyta\u0107 niniejsze warunki przed korzystaniem z Serwisu. Korzystaj\u0105c z Serwisu potwierdzaj\u0105 Pa\u0144stwo akceptacj\u0119 niniejszych warunk\u00f3w bez wzgl\u0119du na to, czy zdecyduj\u0105 si\u0119 Pa\u0144stwo na zarejestrowanie w Serwisie Administratora.<br \/>W przypadku jakichkolwiek pyta\u0144, uwag oraz wniosk\u00f3w dotycz\u0105cych niniejszej polityki ochrony prywatno\u015bci i plik\u00f3w Cookies, prosimy o skontaktowanie si\u0119 z nami pod nast\u0119puj\u0105cym adresem<span style=\"text-decoration: underline;\">\u00a0<a href=\"mailto:foto@kfp.com.pl\">foto@kfp.com.pl<\/a><\/span><\/p>\n<h3>\u00a71. Definicje<\/h3>\n<p>1.\u00a0Administrator\u00a0&#8211; oznacza Kosycarz Foto Press\/KFP z\u00a0siedzib\u0105 w\u00a0Gda\u0144sku, ul.\u00a0Podwale Staromiejskie 89\/8, 80-844 Gda\u0144sk, NIP 584-00-05-060, REGON 190501980, kt\u00f3ry \u015bwiadczy us\u0142ugi drog\u0105 elektroniczn\u0105, przechowuje i uzyskuje dost\u0119p do informacji w urz\u0105dzeniach U\u017cytkownika przetwarza dane osobowe dotycz\u0105ce U\u017cytkownika pozyskane m.in. za po\u015brednictwem Serwisu. <br \/>2.\u00a0Cookies\u00a0&#8211; oznacza dane informatyczne, w szczeg\u00f3lno\u015bci niewielkie pliki tekstowe, zapisywane <br \/>i przechowywane na urz\u0105dzeniach, za po\u015brednictwem kt\u00f3rych U\u017cytkownik korzysta ze stron internetowych Serwisu.<br \/>3.\u00a0Cookies Administratora\u00a0&#8211; oznacza Cookies zamieszczane przez Administratora, zwi\u0105zane ze \u015bwiadczeniem us\u0142ug drog\u0105 elektroniczn\u0105 przez Administratora za po\u015brednictwem Serwisu.<br \/>4.\u00a0Cookies Zewn\u0119trzne\u00a0&#8211; oznacza Cookies zamieszczane przez partner\u00f3w Administratora, za po\u015brednictwem strony internetowej Serwisu.<br \/>5.\u00a0Serwis\u00a0&#8211; oznacza stron\u0119 internetow\u0105 lub aplikacj\u0119, pod kt\u00f3r\u0105 Administrator prowadzi serwis internetowy, dzia\u0142aj\u0105c\u0105(y) w domenie(ach): www.denicler.eu.<br \/>6.\u00a0Urz\u0105dzenie\u00a0&#8211; oznacza elektroniczne urz\u0105dzenie, za po\u015brednictwem kt\u00f3rego U\u017cytkownik uzyskuje dost\u0119p do Serwisu.<br \/>7.\u00a0U\u017cytkownik\u00a0&#8211; oznacza podmiot, na rzecz kt\u00f3rego zgodnie z Regulaminem i przepisami prawa mog\u0105 by\u0107 \u015bwiadczone us\u0142ugi drog\u0105 elektroniczn\u0105 lub z kt\u00f3rym zawarta mo\u017ce by\u0107 Umowa o \u015bwiadczenie us\u0142ug drog\u0105 elektroniczn\u0105.<\/p>\n<h3>\u00a72. Przewarzanie i ochrona danych osobowych<\/h3>\n<p>1. Administratorem danych osobowych U\u017cytkownika jest Administrator, tj. Kosycarz Foto Press\/KFP z\u00a0siedzib\u0105 w\u00a0Gda\u0144sku.<br \/>2. Administrator dok\u0142ada wszelkich stara\u0144 w celu poszanowania prywatno\u015bci i zapewnienia bezpiecze\u0144stwa danym osobowym U\u017cytkownika, pozyskanym za po\u015brednictwem Serwisu.<br \/>3. Administrator, jako administrator danych osobowych w rozumieniu Rozporz\u0105dzenia Parlamentu Europejskiego i Rady (UE) 2016\/679 w sprawie ochrony os\u00f3b fizycznych w zwi\u0105zku z przetwarzaniem danych osobowych i w sprawie swobodnego przep\u0142ywu takich danych oraz uchylenia dyrektywy 95\/46\/WE (og\u00f3lne rozporz\u0105dzenie o ochronie danych osobowych) (\u201eRozporz\u0105dzenie\u201d), jest podmiotem odpowiedzialnym za wszelkie dane osobowe przekazane Administratorowi przez U\u017cytkownika lub pozyskane m.in. za po\u015brednictwem Serwisu.<br \/>4. Przetwarzanie danych osobowych U\u017cytkownik\u00f3w odbywa si\u0119 zgodnie z Rozporz\u0105dzeniem, ustaw\u0105 o ochronie danych osobowych, ustaw\u0105 o \u015bwiadczeniu us\u0142ug drog\u0105 elektroniczn\u0105 oraz Prawem telekomunikacyjnym.<br \/>5.\u00a0Dane osobowe U\u017cytkownik\u00f3w przetwarzane b\u0119d\u0105 przez Administratora w celach zwi\u0105zanych z korzystaniem z Serwisu, w celach wynikaj\u0105cych z prawnie uzasadnionych interes\u00f3w realizowanych przez Administratora, a tak\u017ce na podstawie zgody U\u017cytkownika &#8211; w celach zgodnych z tre\u015bci\u0105 udzielonej zgody (w tym na przyk\u0142ad w celach handlowych i marketingowych oraz wysy\u0142ki newslettera).<br \/>6.\u00a0Podane dane b\u0119d\u0105 przetwarzane na podstawie art. 6 ust. 1 lit. a), b) i f) Rozporz\u0105dzenia.<br \/>7.\u00a0Podanie danych osobowych przez U\u017cytkownika jest dobrowolne, lecz niezb\u0119dne do korzystania z niekt\u00f3rych funkcjonalno\u015bci Serwisu. Brak podania danych osobowych uniemo\u017cliwia korzystanie z niekt\u00f3rych funkcjonalno\u015bci Serwisu.<br \/>8.\u00a0Dane osobowe przetwarzane s\u0105 na podstawie zgody uzyskanej od osoby, kt\u00f3rej dane dotycz\u0105.<br \/>9.\u00a0U\u017cytkownikowi przys\u0142uguje prawo \u017c\u0105dania od Administratora dost\u0119pu do danych osobowych go dotycz\u0105cych, prawo ich sprostowania, usuni\u0119cia lub ograniczenia przetwarzania.<br \/>10.\u00a0U\u017cytkownikowi przys\u0142uguje prawo do cofni\u0119cia zgody na przetwarzanie danych osobowych w dowolnym momencie bez wp\u0142ywu na zgodno\u015b\u0107 z prawem przetwarzania, kt\u00f3rego dokonano na podstawie zgody przed jej cofni\u0119ciem. W tym celu nale\u017cy zmieni\u0107 ustawienia przegl\u0105darki internetowych, poprzez ograniczenie lub ca\u0142kowite wy\u0142\u0105czenie mo\u017cliwo\u015bci zapisywania plik\u00f3w Cookies.<br \/>11.\u00a0Dane osobowe b\u0119d\u0105 przechowywane do czasu cofni\u0119cia zgody na ich przetwarzanie przez U\u017cytkownika, a w zakresie przetwarzania danych osobowych U\u017cytkownika w prawnie uzasadnionych celach Administratora \u2013 na czas zgodny z przepisami prawa.<br \/>12.\u00a0U\u017cytkownikowi przys\u0142uguje prawo wniesienia skargi do Prezesa Urz\u0119du Ochrony Danych Osobowych (a przed utworzeniem tego Urz\u0119du do Generalnego Inspektora Ochrony Danych Osobowych) gdy uzna, \u017ce przetwarzanie dotycz\u0105cych go danych osobowych narusza przepisy prawa.<br \/>13.\u00a0Dane osobowe U\u017cytkownika nie podlegaj\u0105 zautomatyzowanemu podejmowaniu decyzji, w tym profilowaniu.<\/p>\n<h3>\u00a73. Rodzaje wykorzystywanych Cookies<\/h3>\n<p>1. Stosowane przez Administratora Cookies s\u0105 bezpieczne dla Urz\u0105dzenia U\u017cytkownika. W szczeg\u00f3lno\u015bci t\u0105 drog\u0105 nie jest mo\u017cliwe przedostanie si\u0119 do Urz\u0105dze\u0144 U\u017cytkownik\u00f3w wirus\u00f3w lub innego niechcianego oprogramowania lub oprogramowania z\u0142o\u015bliwego. Pliki te pozwalaj\u0105 zidentyfikowa\u0107 oprogramowanie wykorzystywane przez U\u017cytkownika i dostosowa\u0107 Serwis indywidualnie ka\u017cdemu U\u017cytkownikowi. Cookies zazwyczaj zawieraj\u0105 nazw\u0119 domeny z kt\u00f3rej pochodz\u0105, czas przechowywania ich na Urz\u0105dzeniu oraz przypisan\u0105 warto\u015b\u0107.<br \/>2. Administrator wykorzystuje dwa typy plik\u00f3w Cookies:<br \/>a) Cookies sesyjne: s\u0105 przechowywane na Urz\u0105dzeniu U\u017cytkownika i pozostaj\u0105 tam do momentu zako\u0144czenia sesji danej przegl\u0105darki. Zapisane informacje s\u0105 w\u00f3wczas trwale usuwane z pami\u0119ci Urz\u0105dzenia. Mechanizm Cookies sesyjnych nie pozwala na pobieranie jakichkolwiek danych osobowych ani \u017cadnych informacji poufnych z Urz\u0105dzenia U\u017cytkownika;<br \/>b) Cookies trwa\u0142e: s\u0105 przechowywane na Urz\u0105dzeniu U\u017cytkownika i pozostaj\u0105 tam do momentu ich skasowania. Zako\u0144czenie sesji danej przegl\u0105darki lub wy\u0142\u0105czenie Urz\u0105dzenia nie powoduje ich usuni\u0119cia z Urz\u0105dzenia U\u017cytkownika. Mechanizm Cookies trwa\u0142ych nie pozwala na pobieranie jakichkolwiek danych osobowych ani \u017cadnych informacji poufnych z Urz\u0105dzenia U\u017cytkownika.<br \/>3. U\u017cytkownik ma mo\u017cliwo\u015b\u0107 ograniczenia lub wy\u0142\u0105czenia dost\u0119pu plik\u00f3w Cookies do swojego Urz\u0105dzenia. W przypadku skorzystania z tej opcji korzystanie ze Serwisu b\u0119dzie mo\u017cliwe, poza funkcjami, kt\u00f3re ze swojej natury wymagaj\u0105 plik\u00f3w Cookies.<\/p>\n<h3>\u00a74. Cele w jakich wykorzystywane s\u0105 Cookies<\/h3>\n<p>1. Administrator wykorzystuje Cookies W\u0142asne w nast\u0119puj\u0105cych celach:<br \/>a) konfiguracji Serwisu &#8211; dostosowania zawarto\u015bci stron internetowych Serwisu do preferencji U\u017cytkownika oraz optymalizacji korzystania ze stron internetowych Serwisu;<br \/>b) analiz i bada\u0144 oraz audytu ogl\u0105dalno\u015bci \u2013 zbierania og\u00f3lnych i anonimowych danych statycznych, tworzenia anonimowych statystyk za po\u015brednictwem narz\u0119dzi analitycznych, kt\u00f3re pomagaj\u0105 zrozumie\u0107, w jaki spos\u00f3b U\u017cytkownicy Serwisu korzystaj\u0105 ze stron internetowych Serwisu, co umo\u017cliwia ulepszanie ich struktury i zawarto\u015bci;<br \/>c) \u015bwiadczenia us\u0142ug reklamowych \u2013 prezentowania przekaz\u00f3w reklamowych dostosowanych do preferencji U\u017cytkownika;<\/p>\n<p>2. Administrator us\u0142ugi wykorzystuje Cookies Zewn\u0119trzne w nast\u0119puj\u0105cych celach:<br \/>a) analiz i bada\u0144 oraz audytu ogl\u0105dalno\u015bci &#8211; zbierania og\u00f3lnych i anonimowych danych statycznych za po\u015brednictwem narz\u0119dzi analitycznych Google Analitycs \u2013 administrator Cookies: Google Inc. z\/s w USA;<br \/>b) \u015bwiadczenia us\u0142ug reklamowych \u2013 prezentowania przekaz\u00f3w reklamowych dostosowanych do preferencji U\u017cytkownika z wykorzystaniem narz\u0119dzi analitycznych Google Adwords \u2013 administrator Cookies: Google Inc. z\/s w USA,<\/p>\n<h3>\u00a75. Mo\u017cliwo\u015bci okre\u015blenia warunk\u00f3w przechowywania lub uzyskiwania dost\u0119pu przez Cookies<\/h3>\n<p>1. U\u017cytkownik mo\u017ce samodzielnie i w ka\u017cdym czasie zmieni\u0107 ustawienia dotycz\u0105ce plik\u00f3w Cookies, okre\u015blaj\u0105c warunki ich przechowywania i uzyskiwania dost\u0119pu przez pliki Cookies do Urz\u0105dzenia U\u017cytkownika. Zmiany ustawie\u0144, o kt\u00f3rych mowa w zdaniu poprzednim, U\u017cytkownik mo\u017ce dokona\u0107 za pomoc\u0105 ustawie\u0144 przegl\u0105darki internetowej lub za pomoc\u0105 konfiguracji us\u0142ugi. Ustawienia te mog\u0105 zosta\u0107 zmienione w szczeg\u00f3lno\u015bci w taki spos\u00f3b, aby blokowa\u0107 automatyczn\u0105 obs\u0142ug\u0119 plik\u00f3w Cookies w ustawieniach przegl\u0105darki internetowej b\u0105d\u017a informowa\u0107 o ich ka\u017cdorazowym zamieszczeniu Cookies na urz\u0105dzeniu U\u017cytkownika. Szczeg\u00f3\u0142owe informacje o mo\u017cliwo\u015bci i sposobach obs\u0142ugi plik\u00f3w cookies dost\u0119pne s\u0105 w ustawieniach oprogramowania (przegl\u0105darki internetowej).<br \/>2. U\u017cytkownik mo\u017ce w ka\u017cdej chwili usun\u0105\u0107 pliki Cookies korzystaj\u0105c z dost\u0119pnych funkcji w przegl\u0105darce internetowej, kt\u00f3rej u\u017cywa.<br \/>3. Ograniczenie stosowania plik\u00f3w Cookies, mo\u017ce wp\u0142yn\u0105\u0107 na niekt\u00f3re funkcjonalno\u015bci dost\u0119pne na stronie internetowej Serwisu.<\/p>\n<h3>\u00a76. Zmiany polityki ochrony prywatno\u015bci i plik\u00f3w Cookies<\/h3>\n<p>Wszelkie zmiany dotycz\u0105ce polityki ochrony prywatno\u015bci i plik\u00f3w Cookies b\u0119d\u0105 udost\u0119pniane na niniejszej stronie.<\/p>\n<p>\u00a0<\/p>\n<h1>KLAUZULA Z WYKONANIEM OBOWI\u0104ZKU INFORMACYJNEGO NEWSLETTER \/ FORMULARZ KONTAKTOWY<\/h1>\n<p>Administratorem danych osobowych przetwarzanych w celach zwi\u0105zanych z obs\u0142ug\u0105 wysy\u0142ki newslettera jest: Kosycarz Foto Press\/KFP z siedzib\u0105 w Gda\u0144sku, ul. Podwale Staromiejskie 89\/8, 80-844 Gda\u0144sk (dalej: \u201eAdministrator\u201d).\u00a0 Administrator informuje, \u017ce:<br \/><br \/>1. Pani\/Pana dane osobowe pozyskane przez Administratora przetwarzane b\u0119d\u0105 w celu udzielenia odpowiedzi na email przes\u0142any przez formularz kontaktowy;<br \/>2. Podane dane b\u0119d\u0105 przetwarzane na podstawie art. 6 ust. 1 lit. a) Rozporz\u0105dzenia Parlamentu Europejskiego i Rady (UE) 2016\/679 w sprawie ochrony os\u00f3b fizycznych w zwi\u0105zku z przetwarzaniem danych osobowych i w sprawie swobodnego przep\u0142ywu takich danych oraz uchylenia dyrektywy 95\/46\/WE (og\u00f3lne rozporz\u0105dzenie o ochronie danych osobowych) (\u201eRozporz\u0105dzenie\u201d);<br \/>3. Dane osobowe przetwarzane do celu obs\u0142ugi zapytania b\u0119d\u0105 przechowywane przez okres trwania korespondencji uzasadniony rodzajem zapytania (jednak nie d\u0142u\u017cej ni\u017c przez okres 6 miesi\u0119cy od daty zako\u0144czenia korespondencji), ewentualnie do czasu wcze\u015bniejszego odwo\u0142ania zgody na przetwarzanie;<br \/>4. Przys\u0142uguje Panu\/Pani prawo \u017c\u0105dania od Administratora dost\u0119pu do danych osobowych dotycz\u0105cych Pana\/Pani osoby, ich sprostowania, usuni\u0119cia lub ograniczenia przetwarzania;<br \/>5. Przys\u0142uguje Panu\/Pani prawo do cofni\u0119cia zgody w dowolnym momencie bez wp\u0142ywu na zgodno\u015b\u0107 z prawem przetwarzania, kt\u00f3rego dokonano na podstawie zgody przed jej cofni\u0119ciem;<br \/>6. Przys\u0142uguje Panu \/ Pani prawo wniesienia skargi do Prezesa Urz\u0119du Ochrony Danych Osobowych gdy uzna Pan \/ Pani, i\u017c przetwarzanie dotycz\u0105cych Pana \/ Pani danych osobowych narusza przepisy Rozporz\u0105dzenia;<br \/>7. Dane osobowe pochodz\u0105 od osoby, kt\u00f3rych dane te dotycz\u0105;<br \/>8. Podanie danych jest dobrowolne, lecz niezb\u0119dne do otrzymywania odpowiedzi na wiadomo\u015b\u0107 przes\u0142an\u0105 przez formularz kontaktowy, brak podania danych osobowych uniemo\u017cliwia otrzymywanie odpowiedzi;<\/p>\n<p><!-- \/wp:heading --><\/p>\t\t\t\t\t\t<\/div>\n\t\t\t\t<\/div>\n\t\t\t\t\t<\/div>\n\t\t<\/div>\n\t\t\t\t\t\t\t<\/div>\n\t\t<\/section>\n\t\t\t\t\t\t<\/div>\n\t\t\t\t\t<\/div>\n\t\t","protected":false},"excerpt":{"rendered":"<p>Polityka prywatno\u015bci Niniejsza strona internetowa (\u201eSerwis\u201d) jest obs\u0142ugiwana przez Kosycarz Foto Press\/KFP z siedzib\u0105 w Gda\u0144sku, ul. Podwale Staromiejskie 89\/8, 80-844 Gda\u0144sk, NIP 5831771702, REGON 521517352 (\u201eAdministrator\u201d). Polityka prywatno\u015bci okre\u015bla zasady przetwarzania i ochrony danych osobowych U\u017cytkownika oraz zasady przechowywania i dost\u0119pu do informacji na urz\u0105dzeniach U\u017cytkownika za pomoc\u0105 plik\u00f3w Cookies, s\u0142u\u017c\u0105cych realizacji us\u0142ug \u015bwiadczonych &hellip;<\/p>\n<p class=\"read-more\"> <a class=\"\" href=\"https:\/\/kfp.pl\/o-firmie\/polityka-prywatnosci-2\/\"> <span class=\"screen-reader-text\">Polityka prywatno\u015bci<\/span> Read More \u00bb<\/a><\/p>\n","protected":false},"author":1,"featured_media":0,"parent":0,"menu_order":0,"comment_status":"closed","ping_status":"closed","template":"","meta":[],"uagb_featured_image_src":{"full":false,"thumbnail":false,"medium":false,"medium_large":false,"large":false,"1536x1536":false,"2048x2048":false,"woocommerce_thumbnail":false,"woocommerce_single":false,"woocommerce_gallery_thumbnail":false,"shop_catalog":false,"shop_single":false,"shop_thumbnail":false},"uagb_author_info":{"display_name":"portfolio.admin","author_link":"https:\/\/kfp.pl\/o-firmie\/author\/portfolio-admin\/"},"uagb_comment_info":0,"uagb_excerpt":"Polityka prywatno\u015bci Niniejsza strona internetowa (\u201eSerwis\u201d) jest obs\u0142ugiwana przez Kosycarz Foto Press\/KFP z siedzib\u0105 w Gda\u0144sku, ul. Podwale Staromiejskie 89\/8, 80-844 Gda\u0144sk, NIP 5831771702, REGON 521517352 (\u201eAdministrator\u201d). Polityka prywatno\u015bci okre\u015bla zasady przetwarzania i ochrony danych osobowych U\u017cytkownika oraz zasady przechowywania i dost\u0119pu do informacji na urz\u0105dzeniach U\u017cytkownika za pomoc\u0105 plik\u00f3w Cookies, s\u0142u\u017c\u0105cych realizacji us\u0142ug \u015bwiadczonych&hellip;","_links":{"self":[{"href":"https:\/\/kfp.pl\/o-firmie\/wp-json\/wp\/v2\/pages\/63"}],"collection":[{"href":"https:\/\/kfp.pl\/o-firmie\/wp-json\/wp\/v2\/pages"}],"about":[{"href":"https:\/\/kfp.pl\/o-firmie\/wp-json\/wp\/v2\/types\/page"}],"author":[{"embeddable":true,"href":"https:\/\/kfp.pl\/o-firmie\/wp-json\/wp\/v2\/users\/1"}],"replies":[{"embeddable":true,"href":"https:\/\/kfp.pl\/o-firmie\/wp-json\/wp\/v2\/comments?post=63"}],"version-history":[{"count":8,"href":"https:\/\/kfp.pl\/o-firmie\/wp-json\/wp\/v2\/pages\/63\/revisions"}],"predecessor-version":[{"id":2275,"href":"https:\/\/kfp.pl\/o-firmie\/wp-json\/wp\/v2\/pages\/63\/revisions\/2275"}],"wp:attachment":[{"href":"https:\/\/kfp.pl\/o-firmie\/wp-json\/wp\/v2\/media?parent=63"}],"curies":[{"name":"wp","href":"https:\/\/api.w.org\/{rel}","templated":true}]}}